{"id":5940,"date":"2024-08-07T19:07:04","date_gmt":"2024-08-07T17:07:04","guid":{"rendered":"https:\/\/staging.pt\/bouchedev\/rehabilitation-esthetique\/"},"modified":"2026-01-28T15:31:56","modified_gmt":"2026-01-28T13:31:56","slug":"rehabilitation-esthetique","status":"publish","type":"page","link":"https:\/\/bouchedentalgroup.lu\/fr\/rehabilitation-esthetique\/","title":{"rendered":"R\u00e9habilitation Esth\u00e9tique"},"content":{"rendered":"\t\t<div data-elementor-type=\"wp-page\" data-elementor-id=\"5940\" class=\"elementor elementor-5940 elementor-2484\" data-elementor-post-type=\"page\">\n\t\t\t\t<div class=\"elementor-element elementor-element-ecb0a2e e-flex e-con-boxed e-con e-parent\" data-id=\"ecb0a2e\" data-element_type=\"container\" data-settings=\"{&quot;background_background&quot;:&quot;classic&quot;}\">\n\t\t\t\t\t<div class=\"e-con-inner\">\n\t\t\t\t\t<\/div>\n\t\t\t\t<\/div>\n\t\t<div class=\"elementor-element elementor-element-13e2390 e-flex e-con-boxed e-con e-parent\" data-id=\"13e2390\" data-element_type=\"container\">\n\t\t\t\t\t<div class=\"e-con-inner\">\n\t\t\t\t<div class=\"elementor-element elementor-element-ef090b0 elementor-widget elementor-widget-heading\" data-id=\"ef090b0\" data-element_type=\"widget\" data-widget_type=\"heading.default\">\n\t\t\t\t<div class=\"elementor-widget-container\">\n\t\t\t\t\t<h2 class=\"elementor-heading-title elementor-size-default\">R\u00e9habilitation Esth\u00e9tique<\/h2>\t\t\t\t<\/div>\n\t\t\t\t<\/div>\n\t\t\t\t<div class=\"elementor-element elementor-element-6559693 elementor-widget__width-initial elementor-widget-divider--view-line elementor-widget elementor-widget-divider\" data-id=\"6559693\" data-element_type=\"widget\" data-widget_type=\"divider.default\">\n\t\t\t\t<div class=\"elementor-widget-container\">\n\t\t\t\t\t\t\t<div class=\"elementor-divider\">\n\t\t\t<span class=\"elementor-divider-separator\">\n\t\t\t\t\t\t<\/span>\n\t\t<\/div>\n\t\t\t\t\t\t<\/div>\n\t\t\t\t<\/div>\n\t\t\t\t<div class=\"elementor-element elementor-element-3888ad4 elementor-widget elementor-widget-heading\" data-id=\"3888ad4\" data-element_type=\"widget\" data-widget_type=\"heading.default\">\n\t\t\t\t<div class=\"elementor-widget-container\">\n\t\t\t\t\t<h2 class=\"elementor-heading-title elementor-size-default\">En quoi consiste une r\u00e9habilitation esth\u00e9tique compl\u00e8te et que devons-nous prendre en compte?<\/h2>\t\t\t\t<\/div>\n\t\t\t\t<\/div>\n\t\t\t\t<div class=\"elementor-element elementor-element-39afc56 elementor-widget__width-initial elementor-widget elementor-widget-text-editor\" data-id=\"39afc56\" data-element_type=\"widget\" data-widget_type=\"text-editor.default\">\n\t\t\t\t<div class=\"elementor-widget-container\">\n\t\t\t\t\t\t\t\t\t<p>La r\u00e9habilitation esth\u00e9tique est une branche de la m\u00e9decine dentaire qui repose sur le diagnostic, la planification et la mise en \u0153uvre de traitements dentaires adapt\u00e9s pour r\u00e9habiliter l\u2019ensemble de la bouche en mauvais \u00e9tat, en restaurant la fonction et l\u2019esth\u00e9tique afin de mener une vie normale et am\u00e9lior\u00e9e.<\/p><p>Dans de nombreux cas, afin de restaurer pleinement l\u2019esth\u00e9tique, il est n\u00e9cessaire de r\u00e9aliser un traitement multidisciplinaire, c\u2019est-\u00e0-dire un traitement impliquant l\u2019intervention de diverses sp\u00e9cialit\u00e9s dentaires pour obtenir un succ\u00e8s optimal. Parmi les sp\u00e9cialistes impliqu\u00e9s dans une r\u00e9habilitation esth\u00e9tique totale, on retrouve le sp\u00e9cialiste en dentisterie esth\u00e9tique, l\u2019orthodontiste, le parodontologue ou encore le chirurgien-dentiste. <\/p><p>Les personnes qui ont g\u00e9n\u00e9ralement recours \u00e0 une r\u00e9habilitation esth\u00e9tique totale sont celles souffrant de pathologies buccales affectant la zone ant\u00e9rieure, telles que les caries ou les maladies parodontales, la perte de certaines dents dans cette partie de la cavit\u00e9 buccale ou encore certaines habitudes pathologiques comme le bruxisme, entra\u00eenant une usure dentaire notable.<\/p>\t\t\t\t\t\t\t\t<\/div>\n\t\t\t\t<\/div>\n\t\t\t\t<div class=\"elementor-element elementor-element-c248af7 elementor-widget elementor-widget-spacer\" data-id=\"c248af7\" data-element_type=\"widget\" data-widget_type=\"spacer.default\">\n\t\t\t\t<div class=\"elementor-widget-container\">\n\t\t\t\t\t\t\t<div class=\"elementor-spacer\">\n\t\t\t<div class=\"elementor-spacer-inner\"><\/div>\n\t\t<\/div>\n\t\t\t\t\t\t<\/div>\n\t\t\t\t<\/div>\n\t\t\t\t<div class=\"elementor-element elementor-element-4479b2c elementor-align-center elementor-widget elementor-widget-button\" data-id=\"4479b2c\" data-element_type=\"widget\" data-widget_type=\"button.default\">\n\t\t\t\t<div class=\"elementor-widget-container\">\n\t\t\t\t\t\t\t\t\t<div class=\"elementor-button-wrapper\">\n\t\t\t\t\t<a class=\"elementor-button elementor-button-link elementor-size-sm\" href=\"#footer_contactos\">\n\t\t\t\t\t\t<span class=\"elementor-button-content-wrapper\">\n\t\t\t\t\t\t\t\t\t<span class=\"elementor-button-text\">Prendre Un Rendez-vous<\/span>\n\t\t\t\t\t<\/span>\n\t\t\t\t\t<\/a>\n\t\t\t\t<\/div>\n\t\t\t\t\t\t\t\t<\/div>\n\t\t\t\t<\/div>\n\t\t\t\t\t<\/div>\n\t\t\t\t<\/div>\n\t\t<div class=\"elementor-element elementor-element-4cad421 e-flex e-con-boxed e-con e-parent\" data-id=\"4cad421\" data-element_type=\"container\" data-settings=\"{&quot;background_background&quot;:&quot;classic&quot;}\">\n\t\t\t\t\t<div class=\"e-con-inner\">\n\t\t\t\t\t<\/div>\n\t\t\t\t<\/div>\n\t\t<div class=\"elementor-element elementor-element-d1fef19 e-flex e-con-boxed e-con e-parent\" data-id=\"d1fef19\" data-element_type=\"container\">\n\t\t\t\t\t<div class=\"e-con-inner\">\n\t\t<div class=\"elementor-element elementor-element-1487996 e-con-full e-flex e-con e-child\" data-id=\"1487996\" data-element_type=\"container\">\n\t\t\t\t<div class=\"elementor-element elementor-element-0939939 elementor-widget__width-initial elementor-widget elementor-widget-text-editor\" data-id=\"0939939\" data-element_type=\"widget\" data-widget_type=\"text-editor.default\">\n\t\t\t\t<div class=\"elementor-widget-container\">\n\t\t\t\t\t\t\t\t\t<p>L\u2019usure dentaire pathologique est l\u2019un des signes les plus fr\u00e9quemment observ\u00e9s au quotidien. Le bruxisme est une parafonction caus\u00e9e par de multiples facteurs qui entra\u00eenent une attrition pathologique ou une usure des dents. <\/p><p>Cette pathologie peut \u00eatre centrique ou excentrique, diurne ou nocturne. Si l\u2019usure affecte la zone ant\u00e9rieure des dents, elle peut compromettre le sourire et donner un effet de vieillissement. De plus, elle peut entra\u00eener une perte de l\u2019orientation ant\u00e9rieure, de l\u2019orientation canine, ainsi qu\u2019une alt\u00e9ration des fonctions de mastication et de phonation.  <\/p><p>Pour une r\u00e9habilitation ad\u00e9quate, une planification minutieuse du cas est essentielle. Un historique m\u00e9dical complet de chaque patient doit \u00eatre \u00e9tabli au pr\u00e9alable afin d\u2019exclure toute pathologie ou, si elle est pr\u00e9sente, de la contr\u00f4ler. De plus, les m\u00e9dicaments et les habitudes toxicologiques de chaque individu sont des \u00e9l\u00e9ments essentiels en dentisterie.  <\/p>\t\t\t\t\t\t\t\t<\/div>\n\t\t\t\t<\/div>\n\t\t\t\t<div class=\"elementor-element elementor-element-7a3a854 elementor-widget elementor-widget-spacer\" data-id=\"7a3a854\" data-element_type=\"widget\" data-widget_type=\"spacer.default\">\n\t\t\t\t<div class=\"elementor-widget-container\">\n\t\t\t\t\t\t\t<div class=\"elementor-spacer\">\n\t\t\t<div class=\"elementor-spacer-inner\"><\/div>\n\t\t<\/div>\n\t\t\t\t\t\t<\/div>\n\t\t\t\t<\/div>\n\t\t\t\t<div class=\"elementor-element elementor-element-c5eb8b4 elementor-mobile-align-center elementor-widget elementor-widget-button\" data-id=\"c5eb8b4\" data-element_type=\"widget\" data-widget_type=\"button.default\">\n\t\t\t\t<div class=\"elementor-widget-container\">\n\t\t\t\t\t\t\t\t\t<div class=\"elementor-button-wrapper\">\n\t\t\t\t\t<a class=\"elementor-button elementor-button-link elementor-size-sm\" href=\"#footer_contactos\">\n\t\t\t\t\t\t<span class=\"elementor-button-content-wrapper\">\n\t\t\t\t\t\t\t\t\t<span class=\"elementor-button-text\">Prendre Un Rendez-vous<\/span>\n\t\t\t\t\t<\/span>\n\t\t\t\t\t<\/a>\n\t\t\t\t<\/div>\n\t\t\t\t\t\t\t\t<\/div>\n\t\t\t\t<\/div>\n\t\t\t\t<\/div>\n\t\t\t\t\t<\/div>\n\t\t\t\t<\/div>\n\t\t<div class=\"elementor-element elementor-element-591bf90 e-flex e-con-boxed e-con e-parent\" data-id=\"591bf90\" data-element_type=\"container\">\n\t\t\t\t\t<div class=\"e-con-inner\">\n\t\t<div class=\"elementor-element elementor-element-3bec656 e-con-full e-flex e-con e-child\" data-id=\"3bec656\" data-element_type=\"container\">\n\t\t\t\t<div class=\"elementor-element elementor-element-cf48bb5 elementor-widget elementor-widget-image\" data-id=\"cf48bb5\" data-element_type=\"widget\" data-widget_type=\"image.default\">\n\t\t\t\t<div class=\"elementor-widget-container\">\n\t\t\t\t\t\t\t\t\t\t\t\t\t\t\t<img loading=\"lazy\" decoding=\"async\" width=\"681\" height=\"1024\" src=\"https:\/\/bouchedentalgroup.lu\/wp-content\/uploads\/2026\/01\/DSC_2673-edit-681x1024.webp\" class=\"attachment-large size-large wp-image-16389\" alt=\"Paiement Direct Imm\u00e9diat\" srcset=\"https:\/\/bouchedentalgroup.lu\/wp-content\/uploads\/2026\/01\/DSC_2673-edit-681x1024.webp 681w, https:\/\/bouchedentalgroup.lu\/wp-content\/uploads\/2026\/01\/DSC_2673-edit-200x300.webp 200w, https:\/\/bouchedentalgroup.lu\/wp-content\/uploads\/2026\/01\/DSC_2673-edit-768x1155.webp 768w, https:\/\/bouchedentalgroup.lu\/wp-content\/uploads\/2026\/01\/DSC_2673-edit-1022x1536.webp 1022w, https:\/\/bouchedentalgroup.lu\/wp-content\/uploads\/2026\/01\/DSC_2673-edit.webp 1200w\" sizes=\"auto, (max-width: 681px) 100vw, 681px\" \/>\t\t\t\t\t\t\t\t\t\t\t\t\t\t\t<\/div>\n\t\t\t\t<\/div>\n\t\t\t\t<\/div>\n\t\t<div class=\"elementor-element elementor-element-1bf343d e-con-full e-flex e-con e-child\" data-id=\"1bf343d\" data-element_type=\"container\">\n\t\t\t\t<div class=\"elementor-element elementor-element-547f29e elementor-widget__width-initial elementor-widget elementor-widget-text-editor\" data-id=\"547f29e\" data-element_type=\"widget\" data-widget_type=\"text-editor.default\">\n\t\t\t\t<div class=\"elementor-widget-container\">\n\t\t\t\t\t\t\t\t\t<p>Ces informations sont recueillies lors de la premi\u00e8re visite avec le sp\u00e9cialiste. De plus, un examen clinique extra-oral et intra-oral est \u00e9galement r\u00e9alis\u00e9 au cours de cette visite afin d\u2019\u00e9valuer le cas et d\u2019\u00e9tablir un diagnostic. <\/p><p>Une fois le diagnostic pos\u00e9, un plan de traitement est \u00e9labor\u00e9 en concertation avec les diff\u00e9rents sp\u00e9cialistes qui doivent intervenir dans le cas, permettant ainsi d&rsquo;obtenir un plan de traitement d\u00e9finitif et d\u2019\u00e9tablir une s\u00e9quence des \u00e9tapes du traitement ainsi que le temps n\u00e9cessaire pour chaque phase.<\/p><p>La premi\u00e8re \u00e9tape de la r\u00e9habilitation esth\u00e9tique totale consiste \u00e0 prendre plusieurs photographies extra-orales et intra-orales, accompagn\u00e9es de mesures de la bouche qui serviront \u00e0 analyser et \u00e0 concevoir correctement la zone esth\u00e9tique directement sur un programme informatis\u00e9, en r\u00e9alisant un dessin num\u00e9rique du sourire.<\/p><p>Apr\u00e8s ce premier contact, tous les traitements doivent \u00eatre r\u00e9alis\u00e9s sur une bouche totalement saine. Autrement dit, il est n\u00e9cessaire de garantir pr\u00e9alablement la sant\u00e9 totale de tous les tissus dentaires gr\u00e2ce \u00e0 un traitement parodontal ad\u00e9quat et n\u00e9cessaire, ainsi qu\u2019au traitement de toute pathologie pr\u00e9sente (caries, parodontite, entre autres). Ensuite, si un probl\u00e8me d\u2019alignement dentaire ou de malocclusion est d\u00e9tect\u00e9, un traitement orthodontique est mis en place. Gr\u00e2ce \u00e0 cela, les dents retrouvent leur position correcte, am\u00e9liorant ainsi l\u2019esth\u00e9tique et la fonction buccale. Si n\u00e9cessaire, des implants dentaires sont pos\u00e9s une fois le traitement orthodontique termin\u00e9 ou dans la phase finale du traitement.   <\/p>\t\t\t\t\t\t\t\t<\/div>\n\t\t\t\t<\/div>\n\t\t\t\t<\/div>\n\t\t\t\t\t<\/div>\n\t\t\t\t<\/div>\n\t\t<div class=\"elementor-element elementor-element-99384d9 e-flex e-con-boxed e-con e-parent\" data-id=\"99384d9\" data-element_type=\"container\">\n\t\t\t\t\t<div class=\"e-con-inner\">\n\t\t<div class=\"elementor-element elementor-element-80a2c4d e-con-full e-flex e-con e-child\" data-id=\"80a2c4d\" data-element_type=\"container\">\n\t\t\t\t<div class=\"elementor-element elementor-element-a18d437 elementor-widget__width-initial elementor-widget elementor-widget-text-editor\" data-id=\"a18d437\" data-element_type=\"widget\" data-widget_type=\"text-editor.default\">\n\t\t\t\t<div class=\"elementor-widget-container\">\n\t\t\t\t\t\t\t\t\t<p>La derni\u00e8re \u00e9tape de la r\u00e9habilitation esth\u00e9tique totale consiste \u00e0 r\u00e9aliser tous les traitements li\u00e9s aux proth\u00e8ses dentaires. Autrement dit, effectuer des traitements avec des couronnes dentaires, des inlays ou poser des couronnes sur implants. Dans les cas o\u00f9 l\u2019atteinte est moindre, la r\u00e9habilitation esth\u00e9tique se limite simplement \u00e0 la pose de facettes dentaires, en r\u00e9sine composite ou en c\u00e9ramique.  <\/p><p>Ce n\u2019est pas la fin du traitement, mais le d\u00e9but du maintien de la sant\u00e9 bucco-dentaire et g\u00e9n\u00e9rale obtenue jusqu\u2019\u00e0 pr\u00e9sent. Il est primordial de respecter les contr\u00f4les p\u00e9riodiques \u00e9tablis par le sp\u00e9cialiste afin de maintenir la r\u00e9habilitation dans les meilleures conditions, en r\u00e9alisant des visites de contr\u00f4le et d\u2019hygi\u00e8ne r\u00e9guli\u00e8res. <\/p>\t\t\t\t\t\t\t\t<\/div>\n\t\t\t\t<\/div>\n\t\t\t\t<\/div>\n\t\t\t\t\t<\/div>\n\t\t\t\t<\/div>\n\t\t<div class=\"elementor-element elementor-element-d256858 e-flex e-con-boxed e-con e-parent\" data-id=\"d256858\" data-element_type=\"container\">\n\t\t\t\t\t<div class=\"e-con-inner\">\n\t\t\t\t<div class=\"elementor-element elementor-element-72a9422 elementor-widget elementor-widget-heading\" data-id=\"72a9422\" data-element_type=\"widget\" data-widget_type=\"heading.default\">\n\t\t\t\t<div class=\"elementor-widget-container\">\n\t\t\t\t\t<h2 class=\"elementor-heading-title elementor-size-default\">Trouvez Votre Dentiste\n<\/h2>\t\t\t\t<\/div>\n\t\t\t\t<\/div>\n\t\t\t\t<div class=\"elementor-element elementor-element-91d4b66 elementor-widget__width-initial elementor-widget-divider--view-line elementor-widget elementor-widget-divider\" data-id=\"91d4b66\" data-element_type=\"widget\" data-widget_type=\"divider.default\">\n\t\t\t\t<div class=\"elementor-widget-container\">\n\t\t\t\t\t\t\t<div class=\"elementor-divider\">\n\t\t\t<span class=\"elementor-divider-separator\">\n\t\t\t\t\t\t<\/span>\n\t\t<\/div>\n\t\t\t\t\t\t<\/div>\n\t\t\t\t<\/div>\n\t\t\t\t<div class=\"elementor-element elementor-element-54497b6 elementor-widget__width-initial elementor-widget elementor-widget-text-editor\" data-id=\"54497b6\" data-element_type=\"widget\" data-widget_type=\"text-editor.default\">\n\t\t\t\t<div class=\"elementor-widget-container\">\n\t\t\t\t\t\t\t\t\t<div class=\"wpb_text_column wpb_content_element vc_custom_1724058542197\"><div class=\"wpb_wrapper\"><p class=\"p1\">D\u00e9couvrez le r\u00e9seau de m\u00e9decins avec lequel nous collaborons.<\/p><\/div><\/div>\t\t\t\t\t\t\t\t<\/div>\n\t\t\t\t<\/div>\n\t\t\t\t<div class=\"elementor-element elementor-element-e9062a5 eael_liquid_glass-effect1 eael_liquid_glass_shadow-effect1 elementor-widget elementor-widget-jet-listing-grid\" data-id=\"e9062a5\" data-element_type=\"widget\" data-settings=\"{&quot;columns&quot;:3,&quot;columns_mobile&quot;:&quot;1&quot;}\" data-widget_type=\"jet-listing-grid.default\">\n\t\t\t\t<div class=\"elementor-widget-container\">\n\t\t\t\t\t<div class=\"jet-listing-grid jet-listing\"><div class=\"jet-listing-not-found jet-listing-grid__items\" data-nav=\"{&quot;enabled&quot;:false,&quot;type&quot;:null,&quot;more_el&quot;:null,&quot;query&quot;:[],&quot;widget_settings&quot;:{&quot;lisitng_id&quot;:3104,&quot;posts_num&quot;:20,&quot;columns&quot;:3,&quot;columns_tablet&quot;:3,&quot;columns_mobile&quot;:1,&quot;column_min_width&quot;:240,&quot;column_min_width_tablet&quot;:240,&quot;column_min_width_mobile&quot;:240,&quot;inline_columns_css&quot;:false,&quot;is_archive_template&quot;:&quot;&quot;,&quot;post_status&quot;:[&quot;publish&quot;],&quot;use_random_posts_num&quot;:&quot;&quot;,&quot;max_posts_num&quot;:9,&quot;not_found_message&quot;:&quot;Aucune donn\\u00e9e trouv\\u00e9e&quot;,&quot;is_masonry&quot;:false,&quot;equal_columns_height&quot;:&quot;&quot;,&quot;use_load_more&quot;:&quot;&quot;,&quot;load_more_id&quot;:&quot;&quot;,&quot;load_more_type&quot;:&quot;click&quot;,&quot;load_more_offset&quot;:{&quot;unit&quot;:&quot;px&quot;,&quot;size&quot;:0,&quot;sizes&quot;:[]},&quot;use_custom_post_types&quot;:&quot;&quot;,&quot;custom_post_types&quot;:[],&quot;hide_widget_if&quot;:&quot;&quot;,&quot;carousel_enabled&quot;:&quot;&quot;,&quot;slides_to_scroll&quot;:&quot;1&quot;,&quot;arrows&quot;:&quot;true&quot;,&quot;arrow_icon&quot;:&quot;fa fa-angle-left&quot;,&quot;dots&quot;:&quot;&quot;,&quot;autoplay&quot;:&quot;true&quot;,&quot;pause_on_hover&quot;:&quot;true&quot;,&quot;autoplay_speed&quot;:5000,&quot;infinite&quot;:&quot;true&quot;,&quot;center_mode&quot;:&quot;&quot;,&quot;effect&quot;:&quot;slide&quot;,&quot;speed&quot;:500,&quot;inject_alternative_items&quot;:&quot;&quot;,&quot;injection_items&quot;:[],&quot;scroll_slider_enabled&quot;:&quot;&quot;,&quot;scroll_slider_on&quot;:[&quot;desktop&quot;,&quot;tablet&quot;,&quot;mobile&quot;],&quot;custom_query&quot;:false,&quot;custom_query_id&quot;:&quot;&quot;,&quot;_element_id&quot;:&quot;&quot;,&quot;collapse_first_last_gap&quot;:false,&quot;list_tag_selection&quot;:&quot;&quot;,&quot;list_items_wrapper_tag&quot;:&quot;div&quot;,&quot;list_item_tag&quot;:&quot;div&quot;,&quot;empty_items_wrapper_tag&quot;:&quot;div&quot;}}\" data-listing-source=\"posts\" data-listing-id=\"3104\" data-query-id=\"\" data-queried-id=\"5940|WP_Post\">Aucune donn\u00e9e trouv\u00e9e<\/div><\/div>\t\t\t\t<\/div>\n\t\t\t\t<\/div>\n\t\t\t\t\t<\/div>\n\t\t\t\t<\/div>\n\t\t\t\t<\/div>\n\t\t","protected":false},"excerpt":{"rendered":"<p>R\u00e9habilitation Esth\u00e9tique En quoi consiste une r\u00e9habilitation esth\u00e9tique compl\u00e8te et que devons-nous prendre en compte? La r\u00e9habilitation esth\u00e9tique est une branche de la m\u00e9decine dentaire qui repose sur le diagnostic, la planification et la mise en \u0153uvre de traitements dentaires adapt\u00e9s pour r\u00e9habiliter l\u2019ensemble de la bouche en mauvais \u00e9tat, en restaurant la fonction et [&hellip;]<\/p>\n","protected":false},"author":1,"featured_media":0,"parent":0,"menu_order":0,"comment_status":"closed","ping_status":"closed","template":"","meta":{"footnotes":""},"class_list":["post-5940","page","type-page","status-publish","hentry"],"_links":{"self":[{"href":"https:\/\/bouchedentalgroup.lu\/fr\/wp-json\/wp\/v2\/pages\/5940","targetHints":{"allow":["GET"]}}],"collection":[{"href":"https:\/\/bouchedentalgroup.lu\/fr\/wp-json\/wp\/v2\/pages"}],"about":[{"href":"https:\/\/bouchedentalgroup.lu\/fr\/wp-json\/wp\/v2\/types\/page"}],"author":[{"embeddable":true,"href":"https:\/\/bouchedentalgroup.lu\/fr\/wp-json\/wp\/v2\/users\/1"}],"replies":[{"embeddable":true,"href":"https:\/\/bouchedentalgroup.lu\/fr\/wp-json\/wp\/v2\/comments?post=5940"}],"version-history":[{"count":6,"href":"https:\/\/bouchedentalgroup.lu\/fr\/wp-json\/wp\/v2\/pages\/5940\/revisions"}],"predecessor-version":[{"id":16437,"href":"https:\/\/bouchedentalgroup.lu\/fr\/wp-json\/wp\/v2\/pages\/5940\/revisions\/16437"}],"wp:attachment":[{"href":"https:\/\/bouchedentalgroup.lu\/fr\/wp-json\/wp\/v2\/media?parent=5940"}],"curies":[{"name":"wp","href":"https:\/\/api.w.org\/{rel}","templated":true}]}}