{"id":5948,"date":"2024-08-07T20:47:38","date_gmt":"2024-08-07T18:47:38","guid":{"rendered":"https:\/\/staging.pt\/bouchedev\/invisalign\/"},"modified":"2025-08-14T19:21:41","modified_gmt":"2025-08-14T17:21:41","slug":"invisalign","status":"publish","type":"page","link":"https:\/\/bouchedentalgroup.lu\/fr\/invisalign\/","title":{"rendered":"Invisalign\u00ae"},"content":{"rendered":"\t\t<div data-elementor-type=\"wp-page\" data-elementor-id=\"5948\" class=\"elementor elementor-5948 elementor-2495\" data-elementor-post-type=\"page\">\n\t\t\t\t<div class=\"elementor-element elementor-element-81e0bc0 e-flex e-con-boxed e-con e-parent\" data-id=\"81e0bc0\" data-element_type=\"container\" data-e-type=\"container\" data-settings=\"{&quot;background_background&quot;:&quot;classic&quot;}\">\n\t\t\t\t\t<div class=\"e-con-inner\">\n\t\t\t\t\t<\/div>\n\t\t\t\t<\/div>\n\t\t<div class=\"elementor-element elementor-element-c8370b8 e-flex e-con-boxed e-con e-parent\" data-id=\"c8370b8\" data-element_type=\"container\" data-e-type=\"container\">\n\t\t\t\t\t<div class=\"e-con-inner\">\n\t\t\t\t<div class=\"elementor-element elementor-element-4ed48e8 elementor-widget elementor-widget-heading\" data-id=\"4ed48e8\" data-element_type=\"widget\" data-e-type=\"widget\" data-widget_type=\"heading.default\">\n\t\t\t\t<div class=\"elementor-widget-container\">\n\t\t\t\t\t<h2 class=\"elementor-heading-title elementor-size-default\">Invisalign\u00ae<\/h2>\t\t\t\t<\/div>\n\t\t\t\t<\/div>\n\t\t\t\t<div class=\"elementor-element elementor-element-9cf9d03 elementor-widget__width-initial elementor-widget-divider--view-line elementor-widget elementor-widget-divider\" data-id=\"9cf9d03\" data-element_type=\"widget\" data-e-type=\"widget\" data-widget_type=\"divider.default\">\n\t\t\t\t<div class=\"elementor-widget-container\">\n\t\t\t\t\t\t\t<div class=\"elementor-divider\">\n\t\t\t<span class=\"elementor-divider-separator\">\n\t\t\t\t\t\t<\/span>\n\t\t<\/div>\n\t\t\t\t\t\t<\/div>\n\t\t\t\t<\/div>\n\t\t\t\t<div class=\"elementor-element elementor-element-8ece1eb elementor-widget__width-initial elementor-widget elementor-widget-text-editor\" data-id=\"8ece1eb\" data-element_type=\"widget\" data-e-type=\"widget\" data-widget_type=\"text-editor.default\">\n\t\t\t\t<div class=\"elementor-widget-container\">\n\t\t\t\t\t\t\t\t\tInvisalign \u00ae est un syst\u00e8me de traitement orthodontique qui vous permet de corriger la position de vos dents de mani\u00e8re invisible, plus confortable et plus hygi\u00e9nique.\t\t\t\t\t\t\t\t<\/div>\n\t\t\t\t<\/div>\n\t\t\t\t\t<\/div>\n\t\t\t\t<\/div>\n\t\t<div class=\"elementor-element elementor-element-21e6551 e-flex e-con-boxed e-con e-parent\" data-id=\"21e6551\" data-element_type=\"container\" data-e-type=\"container\">\n\t\t\t\t\t<div class=\"e-con-inner\">\n\t\t<div class=\"elementor-element elementor-element-1aca1e3 e-con-full e-flex e-con e-child\" data-id=\"1aca1e3\" data-element_type=\"container\" data-e-type=\"container\">\n\t\t\t\t<div class=\"elementor-element elementor-element-1abaec4 elementor-widget elementor-widget-heading\" data-id=\"1abaec4\" data-element_type=\"widget\" data-e-type=\"widget\" data-widget_type=\"heading.default\">\n\t\t\t\t<div class=\"elementor-widget-container\">\n\t\t\t\t\t<h2 class=\"elementor-heading-title elementor-size-default\">Qu\u2019est-ce qu\u2019Invisalign\u00ae?<\/h2>\t\t\t\t<\/div>\n\t\t\t\t<\/div>\n\t\t\t\t<div class=\"elementor-element elementor-element-33989a6 elementor-widget__width-initial elementor-widget elementor-widget-text-editor\" data-id=\"33989a6\" data-element_type=\"widget\" data-e-type=\"widget\" data-widget_type=\"text-editor.default\">\n\t\t\t\t<div class=\"elementor-widget-container\">\n\t\t\t\t\t\t\t\t\t<p>Ce sont des aligneurs ou appareils dentaires transparents amovibles, mieux connus sous le nom d&rsquo;Invisalign, la marque la plus r\u00e9pandue d&rsquo;aligneurs. Ces appareils doivent \u00eatre port\u00e9s pendant au moins 22 heures par jour, ce qui signifie qu&rsquo;ils ne sont retir\u00e9s que pour manger et pour l&rsquo;hygi\u00e8ne bucco-dentaire quotidienne. <\/p><p>Ces aligneurs transparents sont fabriqu\u00e9s sur mesure pour chaque individu, en utilisant un logiciel de planification num\u00e9rique qui permet de planifier et de visualiser les r\u00e9sultats finaux de mani\u00e8re tr\u00e8s pr\u00e9cise. Lorsqu&rsquo;ils sont plac\u00e9s sur les dents, ces aligneurs exercent une pression, ce qui, avec le temps, am\u00e8ne les dents \u00e0 la position souhait\u00e9e. Vous recevrez un certain nombre d\u2019aligneurs que vous devrez changer chaque semaine ou toutes les deux semaines.  <\/p><p>Au fur et \u00e0 mesure que vous progressez avec les aligneurs, des forces sont appliqu\u00e9es sur les dents pour les pousser dans la nouvelle position souhait\u00e9e.<\/p>\t\t\t\t\t\t\t\t<\/div>\n\t\t\t\t<\/div>\n\t\t\t\t<div class=\"elementor-element elementor-element-85b48fc elementor-widget elementor-widget-heading\" data-id=\"85b48fc\" data-element_type=\"widget\" data-e-type=\"widget\" data-widget_type=\"heading.default\">\n\t\t\t\t<div class=\"elementor-widget-container\">\n\t\t\t\t\t<h2 class=\"elementor-heading-title elementor-size-default\">Invisalign \u00ae fonctionne-t-il?<\/h2>\t\t\t\t<\/div>\n\t\t\t\t<\/div>\n\t\t\t\t<div class=\"elementor-element elementor-element-5994529 elementor-widget__width-initial elementor-widget elementor-widget-text-editor\" data-id=\"5994529\" data-element_type=\"widget\" data-e-type=\"widget\" data-widget_type=\"text-editor.default\">\n\t\t\t\t<div class=\"elementor-widget-container\">\n\t\t\t\t\t\t\t\t\t<p>Oui, des r\u00e9sultats de traitement tr\u00e8s similaires \u00e0 ceux obtenus avec des appareils fixes peuvent \u00eatre obtenus. Ces r\u00e9sultats peuvent \u00eatre optimis\u00e9s avec l\u2019utilisation d\u2019accessoires tels que des mini-implants orthodontiques, des \u00e9lastiques intra et inter-maxillaires, des boutons dentaires et d\u2019autres \u00e9l\u00e9ments pour atteindre les r\u00e9sultats d\u00e9sir\u00e9s. Votre collaboration est essentielle pour obtenir le meilleur r\u00e9sultat possible dans le temps de traitement le plus court.<br>  <\/p>\t\t\t\t\t\t\t\t<\/div>\n\t\t\t\t<\/div>\n\t\t\t\t<div class=\"elementor-element elementor-element-9c170d6 elementor-widget elementor-widget-button\" data-id=\"9c170d6\" data-element_type=\"widget\" data-e-type=\"widget\" data-widget_type=\"button.default\">\n\t\t\t\t<div class=\"elementor-widget-container\">\n\t\t\t\t\t\t\t\t\t<div class=\"elementor-button-wrapper\">\n\t\t\t\t\t<a class=\"elementor-button elementor-button-link elementor-size-sm\" href=\"https:\/\/bouchedentalgroup.lu\/fr\/landing\/bouche-orthodontie-fr\/\" target=\"_blank\">\n\t\t\t\t\t\t<span class=\"elementor-button-content-wrapper\">\n\t\t\t\t\t\t\t\t\t<span class=\"elementor-button-text\">Prendre Un Rendez-vous<\/span>\n\t\t\t\t\t<\/span>\n\t\t\t\t\t<\/a>\n\t\t\t\t<\/div>\n\t\t\t\t\t\t\t\t<\/div>\n\t\t\t\t<\/div>\n\t\t\t\t<\/div>\n\t\t<div class=\"elementor-element elementor-element-5a891de e-con-full e-flex e-con e-child\" data-id=\"5a891de\" data-element_type=\"container\" data-e-type=\"container\">\n\t\t\t\t<div class=\"elementor-element elementor-element-5a76e75 elementor-widget elementor-widget-image\" data-id=\"5a76e75\" data-element_type=\"widget\" data-e-type=\"widget\" data-widget_type=\"image.default\">\n\t\t\t\t<div class=\"elementor-widget-container\">\n\t\t\t\t\t\t\t\t\t\t\t\t\t\t\t<img loading=\"lazy\" decoding=\"async\" width=\"800\" height=\"1000\" src=\"https:\/\/bouchedentalgroup.lu\/wp-content\/uploads\/2024\/12\/Invisalign-819x1024.webp\" class=\"attachment-large size-large wp-image-9428\" alt=\"\" srcset=\"https:\/\/bouchedentalgroup.lu\/wp-content\/uploads\/2024\/12\/Invisalign-819x1024.webp 819w, https:\/\/bouchedentalgroup.lu\/wp-content\/uploads\/2024\/12\/Invisalign-240x300.webp 240w, https:\/\/bouchedentalgroup.lu\/wp-content\/uploads\/2024\/12\/Invisalign-768x960.webp 768w, https:\/\/bouchedentalgroup.lu\/wp-content\/uploads\/2024\/12\/Invisalign-1229x1536.webp 1229w, https:\/\/bouchedentalgroup.lu\/wp-content\/uploads\/2024\/12\/Invisalign.webp 1600w\" sizes=\"auto, (max-width: 800px) 100vw, 800px\" \/>\t\t\t\t\t\t\t\t\t\t\t\t\t\t\t<\/div>\n\t\t\t\t<\/div>\n\t\t\t\t<\/div>\n\t\t\t\t\t<\/div>\n\t\t\t\t<\/div>\n\t\t<div class=\"elementor-element elementor-element-3a2f410 e-flex e-con-boxed e-con e-parent\" data-id=\"3a2f410\" data-element_type=\"container\" data-e-type=\"container\">\n\t\t\t\t\t<div class=\"e-con-inner\">\n\t\t<div class=\"elementor-element elementor-element-66719f1 e-con-full e-flex e-con e-child\" data-id=\"66719f1\" data-element_type=\"container\" data-e-type=\"container\">\n\t\t\t\t<div class=\"elementor-element elementor-element-ea2ffb6 elementor-widget elementor-widget-heading\" data-id=\"ea2ffb6\" data-element_type=\"widget\" data-e-type=\"widget\" data-widget_type=\"heading.default\">\n\t\t\t\t<div class=\"elementor-widget-container\">\n\t\t\t\t\t<h2 class=\"elementor-heading-title elementor-size-default\">Quelle est la raison de ce prix plus \u00e9lev\u00e9?<\/h2>\t\t\t\t<\/div>\n\t\t\t\t<\/div>\n\t\t\t\t<div class=\"elementor-element elementor-element-898eb00 elementor-widget__width-initial elementor-widget elementor-widget-text-editor\" data-id=\"898eb00\" data-element_type=\"widget\" data-e-type=\"widget\" data-widget_type=\"text-editor.default\">\n\t\t\t\t<div class=\"elementor-widget-container\">\n\t\t\t\t\t\t\t\t\t<p>Le processus de diagnostic et de planification du traitement Invisalign est diff\u00e9rent de celui des appareils fixes. Il comprend une planification num\u00e9rique du traitement, et la fabrication des aligneurs d\u00e9pend de laboratoires ext\u00e9rieurs \u00e0 la pratique de l&rsquo;orthodontiste, ce qui rend le traitement plus co\u00fbteux. <\/p>\t\t\t\t\t\t\t\t<\/div>\n\t\t\t\t<\/div>\n\t\t\t\t<\/div>\n\t\t\t\t\t<\/div>\n\t\t\t\t<\/div>\n\t\t<div class=\"elementor-element elementor-element-838fc00 e-flex e-con-boxed e-con e-parent\" data-id=\"838fc00\" data-element_type=\"container\" data-e-type=\"container\">\n\t\t\t\t\t<div class=\"e-con-inner\">\n\t\t<div class=\"elementor-element elementor-element-b344767 e-con-full e-flex e-con e-child\" data-id=\"b344767\" data-element_type=\"container\" data-e-type=\"container\">\n\t\t\t\t<div class=\"elementor-element elementor-element-733c6c8 elementor-widget elementor-widget-heading\" data-id=\"733c6c8\" data-element_type=\"widget\" data-e-type=\"widget\" data-widget_type=\"heading.default\">\n\t\t\t\t<div class=\"elementor-widget-container\">\n\t\t\t\t\t<h2 class=\"elementor-heading-title elementor-size-default\">Quels sont les avantages d\u2019un traitement Invisalign \u00ae par rapport aux autres appareils orthodontiques?<\/h2>\t\t\t\t<\/div>\n\t\t\t\t<\/div>\n\t\t\t\t<div class=\"elementor-element elementor-element-4d44631 elementor-widget__width-initial elementor-widget elementor-widget-text-editor\" data-id=\"4d44631\" data-element_type=\"widget\" data-e-type=\"widget\" data-widget_type=\"text-editor.default\">\n\t\t\t\t<div class=\"elementor-widget-container\">\n\t\t\t\t\t\t\t\t\t<p>Les principaux avantages des aligneurs sont l\u2019apparence esth\u00e9tique pendant le traitement, la facilit\u00e9 d&rsquo;une meilleure hygi\u00e8ne bucco-dentaire et le contr\u00f4le des mouvements dentaires, car ils sont planifi\u00e9s num\u00e9riquement. De plus, ce syst\u00e8me orthodontique est tr\u00e8s confortable et facile \u00e0 utiliser, et les aligneurs sont tr\u00e8s r\u00e9sistants car, gr\u00e2ce \u00e0 la composition technologique du mat\u00e9riau, ils ne sont g\u00e9n\u00e9ralement pas sujets \u00e0 des ruptures ou fractures. Ils adh\u00e8rent aux dents avec un maximum de confort et de s\u00e9curit\u00e9.  <\/p>\t\t\t\t\t\t\t\t<\/div>\n\t\t\t\t<\/div>\n\t\t\t\t<\/div>\n\t\t\t\t\t<\/div>\n\t\t\t\t<\/div>\n\t\t\t\t<\/div>\n\t\t","protected":false},"excerpt":{"rendered":"<p>Invisalign\u00ae Invisalign \u00ae est un syst\u00e8me de traitement orthodontique qui vous permet de corriger la position de vos dents de mani\u00e8re invisible, plus confortable et plus hygi\u00e9nique. Qu\u2019est-ce qu\u2019Invisalign\u00ae? Ce sont des aligneurs ou appareils dentaires transparents amovibles, mieux connus sous le nom d&rsquo;Invisalign, la marque la plus r\u00e9pandue d&rsquo;aligneurs. Ces appareils doivent \u00eatre port\u00e9s [&hellip;]<\/p>\n","protected":false},"author":1,"featured_media":0,"parent":0,"menu_order":0,"comment_status":"closed","ping_status":"closed","template":"","meta":{"footnotes":""},"class_list":["post-5948","page","type-page","status-publish","hentry"],"_links":{"self":[{"href":"https:\/\/bouchedentalgroup.lu\/fr\/wp-json\/wp\/v2\/pages\/5948","targetHints":{"allow":["GET"]}}],"collection":[{"href":"https:\/\/bouchedentalgroup.lu\/fr\/wp-json\/wp\/v2\/pages"}],"about":[{"href":"https:\/\/bouchedentalgroup.lu\/fr\/wp-json\/wp\/v2\/types\/page"}],"author":[{"embeddable":true,"href":"https:\/\/bouchedentalgroup.lu\/fr\/wp-json\/wp\/v2\/users\/1"}],"replies":[{"embeddable":true,"href":"https:\/\/bouchedentalgroup.lu\/fr\/wp-json\/wp\/v2\/comments?post=5948"}],"version-history":[{"count":0,"href":"https:\/\/bouchedentalgroup.lu\/fr\/wp-json\/wp\/v2\/pages\/5948\/revisions"}],"wp:attachment":[{"href":"https:\/\/bouchedentalgroup.lu\/fr\/wp-json\/wp\/v2\/media?parent=5948"}],"curies":[{"name":"wp","href":"https:\/\/api.w.org\/{rel}","templated":true}]}}