{"id":5974,"date":"2024-08-07T20:51:33","date_gmt":"2024-08-07T18:51:33","guid":{"rendered":"https:\/\/staging.pt\/bouchedev\/chirurgie-plastique-parodontale\/"},"modified":"2025-04-14T12:36:32","modified_gmt":"2025-04-14T12:36:32","slug":"chirurgie-plastique-parodontale","status":"publish","type":"page","link":"https:\/\/bouchedentalgroup.lu\/fr\/chirurgie-plastique-parodontale\/","title":{"rendered":"Chirurgie plastique parodontale"},"content":{"rendered":"\t\t<div data-elementor-type=\"wp-page\" data-elementor-id=\"5974\" class=\"elementor elementor-5974 elementor-2525\" data-elementor-post-type=\"page\">\n\t\t\t\t<div class=\"elementor-element elementor-element-9665555 e-flex e-con-boxed e-con e-parent\" data-id=\"9665555\" data-element_type=\"container\" data-settings=\"{&quot;background_background&quot;:&quot;classic&quot;}\">\n\t\t\t\t\t<div class=\"e-con-inner\">\n\t\t\t\t\t<\/div>\n\t\t\t\t<\/div>\n\t\t<div class=\"elementor-element elementor-element-6935d6e e-flex e-con-boxed e-con e-parent\" data-id=\"6935d6e\" data-element_type=\"container\">\n\t\t\t\t\t<div class=\"e-con-inner\">\n\t\t\t\t<div class=\"elementor-element elementor-element-00af58a elementor-widget elementor-widget-heading\" data-id=\"00af58a\" data-element_type=\"widget\" data-widget_type=\"heading.default\">\n\t\t\t\t<div class=\"elementor-widget-container\">\n\t\t\t\t\t<h2 class=\"elementor-heading-title elementor-size-default\">Chirurgie plastique parodontale<\/h2>\t\t\t\t<\/div>\n\t\t\t\t<\/div>\n\t\t\t\t<div class=\"elementor-element elementor-element-5657007 elementor-widget__width-initial elementor-widget-divider--view-line elementor-widget elementor-widget-divider\" data-id=\"5657007\" data-element_type=\"widget\" data-widget_type=\"divider.default\">\n\t\t\t\t<div class=\"elementor-widget-container\">\n\t\t\t\t\t\t\t<div class=\"elementor-divider\">\n\t\t\t<span class=\"elementor-divider-separator\">\n\t\t\t\t\t\t<\/span>\n\t\t<\/div>\n\t\t\t\t\t\t<\/div>\n\t\t\t\t<\/div>\n\t\t\t\t<div class=\"elementor-element elementor-element-ca15b13 elementor-widget__width-initial elementor-widget elementor-widget-text-editor\" data-id=\"ca15b13\" data-element_type=\"widget\" data-widget_type=\"text-editor.default\">\n\t\t\t\t<div class=\"elementor-widget-container\">\n\t\t\t\t\t\t\t\t\t<p>De nombreuses personnes estiment que l\u2019apparence de leurs dents sup\u00e9rieures est trop recouverte par un exc\u00e8s de tissu gingival. Lorsque vous souriez, vous avez l\u2019impression que vos dents sup\u00e9rieures semblent trop courtes par rapport \u00e0 la quantit\u00e9 de tissu gingival qui appara\u00eet. Dans ce cas, vous souffrez, peut-\u00eatre, d\u2019une affection commun\u00e9ment appel\u00e9e \u00ab sourire gingival \u00bb ou exposition excessive des gencives.<\/p>\n<p>Un sourire gingival peut avoir un effet n\u00e9gatif sur l\u2019esth\u00e9tique de votre sourire. La bonne nouvelle est que ce m\u00eame sourire gingival peut \u00eatre corrig\u00e9 gr\u00e2ce \u00e0 diff\u00e9rentes options de traitement.<\/p>\n\t\t\t\t\t\t\t\t<\/div>\n\t\t\t\t<\/div>\n\t\t\t\t\t<\/div>\n\t\t\t\t<\/div>\n\t\t<div class=\"elementor-element elementor-element-8a982dd e-flex e-con-boxed e-con e-parent\" data-id=\"8a982dd\" data-element_type=\"container\">\n\t\t\t\t\t<div class=\"e-con-inner\">\n\t\t<div class=\"elementor-element elementor-element-544962e e-con-full e-flex e-con e-child\" data-id=\"544962e\" data-element_type=\"container\">\n\t\t\t\t<div class=\"elementor-element elementor-element-a85ced8 elementor-widget__width-initial elementor-widget elementor-widget-text-editor\" data-id=\"a85ced8\" data-element_type=\"widget\" data-widget_type=\"text-editor.default\">\n\t\t\t\t<div class=\"elementor-widget-container\">\n\t\t\t\t\t\t\t\t\t<p>Les causes peuvent \u00eatre diff\u00e9rentes, le diagnostic peut et doit \u00eatre ensemble par un sp\u00e9cialiste maxillo-facial, un dentiste et un chirurgien plastique. C\u2019est la meilleure fa\u00e7on d\u2019aborder un diagnostic en examinant toutes les causes et les \u00e9ventuels changements \u00e0 apporter. Plusieurs facteurs peuvent favoriser une dysharmonie gingivale et une d\u00e9t\u00e9rioration de la sant\u00e9 bucco-dentaire. Il est donc important de garder un \u0153il sur les sympt\u00f4mes suivants :<\/p>\n<ul>\n<li>Changement de couleur des gencives ou inflammation des gencives ;<\/li>\n<li>Plaque bact\u00e9rienne (tartre)<\/li>\n<li>Saignement des gencives ;<\/li>\n<li>Pathologies buccales ;<\/li>\n<li>Positionnement osseux (cas g\u00e9n\u00e9tiques qui n\u00e9cessitent une \u00e9valuation clinique) ;<\/li>\n<\/ul>\n<p>Les facteurs susmentionn\u00e9s peuvent entra\u00eener une augmentation exag\u00e9r\u00e9e du tissu gingival sur les dents, mais aussi sa r\u00e9traction, avec perte d\u2019une partie du tissu. L\u2019\u00e9valuation professionnelle permettra de v\u00e9rifier s\u2019il existe une d\u00e9formation esth\u00e9tique qui doit \u00eatre corrig\u00e9e par une chirurgie plastique parodontale.<\/p>\n\t\t\t\t\t\t\t\t<\/div>\n\t\t\t\t<\/div>\n\t\t\t\t<div class=\"elementor-element elementor-element-66a9ee5 elementor-widget elementor-widget-button\" data-id=\"66a9ee5\" data-element_type=\"widget\" data-widget_type=\"button.default\">\n\t\t\t\t<div class=\"elementor-widget-container\">\n\t\t\t\t\t\t\t\t\t<div class=\"elementor-button-wrapper\">\n\t\t\t\t\t<a class=\"elementor-button elementor-button-link elementor-size-sm\" href=\"#footer_contactos\">\n\t\t\t\t\t\t<span class=\"elementor-button-content-wrapper\">\n\t\t\t\t\t\t\t\t\t<span class=\"elementor-button-text\">PRENDRE UN RENDEZ-VOUS<\/span>\n\t\t\t\t\t<\/span>\n\t\t\t\t\t<\/a>\n\t\t\t\t<\/div>\n\t\t\t\t\t\t\t\t<\/div>\n\t\t\t\t<\/div>\n\t\t\t\t<\/div>\n\t\t<div class=\"elementor-element elementor-element-4ca71ee e-con-full e-flex e-con e-child\" data-id=\"4ca71ee\" data-element_type=\"container\">\n\t\t\t\t<div class=\"elementor-element elementor-element-34e9d6f elementor-widget elementor-widget-image\" data-id=\"34e9d6f\" data-element_type=\"widget\" data-widget_type=\"image.default\">\n\t\t\t\t<div class=\"elementor-widget-container\">\n\t\t\t\t\t\t\t\t\t\t\t\t\t\t\t<img loading=\"lazy\" decoding=\"async\" width=\"409\" height=\"507\" src=\"https:\/\/bouchedentalgroup.lu\/wp-content\/uploads\/2024\/09\/traitement-de-la-parodontite-plus-tard.jpg\" class=\"attachment-full size-full wp-image-5483\" alt=\"\" srcset=\"https:\/\/bouchedentalgroup.lu\/wp-content\/uploads\/2024\/09\/traitement-de-la-parodontite-plus-tard.jpg 409w, https:\/\/bouchedentalgroup.lu\/wp-content\/uploads\/2024\/09\/traitement-de-la-parodontite-plus-tard-242x300.jpg 242w\" sizes=\"auto, (max-width: 409px) 100vw, 409px\" \/>\t\t\t\t\t\t\t\t\t\t\t\t\t\t\t<\/div>\n\t\t\t\t<\/div>\n\t\t\t\t<\/div>\n\t\t\t\t\t<\/div>\n\t\t\t\t<\/div>\n\t\t<div class=\"elementor-element elementor-element-7d60586 e-flex e-con-boxed e-con e-parent\" data-id=\"7d60586\" data-element_type=\"container\">\n\t\t\t\t\t<div class=\"e-con-inner\">\n\t\t<div class=\"elementor-element elementor-element-bf8b250 e-con-full e-flex e-con e-child\" data-id=\"bf8b250\" data-element_type=\"container\">\n\t\t\t\t<div class=\"elementor-element elementor-element-04a1039 elementor-widget__width-initial elementor-widget elementor-widget-text-editor\" data-id=\"04a1039\" data-element_type=\"widget\" data-widget_type=\"text-editor.default\">\n\t\t\t\t<div class=\"elementor-widget-container\">\n\t\t\t\t\t\t\t\t\t<p>La chirurgie plastique parodontale est une intervention chirurgicale dont l\u2019objectif principal est de corriger les d\u00e9fauts des gencives qui vous g\u00eanent sur le plan esth\u00e9tique et qui vous enl\u00e8vent toute envie de sourire au quotidien.<\/p>\n<p>Apr\u00e8s l\u2019intervention, l\u2019harmonisation du sourire s\u2019est nettement am\u00e9lior\u00e9e. Cependant, la performance de la chirurgie plastique parodontale est conditionn\u00e9e par la bonne sant\u00e9 buccale de l\u2019individu. Pour cette raison, tout probl\u00e8me buccal et dentaire doit \u00eatre trait\u00e9 avant cette proc\u00e9dure.<\/p>\n<p>En g\u00e9n\u00e9ral, les principales raisons qui conduisent les gens \u00e0 recourir \u00e0 la chirurgie plastique parodontale sont la r\u00e9cession des gencives ou son exc\u00e8s (connu sous le nom de sourire gingival), qu\u2019ils soient naturels ou les cons\u00e9quences d\u2019un traumatisme m\u00e9canique ou les s\u00e9quelles d\u2019un traitement ant\u00e9rieur.<\/p>\n<p>En cas de r\u00e9cession gingivale, une greffe est r\u00e9alis\u00e9e sur les gencives de la personne. Dans les cas o\u00f9 le probl\u00e8me est un sourire gingival, les r\u00e9sultats souhait\u00e9s sont obtenus par des techniques soustractives.<\/p>\n<p>Tout comme les dents, les gencives sont extr\u00eamement importantes pour l\u2019harmonie de l\u2019esth\u00e9tique dentaire. Une gencive saine doit avoir un aspect ros\u00e9, sans aucune rougeur, gonflement, r\u00e9cession ou m\u00eame croissance exag\u00e9r\u00e9e sur les dents. Lorsqu\u2019il existe l\u2019un de ces aspects, il est n\u00e9cessaire de faire appel \u00e0 un professionnel pour une \u00e9valuation.<\/p>\n\t\t\t\t\t\t\t\t<\/div>\n\t\t\t\t<\/div>\n\t\t\t\t<\/div>\n\t\t\t\t\t<\/div>\n\t\t\t\t<\/div>\n\t\t<div class=\"elementor-element elementor-element-fd1e9c7 e-flex e-con-boxed e-con e-parent\" data-id=\"fd1e9c7\" data-element_type=\"container\" data-settings=\"{&quot;background_background&quot;:&quot;classic&quot;}\">\n\t\t\t\t\t<div class=\"e-con-inner\">\n\t\t\t\t\t<\/div>\n\t\t\t\t<\/div>\n\t\t<div class=\"elementor-element elementor-element-c255cfb e-flex e-con-boxed e-con e-parent\" data-id=\"c255cfb\" data-element_type=\"container\">\n\t\t\t\t\t<div class=\"e-con-inner\">\n\t\t<div class=\"elementor-element elementor-element-4ad65f5 e-con-full e-flex e-con e-child\" data-id=\"4ad65f5\" data-element_type=\"container\">\n\t\t\t\t<div class=\"elementor-element elementor-element-9bd1ae2 elementor-widget elementor-widget-heading\" data-id=\"9bd1ae2\" data-element_type=\"widget\" data-widget_type=\"heading.default\">\n\t\t\t\t<div class=\"elementor-widget-container\">\n\t\t\t\t\t<h2 class=\"elementor-heading-title elementor-size-default\">Qu\u2019est-ce que la chirurgie plastique parodontale?<\/h2>\t\t\t\t<\/div>\n\t\t\t\t<\/div>\n\t\t\t\t<div class=\"elementor-element elementor-element-cbfc983 elementor-widget__width-initial elementor-widget elementor-widget-text-editor\" data-id=\"cbfc983\" data-element_type=\"widget\" data-widget_type=\"text-editor.default\">\n\t\t\t\t<div class=\"elementor-widget-container\">\n\t\t\t\t\t\t\t\t\t<p>La chirurgie parodontale, \u00e9galement appel\u00e9e gingivoplastie, est une proc\u00e9dure visant \u00e0 corriger les d\u00e9fauts des gencives. La r\u00e9alisation de cette proc\u00e9dure vous garantit un sourire plus harmonieux et naturel, ainsi que de tr\u00e8s bons r\u00e9sultats esth\u00e9tiques.<\/p>\n<p>La proc\u00e9dure agit de deux mani\u00e8res pour am\u00e9liorer l\u2019esth\u00e9tique gingivale, en \u00e9liminant l\u2019exc\u00e8s de tissu et en le r\u00e9cup\u00e9rant : <\/p>\n<p>Hypertrophie gingivale : croissance d\u00e9sordonn\u00e9e des gencives sur les dents, appel\u00e9e hyperplasie gingivale. La chirurgie parodontale s\u2019agit dans l\u2019ablation de cette exc\u00e9s de gencive, dans le but de corriger et d\u2019augmenter l\u2019exposition des dents.<\/p>\n<p>R\u00e9cession gingivale : r\u00e9tr\u00e9cissement et perte du tissu gingival. La chirurgie parodontale consiste en couvrir les zones qui ont besoin d\u2019\u00eatre r\u00e9tablies par gencive.<\/p>\n<p>La chirurgie plastique parodontale est recommand\u00e9e pour les personnes dont le sourire est tr\u00e8s expos\u00e9 aux gencives ou qui pr\u00e9sentent un espace entre les gencives et les dents.<\/p>\n\t\t\t\t\t\t\t\t<\/div>\n\t\t\t\t<\/div>\n\t\t\t\t<div class=\"elementor-element elementor-element-83538fe elementor-widget elementor-widget-button\" data-id=\"83538fe\" data-element_type=\"widget\" data-widget_type=\"button.default\">\n\t\t\t\t<div class=\"elementor-widget-container\">\n\t\t\t\t\t\t\t\t\t<div class=\"elementor-button-wrapper\">\n\t\t\t\t\t<a class=\"elementor-button elementor-button-link elementor-size-sm\" href=\"#footer_contactos\">\n\t\t\t\t\t\t<span class=\"elementor-button-content-wrapper\">\n\t\t\t\t\t\t\t\t\t<span class=\"elementor-button-text\">PRENDRE UN RENDEZ-VOUS<\/span>\n\t\t\t\t\t<\/span>\n\t\t\t\t\t<\/a>\n\t\t\t\t<\/div>\n\t\t\t\t\t\t\t\t<\/div>\n\t\t\t\t<\/div>\n\t\t\t\t<\/div>\n\t\t\t\t\t<\/div>\n\t\t\t\t<\/div>\n\t\t<div class=\"elementor-element elementor-element-0696b6b e-flex e-con-boxed e-con e-parent\" data-id=\"0696b6b\" data-element_type=\"container\">\n\t\t\t\t\t<div class=\"e-con-inner\">\n\t\t<div class=\"elementor-element elementor-element-18b5bb9 e-con-full e-flex e-con e-child\" data-id=\"18b5bb9\" data-element_type=\"container\">\n\t\t\t\t<div class=\"elementor-element elementor-element-1ab0014 elementor-widget elementor-widget-heading\" data-id=\"1ab0014\" data-element_type=\"widget\" data-widget_type=\"heading.default\">\n\t\t\t\t<div class=\"elementor-widget-container\">\n\t\t\t\t\t<h2 class=\"elementor-heading-title elementor-size-default\">Chirurgie pour les greffes de gencives<\/h2>\t\t\t\t<\/div>\n\t\t\t\t<\/div>\n\t\t\t\t<div class=\"elementor-element elementor-element-d402bcb elementor-widget__width-initial elementor-widget elementor-widget-text-editor\" data-id=\"d402bcb\" data-element_type=\"widget\" data-widget_type=\"text-editor.default\">\n\t\t\t\t<div class=\"elementor-widget-container\">\n\t\t\t\t\t\t\t\t\t<p>La chirurgie plastique parodontale pour les greffes de gencives vise \u00e0 restaurer la zone de la bouche qui a perdu des tissus. L\u2019intervention consiste \u00e0 pr\u00e9lever des portions de tissu gingival dans des zones saines et \u00e0 les placer aux endroits o\u00f9 elles manquent. Cette proc\u00e9dure est indiqu\u00e9e pour les personnes qui ont perdu du tissu gingival, soit par traumatisme, soit par r\u00e9traction, ce qui peut se produire en raison de conditions g\u00e9n\u00e9tiques ou de maladies buccales.<\/p>\n\t\t\t\t\t\t\t\t<\/div>\n\t\t\t\t<\/div>\n\t\t\t\t<\/div>\n\t\t<div class=\"elementor-element elementor-element-411729a e-con-full e-flex e-con e-child\" data-id=\"411729a\" data-element_type=\"container\">\n\t\t\t\t<div class=\"elementor-element elementor-element-94aebfa elementor-widget elementor-widget-image\" data-id=\"94aebfa\" data-element_type=\"widget\" data-widget_type=\"image.default\">\n\t\t\t\t<div class=\"elementor-widget-container\">\n\t\t\t\t\t\t\t\t\t\t\t\t\t\t\t<img loading=\"lazy\" decoding=\"async\" width=\"492\" height=\"210\" src=\"https:\/\/bouchedentalgroup.lu\/wp-content\/uploads\/2024\/09\/parodontologie-1.jpg\" class=\"attachment-large size-large wp-image-5487\" alt=\"\" srcset=\"https:\/\/bouchedentalgroup.lu\/wp-content\/uploads\/2024\/09\/parodontologie-1.jpg 492w, https:\/\/bouchedentalgroup.lu\/wp-content\/uploads\/2024\/09\/parodontologie-1-300x128.jpg 300w\" sizes=\"auto, (max-width: 492px) 100vw, 492px\" \/>\t\t\t\t\t\t\t\t\t\t\t\t\t\t\t<\/div>\n\t\t\t\t<\/div>\n\t\t\t\t<\/div>\n\t\t\t\t\t<\/div>\n\t\t\t\t<\/div>\n\t\t<div class=\"elementor-element elementor-element-e52fc6b e-flex e-con-boxed e-con e-parent\" data-id=\"e52fc6b\" data-element_type=\"container\">\n\t\t\t\t\t<div class=\"e-con-inner\">\n\t\t<div class=\"elementor-element elementor-element-4542086 e-con-full e-flex e-con e-child\" data-id=\"4542086\" data-element_type=\"container\">\n\t\t\t\t<div class=\"elementor-element elementor-element-8511384 elementor-widget elementor-widget-heading\" data-id=\"8511384\" data-element_type=\"widget\" data-widget_type=\"heading.default\">\n\t\t\t\t<div class=\"elementor-widget-container\">\n\t\t\t\t\t<h2 class=\"elementor-heading-title elementor-size-default\">Comment la chirurgie plastique parodontale est-elle r\u00e9alis\u00e9e?<\/h2>\t\t\t\t<\/div>\n\t\t\t\t<\/div>\n\t\t\t\t<div class=\"elementor-element elementor-element-c93b0e1 elementor-widget__width-initial elementor-widget elementor-widget-text-editor\" data-id=\"c93b0e1\" data-element_type=\"widget\" data-widget_type=\"text-editor.default\">\n\t\t\t\t<div class=\"elementor-widget-container\">\n\t\t\t\t\t\t\t\t\t<p>Bien qu\u2019il s\u2019agisse d\u2019une op\u00e9ration simple, il est conseill\u00e9 de proc\u00e9der \u00e0 une planification pr\u00e9op\u00e9ratoire, car il s\u2019agit d\u2019une intervention irr\u00e9versible qui, si elle n\u2019est pas r\u00e9alis\u00e9e correctement, peut entra\u00eener divers d\u00e9sagr\u00e9ments d\u2019ordre esth\u00e9tique. Il est recommand\u00e9 aux professionnels d\u2019effectuer une simulation virtuelle, qui vous permettra de visualiser le r\u00e9sultat final.<\/p>\n\t\t\t\t\t\t\t\t<\/div>\n\t\t\t\t<\/div>\n\t\t\t\t<\/div>\n\t\t\t\t\t<\/div>\n\t\t\t\t<\/div>\n\t\t\t\t<\/div>\n\t\t","protected":false},"excerpt":{"rendered":"<p>Chirurgie plastique parodontale De nombreuses personnes estiment que l\u2019apparence de leurs dents sup\u00e9rieures est trop recouverte par un exc\u00e8s de tissu gingival. Lorsque vous souriez, vous avez l\u2019impression que vos dents sup\u00e9rieures semblent trop courtes par rapport \u00e0 la quantit\u00e9 de tissu gingival qui appara\u00eet. Dans ce cas, vous souffrez, peut-\u00eatre, d\u2019une affection commun\u00e9ment appel\u00e9e [&hellip;]<\/p>\n","protected":false},"author":1,"featured_media":0,"parent":0,"menu_order":0,"comment_status":"closed","ping_status":"closed","template":"","meta":{"footnotes":""},"class_list":["post-5974","page","type-page","status-publish","hentry"],"_links":{"self":[{"href":"https:\/\/bouchedentalgroup.lu\/fr\/wp-json\/wp\/v2\/pages\/5974","targetHints":{"allow":["GET"]}}],"collection":[{"href":"https:\/\/bouchedentalgroup.lu\/fr\/wp-json\/wp\/v2\/pages"}],"about":[{"href":"https:\/\/bouchedentalgroup.lu\/fr\/wp-json\/wp\/v2\/types\/page"}],"author":[{"embeddable":true,"href":"https:\/\/bouchedentalgroup.lu\/fr\/wp-json\/wp\/v2\/users\/1"}],"replies":[{"embeddable":true,"href":"https:\/\/bouchedentalgroup.lu\/fr\/wp-json\/wp\/v2\/comments?post=5974"}],"version-history":[{"count":5,"href":"https:\/\/bouchedentalgroup.lu\/fr\/wp-json\/wp\/v2\/pages\/5974\/revisions"}],"predecessor-version":[{"id":11189,"href":"https:\/\/bouchedentalgroup.lu\/fr\/wp-json\/wp\/v2\/pages\/5974\/revisions\/11189"}],"wp:attachment":[{"href":"https:\/\/bouchedentalgroup.lu\/fr\/wp-json\/wp\/v2\/media?parent=5974"}],"curies":[{"name":"wp","href":"https:\/\/api.w.org\/{rel}","templated":true}]}}