{"id":6372,"date":"2024-08-06T18:08:35","date_gmt":"2024-08-06T18:08:35","guid":{"rendered":"https:\/\/staging.pt\/bouchedev\/politique-de-confidentialite\/"},"modified":"2025-04-14T09:40:27","modified_gmt":"2025-04-14T09:40:27","slug":"politique-de-confidentialite","status":"publish","type":"page","link":"https:\/\/bouchedentalgroup.lu\/fr\/politique-de-confidentialite\/","title":{"rendered":"Politique de Confidentialit\u00e9"},"content":{"rendered":"\t\t<div data-elementor-type=\"wp-page\" data-elementor-id=\"6372\" class=\"elementor elementor-6372 elementor-3\" data-elementor-post-type=\"page\">\n\t\t\t\t<div class=\"elementor-element elementor-element-3ac46f74 e-flex e-con-boxed e-con e-parent\" data-id=\"3ac46f74\" data-element_type=\"container\">\n\t\t\t\t\t<div class=\"e-con-inner\">\n\t\t<div class=\"elementor-element elementor-element-dd0f9bb e-con-full e-flex e-con e-child\" data-id=\"dd0f9bb\" data-element_type=\"container\">\n\t\t<div class=\"elementor-element elementor-element-8acea49 e-con-full e-flex e-con e-child\" data-id=\"8acea49\" data-element_type=\"container\">\n\t\t\t\t<div class=\"elementor-element elementor-element-800053f elementor-widget elementor-widget-heading\" data-id=\"800053f\" data-element_type=\"widget\" data-widget_type=\"heading.default\">\n\t\t\t\t<div class=\"elementor-widget-container\">\n\t\t\t\t\t<h2 class=\"elementor-heading-title elementor-size-default\">Politique de Confidentialit\u00e9<\/h2>\t\t\t\t<\/div>\n\t\t\t\t<\/div>\n\t\t\t\t<div class=\"elementor-element elementor-element-1fd6422 elementor-widget__width-initial elementor-widget-divider--view-line elementor-widget elementor-widget-divider\" data-id=\"1fd6422\" data-element_type=\"widget\" data-widget_type=\"divider.default\">\n\t\t\t\t<div class=\"elementor-widget-container\">\n\t\t\t\t\t\t\t<div class=\"elementor-divider\">\n\t\t\t<span class=\"elementor-divider-separator\">\n\t\t\t\t\t\t<\/span>\n\t\t<\/div>\n\t\t\t\t\t\t<\/div>\n\t\t\t\t<\/div>\n\t\t\t\t<\/div>\n\t\t<div class=\"elementor-element elementor-element-5a65cfb e-con-full e-flex e-con e-child\" data-id=\"5a65cfb\" data-element_type=\"container\">\n\t\t\t\t<div class=\"elementor-element elementor-element-f905acb elementor-widget elementor-widget-heading\" data-id=\"f905acb\" data-element_type=\"widget\" data-widget_type=\"heading.default\">\n\t\t\t\t<div class=\"elementor-widget-container\">\n\t\t\t\t\t<h5 class=\"elementor-heading-title elementor-size-default\">La pr\u00e9sente d\u00e9claration relative \u00e0 la protection des donn\u00e9es et aux cookies s\u2019applique \u00e0 Bouche Dental Group et \u00e0 ses entit\u00e9s affili\u00e9es.<\/h5>\t\t\t\t<\/div>\n\t\t\t\t<\/div>\n\t\t\t\t<div class=\"elementor-element elementor-element-2a9f221 elementor-widget elementor-widget-text-editor\" data-id=\"2a9f221\" data-element_type=\"widget\" data-widget_type=\"text-editor.default\">\n\t\t\t\t<div class=\"elementor-widget-container\">\n\t\t\t\t\t\t\t\t\t<p>Bouche Dental Group Sarl, une soci\u00e9t\u00e9 \u00e0 responsabilit\u00e9 limit\u00e9e bas\u00e9e au Luxembourg, enregistr\u00e9e et organis\u00e9e en vertu du droit luxembourgeois avec le num\u00e9ro RCS B244700 avec des bureaux enregistr\u00e9s au 85 Route d&rsquo;Arlon L-8009 Strassen et toutes les entit\u00e9s affili\u00e9es traitent des donn\u00e9es personnelles dans le respect du R\u00e8glement de l&rsquo;UE 2016\/679, R\u00e8glement sur la protection des donn\u00e9es (\u00a8GDPR\u00a8), par cons\u00e9quent, nous vous informons de vos droits ainsi que de la fa\u00e7on dont nous traitons vos donn\u00e9es \u00e0 caract\u00e8re personnel.<\/p>\n<p>Pour les d\u00e9finitions applicables, veuillez vous r\u00e9f\u00e9rer aux d\u00e9finitions du GDPR.<\/p>\n\t\t\t\t\t\t\t\t<\/div>\n\t\t\t\t<\/div>\n\t\t\t\t<\/div>\n\t\t<div class=\"elementor-element elementor-element-8459078 e-con-full e-flex e-con e-child\" data-id=\"8459078\" data-element_type=\"container\">\n\t\t\t\t<div class=\"elementor-element elementor-element-901d218 elementor-widget elementor-widget-heading\" data-id=\"901d218\" data-element_type=\"widget\" data-widget_type=\"heading.default\">\n\t\t\t\t<div class=\"elementor-widget-container\">\n\t\t\t\t\t<h3 class=\"elementor-heading-title elementor-size-default\">Vos Droits:\n<\/h3>\t\t\t\t<\/div>\n\t\t\t\t<\/div>\n\t\t\t\t<div class=\"elementor-element elementor-element-41dda97 elementor-widget elementor-widget-text-editor\" data-id=\"41dda97\" data-element_type=\"widget\" data-widget_type=\"text-editor.default\">\n\t\t\t\t<div class=\"elementor-widget-container\">\n\t\t\t\t\t\t\t\t\t<ol>\n<li>D\u2019acc\u00e9der<\/li>\n<li>D\u2019obtenir la rectification<\/li>\n<li>L\u2019effacement (\u00a8droit \u00e0 l\u2019oubli\u00a8)<\/li>\n<li>Restriction du traitement<\/li>\n<li>La portabilit\u00e9<\/li>\n<li>S\u2019opposer<\/li>\n<li>De s\u2019opposer \u00e0 la prise de d\u00e9cision automatis\u00e9e et au profilage.\n<\/li>\n<\/ol>\n<p>Pour plus de d\u00e9tails sur ces droits, reportez-vous aux r\u00e8gles du RGPD en suivant ce lien <a href=\"https:\/\/eur-lex.europa.eu\/eli\/reg\/2016\/679\/oj\" target=\"_blank\" rel=\"noopener\">https:\/\/eur-lex.europa.eu\/eli\/reg\/2016\/679\/oj<\/a><\/p>\n\t\t\t\t\t\t\t\t<\/div>\n\t\t\t\t<\/div>\n\t\t\t\t<\/div>\n\t\t<div class=\"elementor-element elementor-element-1342dbf e-con-full e-flex e-con e-child\" data-id=\"1342dbf\" data-element_type=\"container\">\n\t\t\t\t<div class=\"elementor-element elementor-element-d72edd8 elementor-widget elementor-widget-heading\" data-id=\"d72edd8\" data-element_type=\"widget\" data-widget_type=\"heading.default\">\n\t\t\t\t<div class=\"elementor-widget-container\">\n\t\t\t\t\t<h3 class=\"elementor-heading-title elementor-size-default\">Transparence\n<\/h3>\t\t\t\t<\/div>\n\t\t\t\t<\/div>\n\t\t\t\t<div class=\"elementor-element elementor-element-c523382 elementor-widget elementor-widget-text-editor\" data-id=\"c523382\" data-element_type=\"widget\" data-widget_type=\"text-editor.default\">\n\t\t\t\t<div class=\"elementor-widget-container\">\n\t\t\t\t\t\t\t\t\t<p>Notre site web est administr\u00e9 par <a href=\"https:\/\/nucleodigital.io\" target=\"_blank\" rel=\"noopener\">N\u00facleo Digital Web Agency<\/a>.<br><span style=\"color: var( --e-global-color-text ); font-family: var( --e-global-typography-text-font-family ), Sans-serif; font-weight: var( --e-global-typography-text-font-weight ); text-align: var(--text-align);\"><br>Et nos serveurs sont situ\u00e9s au Portugal<br><\/span><span style=\"color: var( --e-global-color-text ); font-family: var( --e-global-typography-text-font-family ), Sans-serif; font-weight: var( --e-global-typography-text-font-weight ); text-align: var(--text-align);\"><br>Nous avons 2 raisons diff\u00e9rentes de traiter vos donn\u00e9es :<\/span><\/p>\n<ol>\n<li>Pour vous fournir le service de ce site web, dans le cas o\u00f9 nous collectons votre nom complet, votre num\u00e9ro de t\u00e9l\u00e9phone et votre adresse e-mail. La dur\u00e9e de conservation de ces donn\u00e9es est de 10 ans apr\u00e8s que vous ayez cess\u00e9 d\u2019\u00eatre une personne de contact ; <\/li>\n<li>Nous effectuons \u00e9galement des analyses et des statistiques de performance bas\u00e9es sur la technologie de Google Analytics. Pour cela, nous ne collectons pas vos donn\u00e9es personnelles, mais nous utilisons des valeurs cumul\u00e9es de statistiques sur les pages pr\u00e9f\u00e9r\u00e9es, les appareils, la r\u00e9solution, la localisation, le temps pass\u00e9 et d\u2019autres param\u00e8tres qui ne sont pas li\u00e9s \u00e0 vous en tant que visiteur. <br><br><\/li>\n<\/ol>\n<p><b>Pour recueillir vos donn\u00e9es, nous utilisons des cookies ou des fichiers dans le cas d\u2019une demande de contact.<br><\/b><span style=\"color: var( --e-global-color-text ); font-family: var( --e-global-typography-text-font-family ), Sans-serif; text-align: var(--text-align);\"><b><br><\/b><span style=\"font-weight: var( --e-global-typography-text-font-weight );\">Toutes les demandes de contact portent sur les informations d\u00e9crites au point 1 ci-dessus, et sont conserv\u00e9es pendant 10 ans apr\u00e8s que vous nous ayez inform\u00e9s que vous ne souhaitiez plus \u00eatre consid\u00e9r\u00e9 comme un contact.<br><\/span><\/span><span style=\"color: var( --e-global-color-text ); font-family: var( --e-global-typography-text-font-family ), Sans-serif; font-weight: var( --e-global-typography-text-font-weight ); text-align: var(--text-align);\"><br>Pour cela, nous utilisons une feuille de calcul Google et vos coordonn\u00e9es seront ensuite transf\u00e9r\u00e9es dans votre dossier \u00e0 l\u2019une de nos filiales si vous devenez un patient.<br><\/span><span style=\"color: var( --e-global-color-text ); font-family: var( --e-global-typography-text-font-family ), Sans-serif; font-weight: var( --e-global-typography-text-font-weight ); text-align: var(--text-align);\"><br>Pour ce faire, veuillez nous envoyer un e-mail et notre \u00e9quipe vous effacera du fichier.<\/span><\/p>\t\t\t\t\t\t\t\t<\/div>\n\t\t\t\t<\/div>\n\t\t\t\t<\/div>\n\t\t<div class=\"elementor-element elementor-element-21eb3c4 e-con-full e-flex e-con e-child\" data-id=\"21eb3c4\" data-element_type=\"container\">\n\t\t\t\t<div class=\"elementor-element elementor-element-9248bd1 elementor-widget elementor-widget-heading\" data-id=\"9248bd1\" data-element_type=\"widget\" data-widget_type=\"heading.default\">\n\t\t\t\t<div class=\"elementor-widget-container\">\n\t\t\t\t\t<h3 class=\"elementor-heading-title elementor-size-default\">En Ce Qui Concerne Les Cookies\n<\/h3>\t\t\t\t<\/div>\n\t\t\t\t<\/div>\n\t\t\t\t<div class=\"elementor-element elementor-element-f7fcbd5 elementor-widget elementor-widget-text-editor\" data-id=\"f7fcbd5\" data-element_type=\"widget\" data-widget_type=\"text-editor.default\">\n\t\t\t\t<div class=\"elementor-widget-container\">\n\t\t\t\t\t\t\t\t\t<p><b>Qu\u2019est-ce qu\u2019un cookie ?<br \/><\/b><span style=\"color: var( --e-global-color-text ); font-family: var( --e-global-typography-text-font-family ), Sans-serif; text-align: var(--text-align);\"><b><br \/><\/b><span style=\"font-weight: var( --e-global-typography-text-font-weight );\">Un petit fichier qui est stock\u00e9 dans votre appareil permettant l\u2019acc\u00e8s aux donn\u00e9es et permettant de se souvenir de vous (y compris les pr\u00e9f\u00e9rences telles que le nom, le t\u00e9l\u00e9phone, l\u2019email et les param\u00e8tres).<\/span><br \/><\/span><span style=\"color: var( --e-global-color-text ); font-family: var( --e-global-typography-text-font-family ), Sans-serif; text-align: var(--text-align);\"><br \/><b>Quel type de cookies utilisons-nous ?<br \/><\/b><\/span><span style=\"color: var( --e-global-color-text ); font-family: var( --e-global-typography-text-font-family ), Sans-serif; text-align: var(--text-align);\"><b><br \/><\/b><span style=\"font-weight: var( --e-global-typography-text-font-weight );\">Nous utilisons des cookies fonctionnels qui sont limit\u00e9s \u00e0 la session.<br \/><\/span><\/span><span style=\"color: var( --e-global-color-text ); font-family: var( --e-global-typography-text-font-family ), Sans-serif; font-weight: var( --e-global-typography-text-font-weight ); text-align: var(--text-align);\"><br \/>Nous utilisons des cookies statistiques qui collectent les informations mentionn\u00e9es au point 2 ci-dessus.<br \/><\/span><span style=\"color: var( --e-global-color-text ); font-family: var( --e-global-typography-text-font-family ), Sans-serif; text-align: var(--text-align);\"><br \/><span style=\"font-weight: var( --e-global-typography-text-font-weight );\">Nous utilisons \u00e9galement des cookies d\u2019exp\u00e9rience, pour enregistrer vos pr\u00e9f\u00e9rences et votre param\u00e9trage en veillant \u00e0 ce que, lorsque vous nous rendez visite, vous ayez toujours acc\u00e8s aux m\u00eames pr\u00e9f\u00e9rences d\u00e9finies lors de votre pr\u00e9c\u00e9dente visite, si vous utilisez le m\u00eame appareil.<\/span><br \/><\/span><span style=\"color: var( --e-global-color-text ); font-family: var( --e-global-typography-text-font-family ), Sans-serif; text-align: var(--text-align);\"><br \/><b>Cookies de tiers<br \/><\/b><\/span><span style=\"color: var( --e-global-color-text ); font-family: var( --e-global-typography-text-font-family ), Sans-serif; text-align: var(--text-align);\"><b><br \/><\/b><span style=\"font-weight: var( --e-global-typography-text-font-weight );\">Nous utilisons Google analytics avec des donn\u00e9es non personnelles, mais uniquement limit\u00e9es aux statistiques mentionn\u00e9es dans le pr\u00e9sent document.<br \/><\/span><\/span><span style=\"color: var( --e-global-color-text ); font-family: var( --e-global-typography-text-font-family ), Sans-serif; font-weight: var( --e-global-typography-text-font-weight ); text-align: var(--text-align);\"><br \/>En outre, votre propre navigateur peut d\u00e9velopper et utiliser des cookies sp\u00e9cifiques.<br \/><\/span><span style=\"color: var( --e-global-color-text ); font-family: var( --e-global-typography-text-font-family ), Sans-serif; text-align: var(--text-align);\"><br \/><span style=\"font-weight: var( --e-global-typography-text-font-weight );\">Si vous acc\u00e9dez \u00e0 des m\u00e9dias sociaux tels que Facebook, Instagram ou d\u2019autres liens externes, votre navigation, la collecte et l\u2019utilisation des donn\u00e9es seront attach\u00e9es \u00e0 leurs politiques et proc\u00e9dures et donc hors du contr\u00f4le de Bouche Dental Group ou de toute soci\u00e9t\u00e9 affili\u00e9e.<\/span><br \/><\/span><span style=\"color: var( --e-global-color-text ); font-family: var( --e-global-typography-text-font-family ), Sans-serif; text-align: var(--text-align);\"><br \/><b>Transfert de donn\u00e9es<br \/><\/b><\/span><span style=\"color: var( --e-global-color-text ); font-family: var( --e-global-typography-text-font-family ), Sans-serif; text-align: var(--text-align);\"><b><br \/><\/b><span style=\"font-weight: var( --e-global-typography-text-font-weight );\">En g\u00e9n\u00e9ral, nous ne transf\u00e9rons pas les donn\u00e9es re\u00e7ues via le site web, n\u00e9anmoins, les patients de nos affili\u00e9s verront certaines donn\u00e9es transf\u00e9r\u00e9es \u00e0 l\u2019affili\u00e9, \u00e0 la s\u00e9curit\u00e9 sociale, aux \u00e9quipes comptables desservant les affili\u00e9s et aux compagnies d\u2019assurance des utilisateurs demandant le remboursement des services fournis par tout affili\u00e9.<br \/><\/span><\/span><span style=\"color: var( --e-global-color-text ); font-family: var( --e-global-typography-text-font-family ), Sans-serif; text-align: var(--text-align);\"><br \/><span style=\"font-weight: var( --e-global-typography-text-font-weight );\">Dans tous les cas, les donn\u00e9es restent dans l\u2019Espace \u00e9conomique europ\u00e9en \u00e0 l\u2019exception de l\u2019instruction d\u2019un utilisateur ou d\u2019un patient qui concerne Bouche Dental Group ou ses affili\u00e9s.<\/span><br \/><\/span><span style=\"color: var( --e-global-color-text ); font-family: var( --e-global-typography-text-font-family ), Sans-serif; text-align: var(--text-align);\"><br \/><b>Cat\u00e9gories sp\u00e9cifiques de donn\u00e9es<br \/><\/b><\/span><span style=\"color: var( --e-global-color-text ); font-family: var( --e-global-typography-text-font-family ), Sans-serif; text-align: var(--text-align);\"><b><br \/><\/b><span style=\"font-weight: var( --e-global-typography-text-font-weight );\">Bouche Dental Group ne collecte pas et ne traite pas ce type de donn\u00e9es, et notamment sur son site internet. N\u00e9anmoins, les entit\u00e9s affili\u00e9es telles que les m\u00e9decins peuvent traiter vos donn\u00e9es personnelles apr\u00e8s qu\u2019un rendez-vous soit organis\u00e9 par Bouche Dental Group et que vous entrez alors dans la cat\u00e9gorie des patients. Si vous avez des questions, veuillez contacter  &nbsp;<\/span><\/span><a href=\"mailto:info@bouchedentalgroup.lu\" style=\"font-family: var( --e-global-typography-text-font-family ), Sans-serif; font-weight: var( --e-global-typography-text-font-weight ); text-align: var(--text-align); background-color: rgb(255, 255, 255);\">info@bouchedentalgroup.lu<\/a><\/p>\n\t\t\t\t\t\t\t\t<\/div>\n\t\t\t\t<\/div>\n\t\t\t\t<\/div>\n\t\t\t\t<\/div>\n\t\t\t\t\t<\/div>\n\t\t\t\t<\/div>\n\t\t\t\t<\/div>\n\t\t","protected":false},"excerpt":{"rendered":"<p>Politique de Confidentialit\u00e9 La pr\u00e9sente d\u00e9claration relative \u00e0 la protection des donn\u00e9es et aux cookies s\u2019applique \u00e0 Bouche Dental Group et \u00e0 ses entit\u00e9s affili\u00e9es. Bouche Dental Group Sarl, une soci\u00e9t\u00e9 \u00e0 responsabilit\u00e9 limit\u00e9e bas\u00e9e au Luxembourg, enregistr\u00e9e et organis\u00e9e en vertu du droit luxembourgeois avec le num\u00e9ro RCS B244700 avec des bureaux enregistr\u00e9s au [&hellip;]<\/p>\n","protected":false},"author":1,"featured_media":0,"parent":0,"menu_order":0,"comment_status":"closed","ping_status":"open","template":"elementor_header_footer","meta":{"footnotes":""},"class_list":["post-6372","page","type-page","status-publish","hentry"],"_links":{"self":[{"href":"https:\/\/bouchedentalgroup.lu\/fr\/wp-json\/wp\/v2\/pages\/6372","targetHints":{"allow":["GET"]}}],"collection":[{"href":"https:\/\/bouchedentalgroup.lu\/fr\/wp-json\/wp\/v2\/pages"}],"about":[{"href":"https:\/\/bouchedentalgroup.lu\/fr\/wp-json\/wp\/v2\/types\/page"}],"author":[{"embeddable":true,"href":"https:\/\/bouchedentalgroup.lu\/fr\/wp-json\/wp\/v2\/users\/1"}],"replies":[{"embeddable":true,"href":"https:\/\/bouchedentalgroup.lu\/fr\/wp-json\/wp\/v2\/comments?post=6372"}],"version-history":[{"count":5,"href":"https:\/\/bouchedentalgroup.lu\/fr\/wp-json\/wp\/v2\/pages\/6372\/revisions"}],"predecessor-version":[{"id":11137,"href":"https:\/\/bouchedentalgroup.lu\/fr\/wp-json\/wp\/v2\/pages\/6372\/revisions\/11137"}],"wp:attachment":[{"href":"https:\/\/bouchedentalgroup.lu\/fr\/wp-json\/wp\/v2\/media?parent=6372"}],"curies":[{"name":"wp","href":"https:\/\/api.w.org\/{rel}","templated":true}]}}