{"id":7454,"date":"2024-10-14T19:45:41","date_gmt":"2024-10-14T19:45:41","guid":{"rendered":"https:\/\/bouchedentalgroup.lu\/politique-de-cookies\/"},"modified":"2025-04-14T12:07:56","modified_gmt":"2025-04-14T12:07:56","slug":"politique-de-cookies","status":"publish","type":"page","link":"https:\/\/bouchedentalgroup.lu\/fr\/politique-de-cookies\/","title":{"rendered":"Politique de Cookies"},"content":{"rendered":"\t\t<div data-elementor-type=\"wp-page\" data-elementor-id=\"7454\" class=\"elementor elementor-7454 elementor-7435\" data-elementor-post-type=\"page\">\n\t\t\t\t<div class=\"elementor-element elementor-element-3534eff e-flex e-con-boxed e-con e-parent\" data-id=\"3534eff\" data-element_type=\"container\">\n\t\t\t\t\t<div class=\"e-con-inner\">\n\t\t\t\t<div class=\"elementor-element elementor-element-7a93c00 elementor-widget elementor-widget-heading\" data-id=\"7a93c00\" data-element_type=\"widget\" data-widget_type=\"heading.default\">\n\t\t\t\t<div class=\"elementor-widget-container\">\n\t\t\t\t\t<h2 class=\"elementor-heading-title elementor-size-default\">Politique de Cookies<\/h2>\t\t\t\t<\/div>\n\t\t\t\t<\/div>\n\t\t\t\t<div class=\"elementor-element elementor-element-d913033 elementor-widget__width-initial elementor-widget-divider--view-line elementor-widget elementor-widget-divider\" data-id=\"d913033\" data-element_type=\"widget\" data-widget_type=\"divider.default\">\n\t\t\t\t<div class=\"elementor-widget-container\">\n\t\t\t\t\t\t\t<div class=\"elementor-divider\">\n\t\t\t<span class=\"elementor-divider-separator\">\n\t\t\t\t\t\t<\/span>\n\t\t<\/div>\n\t\t\t\t\t\t<\/div>\n\t\t\t\t<\/div>\n\t\t\t\t\t<\/div>\n\t\t\t\t<\/div>\n\t\t<div class=\"elementor-element elementor-element-774cadc8 e-flex e-con-boxed e-con e-parent\" data-id=\"774cadc8\" data-element_type=\"container\">\n\t\t\t\t\t<div class=\"e-con-inner\">\n\t\t\t\t<div class=\"elementor-element elementor-element-5da48d59 elementor-widget elementor-widget-text-editor\" data-id=\"5da48d59\" data-element_type=\"widget\" data-widget_type=\"text-editor.default\">\n\t\t\t\t<div class=\"elementor-widget-container\">\n\t\t\t\t\t\t\t\t\t\n<p><strong>Bouche Dental Group<\/strong> utilise des cookies et des technologies similaires sur son site web pour am\u00e9liorer l&rsquo;exp\u00e9rience utilisateur, analyser le trafic et personnaliser le contenu propos\u00e9. Cette Politique de Cookies explique ce que sont les cookies, comment nous les utilisons et comment vous pouvez les g\u00e9rer. <\/p>\n\n\n\n<h4 class=\"wp-block-heading\"><strong>Qu&rsquo;est-ce qu&rsquo;un cookie ?<\/strong><\/h4>\n\n\n\n<p>Les cookies sont de petits fichiers texte stock\u00e9s sur votre appareil (ordinateur, tablette, smartphone) lorsque vous visitez un site web. Ils aident \u00e0 am\u00e9liorer l&rsquo;exp\u00e9rience utilisateur en facilitant la navigation et en fournissant des informations au propri\u00e9taire du site. <\/p>\n\n\n\n<h4 class=\"wp-block-heading\"><strong>Types de cookies que nous utilisons<\/strong><\/h4>\n\n\n\n<ol class=\"wp-block-list\">\n<li><strong>Cookies strictement n\u00e9cessaires :<\/strong> Ces cookies sont essentiels pour que le site web fonctionne correctement. Ils permettent des fonctionnalit\u00e9s de base comme la connexion s\u00e9curis\u00e9e, l&rsquo;ajout d&rsquo;articles au panier et les protections de s\u00e9curit\u00e9. <\/li>\n\n\n\n<li><strong>Cookies de performance :<\/strong> Ces cookies collectent des informations sur la mani\u00e8re dont les visiteurs utilisent notre site web, comme les pages les plus visit\u00e9es ou les messages d&rsquo;erreur \u00e9ventuels. Ces informations sont anonymes et nous aident \u00e0 am\u00e9liorer la performance du site. <\/li>\n\n\n\n<li><strong>Cookies de fonctionnalit\u00e9 : <\/strong>Ces cookies permettent au site de se souvenir des choix que vous faites (comme votre langue pr\u00e9f\u00e9r\u00e9e ou votre r\u00e9gion) et de vous offrir des fonctionnalit\u00e9s plus personnalis\u00e9es.<\/li>\n\n\n\n<li><strong>Cookies de marketing et de publicit\u00e9 :<\/strong> Nous utilisons ces cookies pour afficher des publicit\u00e9s plus pertinentes pour vous. Ils permettent \u00e9galement de limiter le nombre de fois o\u00f9 vous voyez une publicit\u00e9 et de mesurer l&rsquo;efficacit\u00e9 des campagnes publicitaires. <\/li>\n<\/ol>\n\n\n\n<h4 class=\"wp-block-heading\"><strong>Comment g\u00e9rer les cookies ?<\/strong><\/h4>\n\n\n\n<p>La plupart des navigateurs vous permettent de g\u00e9rer les cookies via leurs param\u00e8tres. Cependant, d\u00e9sactiver les cookies peut affecter votre exp\u00e9rience de navigation et emp\u00eacher l&rsquo;utilisation de certaines fonctionnalit\u00e9s du site. <\/p>\n\n\n\n<ul class=\"wp-block-list\">\n<li><strong>Google Chrome<\/strong>: <a href=\"https:\/\/chatgpt.com\/c\/670d70bf-9a68-800e-b531-71e321a6e562#:~:text=Manage%20cookies%20in%20Chrome\" target=\"_blank\" rel=\"noopener\">G\u00e9rer les cookies dans Chrome<\/a><\/li>\n\n\n\n<li><strong>Mozilla Firefox<\/strong>:<a href=\"https:\/\/support.mozilla.org\/en-US\/kb\/enable-and-disable-cookies-website-preferences\" target=\"_blank\" rel=\"noopener\"> G\u00e9rer les cookies dans Firefox<\/a><\/li>\n\n\n\n<li><strong>Microsoft Edge<\/strong>:<a href=\"https:\/\/support.microsoft.com\/en-us\/help\/4027947\/microsoft-edge-delete-cookies\" target=\"_blank\" rel=\"noopener\"> G\u00e9rer les cookies dans Edge<\/a><\/li>\n<\/ul>\n\n\n\n<h4 class=\"wp-block-heading\"><strong>Modifications de cette Politique de Cookies<\/strong><\/h4>\n\n\n\n<p>Nous pouvons mettre \u00e0 jour cette Politique de Cookies p\u00e9riodiquement. Toute modification sera publi\u00e9e sur cette page avec la date de r\u00e9vision. <\/p>\n\n\n\n<h4 class=\"wp-block-heading\"><strong>Contact<\/strong><\/h4>\n\n\n\n<p>Si vous avez des questions concernant notre politique relative aux cookies, veuillez nous contacter \u00e0 l\u2019adresse suivante :<br><strong>Email:<\/strong> info@bouchedentalgroup.lu<br><strong>Phone:<\/strong> +352 24 51 32 25<\/p>\n\t\t\t\t\t\t\t\t<\/div>\n\t\t\t\t<\/div>\n\t\t\t\t\t<\/div>\n\t\t\t\t<\/div>\n\t\t\t\t<\/div>\n\t\t","protected":false},"excerpt":{"rendered":"<p>Bouche Dental Group utilise des cookies et des technologies similaires sur son site web pour am\u00e9liorer l&rsquo;exp\u00e9rience utilisateur, analyser le trafic et personnaliser le contenu propos\u00e9. Cette Politique de Cookies explique ce que sont les cookies, comment nous les utilisons et comment vous pouvez les g\u00e9rer. Qu&rsquo;est-ce qu&rsquo;un cookie ? Les cookies sont de petits [&hellip;]<\/p>\n","protected":false},"author":1,"featured_media":0,"parent":0,"menu_order":0,"comment_status":"closed","ping_status":"closed","template":"elementor_header_footer","meta":{"footnotes":""},"class_list":["post-7454","page","type-page","status-publish","hentry"],"_links":{"self":[{"href":"https:\/\/bouchedentalgroup.lu\/fr\/wp-json\/wp\/v2\/pages\/7454","targetHints":{"allow":["GET"]}}],"collection":[{"href":"https:\/\/bouchedentalgroup.lu\/fr\/wp-json\/wp\/v2\/pages"}],"about":[{"href":"https:\/\/bouchedentalgroup.lu\/fr\/wp-json\/wp\/v2\/types\/page"}],"author":[{"embeddable":true,"href":"https:\/\/bouchedentalgroup.lu\/fr\/wp-json\/wp\/v2\/users\/1"}],"replies":[{"embeddable":true,"href":"https:\/\/bouchedentalgroup.lu\/fr\/wp-json\/wp\/v2\/comments?post=7454"}],"version-history":[{"count":5,"href":"https:\/\/bouchedentalgroup.lu\/fr\/wp-json\/wp\/v2\/pages\/7454\/revisions"}],"predecessor-version":[{"id":11151,"href":"https:\/\/bouchedentalgroup.lu\/fr\/wp-json\/wp\/v2\/pages\/7454\/revisions\/11151"}],"wp:attachment":[{"href":"https:\/\/bouchedentalgroup.lu\/fr\/wp-json\/wp\/v2\/media?parent=7454"}],"curies":[{"name":"wp","href":"https:\/\/api.w.org\/{rel}","templated":true}]}}