{"id":5942,"date":"2024-08-07T19:07:04","date_gmt":"2024-08-07T17:07:04","guid":{"rendered":"https:\/\/staging.pt\/bouchedev\/reabilitacao-estetica\/"},"modified":"2026-01-28T15:31:10","modified_gmt":"2026-01-28T13:31:10","slug":"reabilitacao-estetica-bouche-dental-group","status":"publish","type":"page","link":"https:\/\/bouchedentalgroup.lu\/pt-pt\/reabilitacao-estetica-bouche-dental-group\/","title":{"rendered":"Reabilita\u00e7\u00e3o Est\u00e9tica"},"content":{"rendered":"\t\t<div data-elementor-type=\"wp-page\" data-elementor-id=\"5942\" class=\"elementor elementor-5942 elementor-2484\" data-elementor-post-type=\"page\">\n\t\t\t\t<div class=\"elementor-element elementor-element-ecb0a2e e-flex e-con-boxed e-con e-parent\" data-id=\"ecb0a2e\" data-element_type=\"container\" data-settings=\"{&quot;background_background&quot;:&quot;classic&quot;}\">\n\t\t\t\t\t<div class=\"e-con-inner\">\n\t\t\t\t\t<\/div>\n\t\t\t\t<\/div>\n\t\t<div class=\"elementor-element elementor-element-13e2390 e-flex e-con-boxed e-con e-parent\" data-id=\"13e2390\" data-element_type=\"container\">\n\t\t\t\t\t<div class=\"e-con-inner\">\n\t\t\t\t<div class=\"elementor-element elementor-element-ef090b0 elementor-widget elementor-widget-heading\" data-id=\"ef090b0\" data-element_type=\"widget\" data-widget_type=\"heading.default\">\n\t\t\t\t<div class=\"elementor-widget-container\">\n\t\t\t\t\t<h2 class=\"elementor-heading-title elementor-size-default\">Reabilita\u00e7\u00e3o Est\u00e9tica<\/h2>\t\t\t\t<\/div>\n\t\t\t\t<\/div>\n\t\t\t\t<div class=\"elementor-element elementor-element-6559693 elementor-widget__width-initial elementor-widget-divider--view-line elementor-widget elementor-widget-divider\" data-id=\"6559693\" data-element_type=\"widget\" data-widget_type=\"divider.default\">\n\t\t\t\t<div class=\"elementor-widget-container\">\n\t\t\t\t\t\t\t<div class=\"elementor-divider\">\n\t\t\t<span class=\"elementor-divider-separator\">\n\t\t\t\t\t\t<\/span>\n\t\t<\/div>\n\t\t\t\t\t\t<\/div>\n\t\t\t\t<\/div>\n\t\t\t\t<div class=\"elementor-element elementor-element-3888ad4 elementor-widget elementor-widget-heading\" data-id=\"3888ad4\" data-element_type=\"widget\" data-widget_type=\"heading.default\">\n\t\t\t\t<div class=\"elementor-widget-container\">\n\t\t\t\t\t<h2 class=\"elementor-heading-title elementor-size-default\">Em que consiste uma Reabilita\u00e7\u00e3o Est\u00e9tica Total e o que \u00e9 que temos de ter em conta?<\/h2>\t\t\t\t<\/div>\n\t\t\t\t<\/div>\n\t\t\t\t<div class=\"elementor-element elementor-element-39afc56 elementor-widget__width-initial elementor-widget elementor-widget-text-editor\" data-id=\"39afc56\" data-element_type=\"widget\" data-widget_type=\"text-editor.default\">\n\t\t\t\t<div class=\"elementor-widget-container\">\n\t\t\t\t\t\t\t\t\t<p>A reabilita\u00e7\u00e3o est\u00e9tica \u00e9 uma \u00e1rea da medicina dent\u00e1ria que se baseia no diagn\u00f3stico, planeamento e realiza\u00e7\u00e3o de tratamentos dent\u00e1rios adequados para reabilitar toda a boca em mau estado, restaurando a fun\u00e7\u00e3o e a est\u00e9tica para permitir uma vida normal e melhorada.<\/p><p>Em muitas ocasi\u00f5es, para restaurar totalmente a est\u00e9tica, \u00e9 necess\u00e1rio realizar um tratamento multidisciplinar, ou seja, um tratamento que envolve a interven\u00e7\u00e3o de v\u00e1rias especialidades dent\u00e1rias para obter um maior sucesso. Alguns dos especialistas envolvidos numa reabilita\u00e7\u00e3o est\u00e9tica total incluem o especialista em dentisteria est\u00e9tica, o ortodontista, o periodontologista e o cirurgi\u00e3o dent\u00e1rio. <\/p><p>As pessoas que normalmente recorrem a uma reabilita\u00e7\u00e3o est\u00e9tica total s\u00e3o aquelas com patologias orais que afetam a zona anterior, como c\u00e1ries ou doen\u00e7as periodontais, a perda de alguns dentes nesta regi\u00e3o da cavidade oral ou alguns h\u00e1bitos patol\u00f3gicos, como o bruxismo, que provoca um desgaste dent\u00e1rio significativo.<\/p>\t\t\t\t\t\t\t\t<\/div>\n\t\t\t\t<\/div>\n\t\t\t\t<div class=\"elementor-element elementor-element-c248af7 elementor-widget elementor-widget-spacer\" data-id=\"c248af7\" data-element_type=\"widget\" data-widget_type=\"spacer.default\">\n\t\t\t\t<div class=\"elementor-widget-container\">\n\t\t\t\t\t\t\t<div class=\"elementor-spacer\">\n\t\t\t<div class=\"elementor-spacer-inner\"><\/div>\n\t\t<\/div>\n\t\t\t\t\t\t<\/div>\n\t\t\t\t<\/div>\n\t\t\t\t<div class=\"elementor-element elementor-element-4479b2c elementor-align-center elementor-widget elementor-widget-button\" data-id=\"4479b2c\" data-element_type=\"widget\" data-widget_type=\"button.default\">\n\t\t\t\t<div class=\"elementor-widget-container\">\n\t\t\t\t\t\t\t\t\t<div class=\"elementor-button-wrapper\">\n\t\t\t\t\t<a class=\"elementor-button elementor-button-link elementor-size-sm\" href=\"#footer_contactos\">\n\t\t\t\t\t\t<span class=\"elementor-button-content-wrapper\">\n\t\t\t\t\t\t\t\t\t<span class=\"elementor-button-text\">Marcar Consulta<\/span>\n\t\t\t\t\t<\/span>\n\t\t\t\t\t<\/a>\n\t\t\t\t<\/div>\n\t\t\t\t\t\t\t\t<\/div>\n\t\t\t\t<\/div>\n\t\t\t\t\t<\/div>\n\t\t\t\t<\/div>\n\t\t<div class=\"elementor-element elementor-element-4cad421 e-flex e-con-boxed e-con e-parent\" data-id=\"4cad421\" data-element_type=\"container\" data-settings=\"{&quot;background_background&quot;:&quot;classic&quot;}\">\n\t\t\t\t\t<div class=\"e-con-inner\">\n\t\t\t\t\t<\/div>\n\t\t\t\t<\/div>\n\t\t<div class=\"elementor-element elementor-element-d1fef19 e-flex e-con-boxed e-con e-parent\" data-id=\"d1fef19\" data-element_type=\"container\">\n\t\t\t\t\t<div class=\"e-con-inner\">\n\t\t<div class=\"elementor-element elementor-element-1487996 e-con-full e-flex e-con e-child\" data-id=\"1487996\" data-element_type=\"container\">\n\t\t\t\t<div class=\"elementor-element elementor-element-0939939 elementor-widget__width-initial elementor-widget elementor-widget-text-editor\" data-id=\"0939939\" data-element_type=\"widget\" data-widget_type=\"text-editor.default\">\n\t\t\t\t<div class=\"elementor-widget-container\">\n\t\t\t\t\t\t\t\t\t<p>O desgaste dent\u00e1rio patol\u00f3gico \u00e9 um dos sinais mais frequentemente observados no dia a dia. O bruxismo \u00e9 uma parafun\u00e7\u00e3o causada por m\u00faltiplos fatores que levam \u00e0 atri\u00e7\u00e3o ou ao desgaste patol\u00f3gico dos dentes. <\/p><p>Esta patologia pode ser c\u00e9ntrica ou exc\u00eantrica, diurna ou noturna. Se o desgaste afetar a zona anterior dos dentes, pode comprometer o sorriso e causar um efeito de envelhecimento. Al\u00e9m disso, pode levar \u00e0 perda da orienta\u00e7\u00e3o anterior, da orienta\u00e7\u00e3o canina, bem como comprometer a fun\u00e7\u00e3o mastigat\u00f3ria e fonat\u00f3ria.  <\/p><p>Para uma reabilita\u00e7\u00e3o adequada, \u00e9 fundamental um planeamento detalhado do caso. Deve ser realizado previamente um hist\u00f3rico m\u00e9dico completo de cada paciente, de modo a excluir qualquer tipo de patologia ou, caso exista, garantir o seu controlo. Al\u00e9m disso, a medica\u00e7\u00e3o e os h\u00e1bitos toxicol\u00f3gicos de cada indiv\u00edduo s\u00e3o fatores de grande import\u00e2ncia na medicina dent\u00e1ria.  <\/p>\t\t\t\t\t\t\t\t<\/div>\n\t\t\t\t<\/div>\n\t\t\t\t<div class=\"elementor-element elementor-element-7a3a854 elementor-widget elementor-widget-spacer\" data-id=\"7a3a854\" data-element_type=\"widget\" data-widget_type=\"spacer.default\">\n\t\t\t\t<div class=\"elementor-widget-container\">\n\t\t\t\t\t\t\t<div class=\"elementor-spacer\">\n\t\t\t<div class=\"elementor-spacer-inner\"><\/div>\n\t\t<\/div>\n\t\t\t\t\t\t<\/div>\n\t\t\t\t<\/div>\n\t\t\t\t<div class=\"elementor-element elementor-element-c5eb8b4 elementor-mobile-align-center elementor-widget elementor-widget-button\" data-id=\"c5eb8b4\" data-element_type=\"widget\" data-widget_type=\"button.default\">\n\t\t\t\t<div class=\"elementor-widget-container\">\n\t\t\t\t\t\t\t\t\t<div class=\"elementor-button-wrapper\">\n\t\t\t\t\t<a class=\"elementor-button elementor-button-link elementor-size-sm\" href=\"#footer_contactos\">\n\t\t\t\t\t\t<span class=\"elementor-button-content-wrapper\">\n\t\t\t\t\t\t\t\t\t<span class=\"elementor-button-text\">Marcar Consulta<\/span>\n\t\t\t\t\t<\/span>\n\t\t\t\t\t<\/a>\n\t\t\t\t<\/div>\n\t\t\t\t\t\t\t\t<\/div>\n\t\t\t\t<\/div>\n\t\t\t\t<\/div>\n\t\t\t\t\t<\/div>\n\t\t\t\t<\/div>\n\t\t<div class=\"elementor-element elementor-element-591bf90 e-flex e-con-boxed e-con e-parent\" data-id=\"591bf90\" data-element_type=\"container\">\n\t\t\t\t\t<div class=\"e-con-inner\">\n\t\t<div class=\"elementor-element elementor-element-3bec656 e-con-full e-flex e-con e-child\" data-id=\"3bec656\" data-element_type=\"container\">\n\t\t\t\t<div class=\"elementor-element elementor-element-cf48bb5 elementor-widget elementor-widget-image\" data-id=\"cf48bb5\" data-element_type=\"widget\" data-widget_type=\"image.default\">\n\t\t\t\t<div class=\"elementor-widget-container\">\n\t\t\t\t\t\t\t\t\t\t\t\t\t\t\t<img loading=\"lazy\" decoding=\"async\" width=\"800\" height=\"571\" src=\"https:\/\/bouchedentalgroup.lu\/wp-content\/uploads\/2025\/03\/aesthetic-rehab-1-1024x731.webp\" class=\"attachment-large size-large wp-image-10467\" alt=\"\" srcset=\"https:\/\/bouchedentalgroup.lu\/wp-content\/uploads\/2025\/03\/aesthetic-rehab-1-1024x731.webp 1024w, https:\/\/bouchedentalgroup.lu\/wp-content\/uploads\/2025\/03\/aesthetic-rehab-1-300x214.webp 300w, https:\/\/bouchedentalgroup.lu\/wp-content\/uploads\/2025\/03\/aesthetic-rehab-1-768x549.webp 768w, https:\/\/bouchedentalgroup.lu\/wp-content\/uploads\/2025\/03\/aesthetic-rehab-1.webp 1400w\" sizes=\"auto, (max-width: 800px) 100vw, 800px\" \/>\t\t\t\t\t\t\t\t\t\t\t\t\t\t\t<\/div>\n\t\t\t\t<\/div>\n\t\t\t\t<\/div>\n\t\t<div class=\"elementor-element elementor-element-1bf343d e-con-full e-flex e-con e-child\" data-id=\"1bf343d\" data-element_type=\"container\">\n\t\t\t\t<div class=\"elementor-element elementor-element-547f29e elementor-widget__width-initial elementor-widget elementor-widget-text-editor\" data-id=\"547f29e\" data-element_type=\"widget\" data-widget_type=\"text-editor.default\">\n\t\t\t\t<div class=\"elementor-widget-container\">\n\t\t\t\t\t\t\t\t\t<p>Esta informa\u00e7\u00e3o \u00e9 recolhida durante a primeira consulta com o especialista. Al\u00e9m disso, durante esta visita, \u00e9 tamb\u00e9m realizado um exame cl\u00ednico extraoral e intraoral para avaliar o caso e estabelecer um diagn\u00f3stico. <\/p><p>Uma vez feito o diagn\u00f3stico, \u00e9 elaborado um plano de tratamento em conjunto com a consulta dos diferentes especialistas que devem intervir no caso, obtendo assim um plano de tratamento definitivo e estabelecendo a sequ\u00eancia do tratamento, bem como o tempo necess\u00e1rio para cada fase.<\/p><p>A primeira parte da reabilita\u00e7\u00e3o est\u00e9tica total consiste na captura de v\u00e1rias fotografias extraorais e intraorais, juntamente com algumas medi\u00e7\u00f5es da boca que servir\u00e3o para analisar e desenhar corretamente a \u00e1rea est\u00e9tica diretamente num programa inform\u00e1tico, criando um desenho digital do sorriso.<\/p><p>Ap\u00f3s este primeiro contacto, todos os tratamentos devem ser realizados numa boca totalmente saud\u00e1vel. Ou seja, \u00e9 necess\u00e1rio garantir previamente a sa\u00fade total de todos os tecidos dent\u00e1rios, com um tratamento periodontal adequado e necess\u00e1rio, bem como tratar quaisquer doen\u00e7as existentes (c\u00e1ries, periodontite, entre outras). Posteriormente, se houver algum tipo de malposi\u00e7\u00e3o dent\u00e1ria ou m\u00e1 oclus\u00e3o, \u00e9 realizado um tratamento ortod\u00f4ntico. Gra\u00e7as a isto, os dentes s\u00e3o colocados na posi\u00e7\u00e3o correta, melhorando a est\u00e9tica e a fun\u00e7\u00e3o oral. Se necess\u00e1rio, os implantes dent\u00e1rios s\u00e3o colocados ap\u00f3s a finaliza\u00e7\u00e3o do tratamento ortod\u00f4ntico ou na fase final do tratamento.   <\/p>\t\t\t\t\t\t\t\t<\/div>\n\t\t\t\t<\/div>\n\t\t\t\t<\/div>\n\t\t\t\t\t<\/div>\n\t\t\t\t<\/div>\n\t\t<div class=\"elementor-element elementor-element-99384d9 e-flex e-con-boxed e-con e-parent\" data-id=\"99384d9\" data-element_type=\"container\">\n\t\t\t\t\t<div class=\"e-con-inner\">\n\t\t<div class=\"elementor-element elementor-element-80a2c4d e-con-full e-flex e-con e-child\" data-id=\"80a2c4d\" data-element_type=\"container\">\n\t\t\t\t<div class=\"elementor-element elementor-element-a18d437 elementor-widget__width-initial elementor-widget elementor-widget-text-editor\" data-id=\"a18d437\" data-element_type=\"widget\" data-widget_type=\"text-editor.default\">\n\t\t\t\t<div class=\"elementor-widget-container\">\n\t\t\t\t\t\t\t\t\t<p>A fase final da reabilita\u00e7\u00e3o est\u00e9tica total consiste na realiza\u00e7\u00e3o de todos os procedimentos relacionados com as pr\u00f3teses dent\u00e1rias. Ou seja, realizar tratamentos com coroas dent\u00e1rias, inlays ou colocar coroas sobre implantes. Nos casos em que a afeta\u00e7\u00e3o \u00e9 menor, a reabilita\u00e7\u00e3o est\u00e9tica baseia-se apenas na coloca\u00e7\u00e3o de facetas dent\u00e1rias, seja em resina composta ou cer\u00e2mica.  <\/p><p>Este n\u00e3o \u00e9 o fim do tratamento, mas sim o in\u00edcio da manuten\u00e7\u00e3o da sa\u00fade oral e geral alcan\u00e7ada at\u00e9 ao momento. \u00c9 de grande import\u00e2ncia realizar os exames peri\u00f3dicos estabelecidos pelo especialista para manter a reabilita\u00e7\u00e3o nas melhores condi\u00e7\u00f5es, efetuando consultas regulares de controlo e higiene. <\/p>\t\t\t\t\t\t\t\t<\/div>\n\t\t\t\t<\/div>\n\t\t\t\t<\/div>\n\t\t\t\t\t<\/div>\n\t\t\t\t<\/div>\n\t\t<div class=\"elementor-element elementor-element-d256858 e-flex e-con-boxed e-con e-parent\" data-id=\"d256858\" data-element_type=\"container\">\n\t\t\t\t\t<div class=\"e-con-inner\">\n\t\t\t\t<div class=\"elementor-element elementor-element-72a9422 elementor-widget elementor-widget-heading\" data-id=\"72a9422\" data-element_type=\"widget\" data-widget_type=\"heading.default\">\n\t\t\t\t<div class=\"elementor-widget-container\">\n\t\t\t\t\t<h2 class=\"elementor-heading-title elementor-size-default\">Encontre o seu Dentista\n<\/h2>\t\t\t\t<\/div>\n\t\t\t\t<\/div>\n\t\t\t\t<div class=\"elementor-element elementor-element-91d4b66 elementor-widget__width-initial elementor-widget-divider--view-line elementor-widget elementor-widget-divider\" data-id=\"91d4b66\" data-element_type=\"widget\" data-widget_type=\"divider.default\">\n\t\t\t\t<div class=\"elementor-widget-container\">\n\t\t\t\t\t\t\t<div class=\"elementor-divider\">\n\t\t\t<span class=\"elementor-divider-separator\">\n\t\t\t\t\t\t<\/span>\n\t\t<\/div>\n\t\t\t\t\t\t<\/div>\n\t\t\t\t<\/div>\n\t\t\t\t<div class=\"elementor-element elementor-element-54497b6 elementor-widget__width-initial elementor-widget elementor-widget-text-editor\" data-id=\"54497b6\" data-element_type=\"widget\" data-widget_type=\"text-editor.default\">\n\t\t\t\t<div class=\"elementor-widget-container\">\n\t\t\t\t\t\t\t\t\t<div class=\"wpb_text_column wpb_content_element vc_custom_1724058542197\"><div class=\"wpb_wrapper\"><p class=\"p1\">Conhe\u00e7a a rede de m\u00e9dicos com quem colaboramos.<\/p><\/div><\/div>\t\t\t\t\t\t\t\t<\/div>\n\t\t\t\t<\/div>\n\t\t\t\t<div class=\"elementor-element elementor-element-e9062a5 eael_liquid_glass-effect1 eael_liquid_glass_shadow-effect1 elementor-widget elementor-widget-jet-listing-grid\" data-id=\"e9062a5\" data-element_type=\"widget\" data-settings=\"{&quot;columns&quot;:3,&quot;columns_mobile&quot;:&quot;1&quot;}\" data-widget_type=\"jet-listing-grid.default\">\n\t\t\t\t<div class=\"elementor-widget-container\">\n\t\t\t\t\t<div class=\"jet-listing-grid jet-listing\"><div class=\"jet-listing-not-found jet-listing-grid__items\" data-nav=\"{&quot;enabled&quot;:false,&quot;type&quot;:null,&quot;more_el&quot;:null,&quot;query&quot;:[],&quot;widget_settings&quot;:{&quot;lisitng_id&quot;:3104,&quot;posts_num&quot;:20,&quot;columns&quot;:3,&quot;columns_tablet&quot;:3,&quot;columns_mobile&quot;:1,&quot;column_min_width&quot;:240,&quot;column_min_width_tablet&quot;:240,&quot;column_min_width_mobile&quot;:240,&quot;inline_columns_css&quot;:false,&quot;is_archive_template&quot;:&quot;&quot;,&quot;post_status&quot;:[&quot;publish&quot;],&quot;use_random_posts_num&quot;:&quot;&quot;,&quot;max_posts_num&quot;:9,&quot;not_found_message&quot;:&quot;Nenhum dado foi encontrado&quot;,&quot;is_masonry&quot;:false,&quot;equal_columns_height&quot;:&quot;&quot;,&quot;use_load_more&quot;:&quot;&quot;,&quot;load_more_id&quot;:&quot;&quot;,&quot;load_more_type&quot;:&quot;click&quot;,&quot;load_more_offset&quot;:{&quot;unit&quot;:&quot;px&quot;,&quot;size&quot;:0,&quot;sizes&quot;:[]},&quot;use_custom_post_types&quot;:&quot;&quot;,&quot;custom_post_types&quot;:[],&quot;hide_widget_if&quot;:&quot;&quot;,&quot;carousel_enabled&quot;:&quot;&quot;,&quot;slides_to_scroll&quot;:&quot;1&quot;,&quot;arrows&quot;:&quot;true&quot;,&quot;arrow_icon&quot;:&quot;fa fa-angle-left&quot;,&quot;dots&quot;:&quot;&quot;,&quot;autoplay&quot;:&quot;true&quot;,&quot;pause_on_hover&quot;:&quot;true&quot;,&quot;autoplay_speed&quot;:5000,&quot;infinite&quot;:&quot;true&quot;,&quot;center_mode&quot;:&quot;&quot;,&quot;effect&quot;:&quot;slide&quot;,&quot;speed&quot;:500,&quot;inject_alternative_items&quot;:&quot;&quot;,&quot;injection_items&quot;:[],&quot;scroll_slider_enabled&quot;:&quot;&quot;,&quot;scroll_slider_on&quot;:[&quot;desktop&quot;,&quot;tablet&quot;,&quot;mobile&quot;],&quot;custom_query&quot;:false,&quot;custom_query_id&quot;:&quot;&quot;,&quot;_element_id&quot;:&quot;&quot;,&quot;collapse_first_last_gap&quot;:false,&quot;list_tag_selection&quot;:&quot;&quot;,&quot;list_items_wrapper_tag&quot;:&quot;div&quot;,&quot;list_item_tag&quot;:&quot;div&quot;,&quot;empty_items_wrapper_tag&quot;:&quot;div&quot;}}\" data-listing-source=\"posts\" data-listing-id=\"3104\" data-query-id=\"\" data-queried-id=\"5942|WP_Post\">Nenhum dado foi encontrado<\/div><\/div>\t\t\t\t<\/div>\n\t\t\t\t<\/div>\n\t\t\t\t\t<\/div>\n\t\t\t\t<\/div>\n\t\t\t\t<\/div>\n\t\t","protected":false},"excerpt":{"rendered":"<p>Reabilita\u00e7\u00e3o Est\u00e9tica Em que consiste uma Reabilita\u00e7\u00e3o Est\u00e9tica Total e o que \u00e9 que temos de ter em conta? A reabilita\u00e7\u00e3o est\u00e9tica \u00e9 uma \u00e1rea da medicina dent\u00e1ria que se baseia no diagn\u00f3stico, planeamento e realiza\u00e7\u00e3o de tratamentos dent\u00e1rios adequados para reabilitar toda a boca em mau estado, restaurando a fun\u00e7\u00e3o e a est\u00e9tica para [&hellip;]<\/p>\n","protected":false},"author":1,"featured_media":0,"parent":0,"menu_order":0,"comment_status":"closed","ping_status":"closed","template":"","meta":{"footnotes":""},"class_list":["post-5942","page","type-page","status-publish","hentry"],"_links":{"self":[{"href":"https:\/\/bouchedentalgroup.lu\/pt-pt\/wp-json\/wp\/v2\/pages\/5942","targetHints":{"allow":["GET"]}}],"collection":[{"href":"https:\/\/bouchedentalgroup.lu\/pt-pt\/wp-json\/wp\/v2\/pages"}],"about":[{"href":"https:\/\/bouchedentalgroup.lu\/pt-pt\/wp-json\/wp\/v2\/types\/page"}],"author":[{"embeddable":true,"href":"https:\/\/bouchedentalgroup.lu\/pt-pt\/wp-json\/wp\/v2\/users\/1"}],"replies":[{"embeddable":true,"href":"https:\/\/bouchedentalgroup.lu\/pt-pt\/wp-json\/wp\/v2\/comments?post=5942"}],"version-history":[{"count":5,"href":"https:\/\/bouchedentalgroup.lu\/pt-pt\/wp-json\/wp\/v2\/pages\/5942\/revisions"}],"predecessor-version":[{"id":12099,"href":"https:\/\/bouchedentalgroup.lu\/pt-pt\/wp-json\/wp\/v2\/pages\/5942\/revisions\/12099"}],"wp:attachment":[{"href":"https:\/\/bouchedentalgroup.lu\/pt-pt\/wp-json\/wp\/v2\/media?parent=5942"}],"curies":[{"name":"wp","href":"https:\/\/api.w.org\/{rel}","templated":true}]}}