{"id":5950,"date":"2024-08-07T20:47:38","date_gmt":"2024-08-07T18:47:38","guid":{"rendered":"https:\/\/staging.pt\/bouchedev\/ortodontia-invisalign\/"},"modified":"2025-08-14T19:23:26","modified_gmt":"2025-08-14T17:23:26","slug":"alinhadores-invisalign-bouche-dental-group","status":"publish","type":"page","link":"https:\/\/bouchedentalgroup.lu\/pt-pt\/alinhadores-invisalign-bouche-dental-group\/","title":{"rendered":"Invisalign\u00ae"},"content":{"rendered":"\t\t<div data-elementor-type=\"wp-page\" data-elementor-id=\"5950\" class=\"elementor elementor-5950 elementor-2495\" data-elementor-post-type=\"page\">\n\t\t\t\t<div class=\"elementor-element elementor-element-81e0bc0 e-flex e-con-boxed e-con e-parent\" data-id=\"81e0bc0\" data-element_type=\"container\" data-settings=\"{&quot;background_background&quot;:&quot;classic&quot;}\">\n\t\t\t\t\t<div class=\"e-con-inner\">\n\t\t\t\t\t<\/div>\n\t\t\t\t<\/div>\n\t\t<div class=\"elementor-element elementor-element-c8370b8 e-flex e-con-boxed e-con e-parent\" data-id=\"c8370b8\" data-element_type=\"container\">\n\t\t\t\t\t<div class=\"e-con-inner\">\n\t\t\t\t<div class=\"elementor-element elementor-element-4ed48e8 elementor-widget elementor-widget-heading\" data-id=\"4ed48e8\" data-element_type=\"widget\" data-widget_type=\"heading.default\">\n\t\t\t\t<div class=\"elementor-widget-container\">\n\t\t\t\t\t<h2 class=\"elementor-heading-title elementor-size-default\">Invisalign\u00ae<\/h2>\t\t\t\t<\/div>\n\t\t\t\t<\/div>\n\t\t\t\t<div class=\"elementor-element elementor-element-9cf9d03 elementor-widget__width-initial elementor-widget-divider--view-line elementor-widget elementor-widget-divider\" data-id=\"9cf9d03\" data-element_type=\"widget\" data-widget_type=\"divider.default\">\n\t\t\t\t<div class=\"elementor-widget-container\">\n\t\t\t\t\t\t\t<div class=\"elementor-divider\">\n\t\t\t<span class=\"elementor-divider-separator\">\n\t\t\t\t\t\t<\/span>\n\t\t<\/div>\n\t\t\t\t\t\t<\/div>\n\t\t\t\t<\/div>\n\t\t\t\t<div class=\"elementor-element elementor-element-8ece1eb elementor-widget__width-initial elementor-widget elementor-widget-text-editor\" data-id=\"8ece1eb\" data-element_type=\"widget\" data-widget_type=\"text-editor.default\">\n\t\t\t\t<div class=\"elementor-widget-container\">\n\t\t\t\t\t\t\t\t\tInvisalign\u00ae \u00e9 um sistema de tratamento ortod\u00f4ntico que permite corrigir a posi\u00e7\u00e3o dos dentes de uma maneira invis\u00edvel, mais c\u00f3moda e higi\u00e9nica.\t\t\t\t\t\t\t\t<\/div>\n\t\t\t\t<\/div>\n\t\t\t\t\t<\/div>\n\t\t\t\t<\/div>\n\t\t<div class=\"elementor-element elementor-element-21e6551 e-flex e-con-boxed e-con e-parent\" data-id=\"21e6551\" data-element_type=\"container\">\n\t\t\t\t\t<div class=\"e-con-inner\">\n\t\t<div class=\"elementor-element elementor-element-1aca1e3 e-con-full e-flex e-con e-child\" data-id=\"1aca1e3\" data-element_type=\"container\">\n\t\t\t\t<div class=\"elementor-element elementor-element-1abaec4 elementor-widget elementor-widget-heading\" data-id=\"1abaec4\" data-element_type=\"widget\" data-widget_type=\"heading.default\">\n\t\t\t\t<div class=\"elementor-widget-container\">\n\t\t\t\t\t<h2 class=\"elementor-heading-title elementor-size-default\">O que \u00e9 o Invisalign\u00ae?<\/h2>\t\t\t\t<\/div>\n\t\t\t\t<\/div>\n\t\t\t\t<div class=\"elementor-element elementor-element-33989a6 elementor-widget__width-initial elementor-widget elementor-widget-text-editor\" data-id=\"33989a6\" data-element_type=\"widget\" data-widget_type=\"text-editor.default\">\n\t\t\t\t<div class=\"elementor-widget-container\">\n\t\t\t\t\t\t\t\t\t<p>S\u00e3o alinhadores transparentes e remov\u00edveis, mais conhecidas como Invisalign, a marca mais divulgada de alinhadores. Estes aparelhos devem ser usados durante pelo menos 22 horas por dia, ou seja, s\u00e3o retirados apenas para comer e para a higiene oral di\u00e1ria.<br> <\/p><p>Estes alinhadores transparentes s\u00e3o feitos sob medida para cada indiv\u00edduo, utilizando software de Planeamento Digital que permite planear e visualizar os resultados finais de forma muito precisa. Quando colocados nos dentes, estes alinhadores come\u00e7am a exercer press\u00e3o, o que, ao longo do tempo, far\u00e1 com que os dentes fiquem na posi\u00e7\u00e3o desejada. Ser-lhe-\u00e1 fornecido um n\u00famero de alinhadores que ter\u00e1 de trocar semanalmente ou quinzenalmente.  <\/p><p>\u00c0 medida que avan\u00e7a pelos alinhadores, as for\u00e7as s\u00e3o aplicadas nos dentes para os empurrar para a nova posi\u00e7\u00e3o desejada.<br><\/p>\t\t\t\t\t\t\t\t<\/div>\n\t\t\t\t<\/div>\n\t\t\t\t<div class=\"elementor-element elementor-element-85b48fc elementor-widget elementor-widget-heading\" data-id=\"85b48fc\" data-element_type=\"widget\" data-widget_type=\"heading.default\">\n\t\t\t\t<div class=\"elementor-widget-container\">\n\t\t\t\t\t<h2 class=\"elementor-heading-title elementor-size-default\">O Invisalign\u00ae resulta?<\/h2>\t\t\t\t<\/div>\n\t\t\t\t<\/div>\n\t\t\t\t<div class=\"elementor-element elementor-element-5994529 elementor-widget__width-initial elementor-widget elementor-widget-text-editor\" data-id=\"5994529\" data-element_type=\"widget\" data-widget_type=\"text-editor.default\">\n\t\t\t\t<div class=\"elementor-widget-container\">\n\t\t\t\t\t\t\t\t\t<p>Sim, resultados de tratamento muito semelhantes aos obtidos com aparelhos fixos podem ser alcan\u00e7ados. Estes podem ser otimizados com o uso de acess\u00f3rios, como mini-implantes ortod\u00f4nticos, el\u00e1sticos intra e inter-maxilares, bot\u00f5es dent\u00e1rios, entre outros, para atingir os resultados desejados. A sua colabora\u00e7\u00e3o \u00e9 essencial para obter o melhor resultado poss\u00edvel no menor tempo de tratamento.  <\/p>\t\t\t\t\t\t\t\t<\/div>\n\t\t\t\t<\/div>\n\t\t\t\t<div class=\"elementor-element elementor-element-9c170d6 elementor-widget elementor-widget-button\" data-id=\"9c170d6\" data-element_type=\"widget\" data-widget_type=\"button.default\">\n\t\t\t\t<div class=\"elementor-widget-container\">\n\t\t\t\t\t\t\t\t\t<div class=\"elementor-button-wrapper\">\n\t\t\t\t\t<a class=\"elementor-button elementor-button-link elementor-size-sm\" href=\"https:\/\/bouchedentalgroup.lu\/pt-pt\/landing\/bouche-ortodontia-pt\/\" target=\"_blank\">\n\t\t\t\t\t\t<span class=\"elementor-button-content-wrapper\">\n\t\t\t\t\t\t\t\t\t<span class=\"elementor-button-text\">Marcar Consulta<\/span>\n\t\t\t\t\t<\/span>\n\t\t\t\t\t<\/a>\n\t\t\t\t<\/div>\n\t\t\t\t\t\t\t\t<\/div>\n\t\t\t\t<\/div>\n\t\t\t\t<\/div>\n\t\t<div class=\"elementor-element elementor-element-5a891de e-con-full e-flex e-con e-child\" data-id=\"5a891de\" data-element_type=\"container\">\n\t\t\t\t<div class=\"elementor-element elementor-element-5a76e75 elementor-widget elementor-widget-image\" data-id=\"5a76e75\" data-element_type=\"widget\" data-widget_type=\"image.default\">\n\t\t\t\t<div class=\"elementor-widget-container\">\n\t\t\t\t\t\t\t\t\t\t\t\t\t\t\t<img loading=\"lazy\" decoding=\"async\" width=\"800\" height=\"1000\" src=\"https:\/\/bouchedentalgroup.lu\/wp-content\/uploads\/2024\/12\/Invisalign-819x1024.webp\" class=\"attachment-large size-large wp-image-9429\" alt=\"\" srcset=\"https:\/\/bouchedentalgroup.lu\/wp-content\/uploads\/2024\/12\/Invisalign-819x1024.webp 819w, https:\/\/bouchedentalgroup.lu\/wp-content\/uploads\/2024\/12\/Invisalign-240x300.webp 240w, https:\/\/bouchedentalgroup.lu\/wp-content\/uploads\/2024\/12\/Invisalign-768x960.webp 768w, https:\/\/bouchedentalgroup.lu\/wp-content\/uploads\/2024\/12\/Invisalign-1229x1536.webp 1229w, https:\/\/bouchedentalgroup.lu\/wp-content\/uploads\/2024\/12\/Invisalign.webp 1600w\" sizes=\"auto, (max-width: 800px) 100vw, 800px\" \/>\t\t\t\t\t\t\t\t\t\t\t\t\t\t\t<\/div>\n\t\t\t\t<\/div>\n\t\t\t\t<\/div>\n\t\t\t\t\t<\/div>\n\t\t\t\t<\/div>\n\t\t<div class=\"elementor-element elementor-element-3a2f410 e-flex e-con-boxed e-con e-parent\" data-id=\"3a2f410\" data-element_type=\"container\">\n\t\t\t\t\t<div class=\"e-con-inner\">\n\t\t<div class=\"elementor-element elementor-element-66719f1 e-con-full e-flex e-con e-child\" data-id=\"66719f1\" data-element_type=\"container\">\n\t\t\t\t<div class=\"elementor-element elementor-element-ea2ffb6 elementor-widget elementor-widget-heading\" data-id=\"ea2ffb6\" data-element_type=\"widget\" data-widget_type=\"heading.default\">\n\t\t\t\t<div class=\"elementor-widget-container\">\n\t\t\t\t\t<h2 class=\"elementor-heading-title elementor-size-default\">A que se deve o pre\u00e7o mais elevado?<\/h2>\t\t\t\t<\/div>\n\t\t\t\t<\/div>\n\t\t\t\t<div class=\"elementor-element elementor-element-898eb00 elementor-widget__width-initial elementor-widget elementor-widget-text-editor\" data-id=\"898eb00\" data-element_type=\"widget\" data-widget_type=\"text-editor.default\">\n\t\t\t\t<div class=\"elementor-widget-container\">\n\t\t\t\t\t\t\t\t\t<p>O processo de diagn\u00f3stico e planeamento do tratamento ortod\u00f4ntico Invisalign \u00e9 diferente do dos aparelhos fixos. Existe um planeamento digital do tratamento, e a fabrica\u00e7\u00e3o dos alinhadores depende de laborat\u00f3rios externos \u00e0 pr\u00e1tica do ortodontista, o que torna o tratamento mais caro. <\/p>\t\t\t\t\t\t\t\t<\/div>\n\t\t\t\t<\/div>\n\t\t\t\t<\/div>\n\t\t\t\t\t<\/div>\n\t\t\t\t<\/div>\n\t\t<div class=\"elementor-element elementor-element-838fc00 e-flex e-con-boxed e-con e-parent\" data-id=\"838fc00\" data-element_type=\"container\">\n\t\t\t\t\t<div class=\"e-con-inner\">\n\t\t<div class=\"elementor-element elementor-element-b344767 e-con-full e-flex e-con e-child\" data-id=\"b344767\" data-element_type=\"container\">\n\t\t\t\t<div class=\"elementor-element elementor-element-733c6c8 elementor-widget elementor-widget-heading\" data-id=\"733c6c8\" data-element_type=\"widget\" data-widget_type=\"heading.default\">\n\t\t\t\t<div class=\"elementor-widget-container\">\n\t\t\t\t\t<h2 class=\"elementor-heading-title elementor-size-default\">Quais s\u00e3o as vantagens de um tratamento Invisalign\u00ae em rela\u00e7\u00e3o a outros aparelhos ortod\u00f4nticos?<\/h2>\t\t\t\t<\/div>\n\t\t\t\t<\/div>\n\t\t\t\t<div class=\"elementor-element elementor-element-4d44631 elementor-widget__width-initial elementor-widget elementor-widget-text-editor\" data-id=\"4d44631\" data-element_type=\"widget\" data-widget_type=\"text-editor.default\">\n\t\t\t\t<div class=\"elementor-widget-container\">\n\t\t\t\t\t\t\t\t\t<p>As principais vantagens dos alinhadores s\u00e3o a apar\u00eancia est\u00e9tica durante o tratamento, a maior facilidade de realizar uma higiene oral mais eficaz e o controlo dos movimentos dent\u00e1rios, uma vez que s\u00e3o planeados digitalmente. Al\u00e9m disso, este sistema ortod\u00f4ntico \u00e9 muito confort\u00e1vel e f\u00e1cil de usar, e os alinhadores s\u00e3o muito resistentes, pois, gra\u00e7as \u00e0 composi\u00e7\u00e3o tecnol\u00f3gica do material, geralmente n\u00e3o est\u00e3o sujeitos a rupturas ou fracturas. Eles aderem aos dentes com o m\u00e1ximo de conforto e seguran\u00e7a.  <\/p>\t\t\t\t\t\t\t\t<\/div>\n\t\t\t\t<\/div>\n\t\t\t\t<\/div>\n\t\t\t\t\t<\/div>\n\t\t\t\t<\/div>\n\t\t\t\t<\/div>\n\t\t","protected":false},"excerpt":{"rendered":"<p>Invisalign\u00ae Invisalign\u00ae \u00e9 um sistema de tratamento ortod\u00f4ntico que permite corrigir a posi\u00e7\u00e3o dos dentes de uma maneira invis\u00edvel, mais c\u00f3moda e higi\u00e9nica. O que \u00e9 o Invisalign\u00ae? S\u00e3o alinhadores transparentes e remov\u00edveis, mais conhecidas como Invisalign, a marca mais divulgada de alinhadores. Estes aparelhos devem ser usados durante pelo menos 22 horas por dia, [&hellip;]<\/p>\n","protected":false},"author":1,"featured_media":0,"parent":0,"menu_order":0,"comment_status":"closed","ping_status":"closed","template":"","meta":{"footnotes":""},"class_list":["post-5950","page","type-page","status-publish","hentry"],"_links":{"self":[{"href":"https:\/\/bouchedentalgroup.lu\/pt-pt\/wp-json\/wp\/v2\/pages\/5950","targetHints":{"allow":["GET"]}}],"collection":[{"href":"https:\/\/bouchedentalgroup.lu\/pt-pt\/wp-json\/wp\/v2\/pages"}],"about":[{"href":"https:\/\/bouchedentalgroup.lu\/pt-pt\/wp-json\/wp\/v2\/types\/page"}],"author":[{"embeddable":true,"href":"https:\/\/bouchedentalgroup.lu\/pt-pt\/wp-json\/wp\/v2\/users\/1"}],"replies":[{"embeddable":true,"href":"https:\/\/bouchedentalgroup.lu\/pt-pt\/wp-json\/wp\/v2\/comments?post=5950"}],"version-history":[{"count":5,"href":"https:\/\/bouchedentalgroup.lu\/pt-pt\/wp-json\/wp\/v2\/pages\/5950\/revisions"}],"predecessor-version":[{"id":14068,"href":"https:\/\/bouchedentalgroup.lu\/pt-pt\/wp-json\/wp\/v2\/pages\/5950\/revisions\/14068"}],"wp:attachment":[{"href":"https:\/\/bouchedentalgroup.lu\/pt-pt\/wp-json\/wp\/v2\/media?parent=5950"}],"curies":[{"name":"wp","href":"https:\/\/api.w.org\/{rel}","templated":true}]}}