{"id":5954,"date":"2024-08-07T20:48:04","date_gmt":"2024-08-07T18:48:04","guid":{"rendered":"https:\/\/staging.pt\/bouchedev\/digital-smile-design\/"},"modified":"2025-06-13T08:59:12","modified_gmt":"2025-06-13T08:59:12","slug":"digital-smile-design-bouche-dental-group","status":"publish","type":"page","link":"https:\/\/bouchedentalgroup.lu\/pt-pt\/digital-smile-design-bouche-dental-group\/","title":{"rendered":"Digital Smile Design"},"content":{"rendered":"\t\t<div data-elementor-type=\"wp-page\" data-elementor-id=\"5954\" class=\"elementor elementor-5954 elementor-2500\" data-elementor-post-type=\"page\">\n\t\t\t\t<div class=\"elementor-element elementor-element-668910c e-flex e-con-boxed e-con e-parent\" data-id=\"668910c\" data-element_type=\"container\" data-settings=\"{&quot;background_background&quot;:&quot;classic&quot;}\">\n\t\t\t\t\t<div class=\"e-con-inner\">\n\t\t\t\t\t<\/div>\n\t\t\t\t<\/div>\n\t\t<div class=\"elementor-element elementor-element-5110423 e-flex e-con-boxed e-con e-parent\" data-id=\"5110423\" data-element_type=\"container\">\n\t\t\t\t\t<div class=\"e-con-inner\">\n\t\t\t\t<div class=\"elementor-element elementor-element-6c37838 elementor-widget elementor-widget-heading\" data-id=\"6c37838\" data-element_type=\"widget\" data-widget_type=\"heading.default\">\n\t\t\t\t<div class=\"elementor-widget-container\">\n\t\t\t\t\t<h2 class=\"elementor-heading-title elementor-size-default\">Digital Smile Design<\/h2>\t\t\t\t<\/div>\n\t\t\t\t<\/div>\n\t\t\t\t<div class=\"elementor-element elementor-element-df3f5fc elementor-widget__width-initial elementor-widget-divider--view-line elementor-widget elementor-widget-divider\" data-id=\"df3f5fc\" data-element_type=\"widget\" data-widget_type=\"divider.default\">\n\t\t\t\t<div class=\"elementor-widget-container\">\n\t\t\t\t\t\t\t<div class=\"elementor-divider\">\n\t\t\t<span class=\"elementor-divider-separator\">\n\t\t\t\t\t\t<\/span>\n\t\t<\/div>\n\t\t\t\t\t\t<\/div>\n\t\t\t\t<\/div>\n\t\t\t\t<div class=\"elementor-element elementor-element-03bc856 elementor-widget__width-initial elementor-widget elementor-widget-text-editor\" data-id=\"03bc856\" data-element_type=\"widget\" data-widget_type=\"text-editor.default\">\n\t\t\t\t<div class=\"elementor-widget-container\">\n\t\t\t\t\t\t\t\t\t<p>O Digital Smile Design (DSD) consiste em desenhar o seu novo sorriso atrav\u00e9s de um computador, o utilizador e o profissional t\u00eam desta forma a possibilidade de escolher o tipo e a forma dos dentes de acordo com as carater\u00edsticas do rosto de cada pessoa, real\u00e7ando a sua harmonia e beleza. Desta forma, existe a possibilidade de escolher a cor e a forma dos dentes com que se identifica e visualizar o seu aspeto antes de iniciar qualquer procedimento. Isto \u00e9 poss\u00edvel atrav\u00e9s de uma simula\u00e7\u00e3o 3D, que permite visualizar o potencial resultado final e efetuar as altera\u00e7\u00f5es que se considerem adequadas.<\/p><p>A primeira etapa consiste em recolher uma s\u00e9rie de dados para efetuar uma an\u00e1lise facial completa com base numa digitaliza\u00e7\u00e3o facial e dent\u00e1ria em 3D e numa an\u00e1lise din\u00e2mica do sorriso atrav\u00e9s de um v\u00eddeo. Com base nesse mesmo estudo est\u00e9tico, \u00e9-lhe apresentada uma proposta de design de sorriso totalmente personalizada atrav\u00e9s de uma simula\u00e7\u00e3o virtual.<\/p>\t\t\t\t\t\t\t\t<\/div>\n\t\t\t\t<\/div>\n\t\t\t\t\t<\/div>\n\t\t\t\t<\/div>\n\t\t<div class=\"elementor-element elementor-element-41af1d3 e-flex e-con-boxed e-con e-parent\" data-id=\"41af1d3\" data-element_type=\"container\">\n\t\t\t\t\t<div class=\"e-con-inner\">\n\t\t<div class=\"elementor-element elementor-element-f696f24 e-con-full e-flex e-con e-child\" data-id=\"f696f24\" data-element_type=\"container\">\n\t\t\t\t<div class=\"elementor-element elementor-element-6f2c94b elementor-widget elementor-widget-image\" data-id=\"6f2c94b\" data-element_type=\"widget\" data-widget_type=\"image.default\">\n\t\t\t\t<div class=\"elementor-widget-container\">\n\t\t\t\t\t\t\t\t\t\t\t\t\t\t\t<img loading=\"lazy\" decoding=\"async\" width=\"800\" height=\"571\" src=\"https:\/\/bouchedentalgroup.lu\/wp-content\/uploads\/2025\/03\/Digital-Smile-Design-1024x731.webp\" class=\"attachment-large size-large wp-image-10382\" alt=\"\" srcset=\"https:\/\/bouchedentalgroup.lu\/wp-content\/uploads\/2025\/03\/Digital-Smile-Design-1024x731.webp 1024w, https:\/\/bouchedentalgroup.lu\/wp-content\/uploads\/2025\/03\/Digital-Smile-Design-300x214.webp 300w, https:\/\/bouchedentalgroup.lu\/wp-content\/uploads\/2025\/03\/Digital-Smile-Design-768x549.webp 768w, https:\/\/bouchedentalgroup.lu\/wp-content\/uploads\/2025\/03\/Digital-Smile-Design.webp 1470w\" sizes=\"auto, (max-width: 800px) 100vw, 800px\" \/>\t\t\t\t\t\t\t\t\t\t\t\t\t\t\t<\/div>\n\t\t\t\t<\/div>\n\t\t\t\t<\/div>\n\t\t<div class=\"elementor-element elementor-element-d41fb28 e-con-full e-flex e-con e-child\" data-id=\"d41fb28\" data-element_type=\"container\">\n\t\t\t\t<div class=\"elementor-element elementor-element-7950eb7 elementor-widget elementor-widget-image\" data-id=\"7950eb7\" data-element_type=\"widget\" data-widget_type=\"image.default\">\n\t\t\t\t<div class=\"elementor-widget-container\">\n\t\t\t\t\t\t\t\t\t\t\t\t\t\t\t<img loading=\"lazy\" decoding=\"async\" width=\"800\" height=\"572\" src=\"https:\/\/bouchedentalgroup.lu\/wp-content\/uploads\/2025\/03\/Digital-Smile-Design-1024x732.jpg\" class=\"attachment-large size-large wp-image-10388\" alt=\"\" srcset=\"https:\/\/bouchedentalgroup.lu\/wp-content\/uploads\/2025\/03\/Digital-Smile-Design-1024x732.jpg 1024w, https:\/\/bouchedentalgroup.lu\/wp-content\/uploads\/2025\/03\/Digital-Smile-Design-300x214.jpg 300w, https:\/\/bouchedentalgroup.lu\/wp-content\/uploads\/2025\/03\/Digital-Smile-Design-768x549.jpg 768w, https:\/\/bouchedentalgroup.lu\/wp-content\/uploads\/2025\/03\/Digital-Smile-Design-1536x1097.jpg 1536w, https:\/\/bouchedentalgroup.lu\/wp-content\/uploads\/2025\/03\/Digital-Smile-Design.jpg 2000w\" sizes=\"auto, (max-width: 800px) 100vw, 800px\" \/>\t\t\t\t\t\t\t\t\t\t\t\t\t\t\t<\/div>\n\t\t\t\t<\/div>\n\t\t\t\t<\/div>\n\t\t\t\t\t<\/div>\n\t\t\t\t<\/div>\n\t\t<div class=\"elementor-element elementor-element-5964a77 e-flex e-con-boxed e-con e-parent\" data-id=\"5964a77\" data-element_type=\"container\">\n\t\t\t\t\t<div class=\"e-con-inner\">\n\t\t<div class=\"elementor-element elementor-element-1b26162 e-con-full e-flex e-con e-child\" data-id=\"1b26162\" data-element_type=\"container\">\n\t\t\t\t<div class=\"elementor-element elementor-element-3fc66af elementor-widget__width-initial elementor-widget elementor-widget-text-editor\" data-id=\"3fc66af\" data-element_type=\"widget\" data-widget_type=\"text-editor.default\">\n\t\t\t\t<div class=\"elementor-widget-container\">\n\t\t\t\t\t\t\t\t\t<p>Al\u00e9m disso, se necess\u00e1rio, podem ser utilizados outros tratamentos faciais complementares para maximizar e otimizar o resultado final do sorriso. A vis\u00e3o 360\u00b0 do tratamento da est\u00e9tica facial traz-lhe uma medicina dent\u00e1ria est\u00e9tica de elevado rigor, qualidade e excel\u00eancia.<\/p><p>Uma vez aceite a proposta do sorriso, na maioria das vezes, o sorriso pode ser testado na pessoa antes de iniciar o tratamento, utilizando uma impress\u00e3o 3D, uma maquete, que permite uma avalia\u00e7\u00e3o pr\u00e9via mais realista e din\u00e2mica na boca do indiv\u00edduo.<\/p>\t\t\t\t\t\t\t\t<\/div>\n\t\t\t\t<\/div>\n\t\t\t\t<\/div>\n\t\t\t\t\t<\/div>\n\t\t\t\t<\/div>\n\t\t<div class=\"elementor-element elementor-element-3a417ff e-flex e-con-boxed e-con e-parent\" data-id=\"3a417ff\" data-element_type=\"container\">\n\t\t\t\t\t<div class=\"e-con-inner\">\n\t\t<div class=\"elementor-element elementor-element-9bf546b e-con-full e-flex e-con e-child\" data-id=\"9bf546b\" data-element_type=\"container\">\n\t\t\t\t<div class=\"elementor-element elementor-element-d9a982f elementor-widget elementor-widget-heading\" data-id=\"d9a982f\" data-element_type=\"widget\" data-widget_type=\"heading.default\">\n\t\t\t\t<div class=\"elementor-widget-container\">\n\t\t\t\t\t<h2 class=\"elementor-heading-title elementor-size-default\">Qual \u00e9 o conceito de Doador do Sorriso?<\/h2>\t\t\t\t<\/div>\n\t\t\t\t<\/div>\n\t\t\t\t<div class=\"elementor-element elementor-element-e419234 elementor-widget__width-initial elementor-widget elementor-widget-text-editor\" data-id=\"e419234\" data-element_type=\"widget\" data-widget_type=\"text-editor.default\">\n\t\t\t\t<div class=\"elementor-widget-container\">\n\t\t\t\t\t\t\t\t\t<p>Gra\u00e7as ao scanner intra-oral, os profissionais podem oferecer-lhe o conceito Doador do Sorriso. Este conceito consiste no facto de cada pessoa ter a possibilidade de escolher um familiar ou amigo que tenha um formato de dente que lhe agrade para o desenho do seu pr\u00f3prio sorriso.<\/p>\t\t\t\t\t\t\t\t<\/div>\n\t\t\t\t<\/div>\n\t\t\t\t<div class=\"elementor-element elementor-element-b22a611 elementor-widget elementor-widget-heading\" data-id=\"b22a611\" data-element_type=\"widget\" data-widget_type=\"heading.default\">\n\t\t\t\t<div class=\"elementor-widget-container\">\n\t\t\t\t\t<h2 class=\"elementor-heading-title elementor-size-default\">O que \u00e9 o Smile Backup?<\/h2>\t\t\t\t<\/div>\n\t\t\t\t<\/div>\n\t\t\t\t<div class=\"elementor-element elementor-element-0f3664b elementor-widget__width-initial elementor-widget elementor-widget-text-editor\" data-id=\"0f3664b\" data-element_type=\"widget\" data-widget_type=\"text-editor.default\">\n\t\t\t\t<div class=\"elementor-widget-container\">\n\t\t\t\t\t\t\t\t\t<p>Existe tamb\u00e9m um \u201cconceito Smile Backup\u201d, um sistema que consiste em fazer uma digitaliza\u00e7\u00e3o 3D dos seus dentes e guard\u00e1-los para o futuro em caso de necessidade. No caso de um dente sofrer um acidente ou mesmo uma c\u00e1rie agressiva, pode ser substitu\u00eddo copiando a sua forma e tamanho do dente de reserva.<\/p>\t\t\t\t\t\t\t\t<\/div>\n\t\t\t\t<\/div>\n\t\t\t\t<div class=\"elementor-element elementor-element-b68dcc1 elementor-widget elementor-widget-button\" data-id=\"b68dcc1\" data-element_type=\"widget\" data-widget_type=\"button.default\">\n\t\t\t\t<div class=\"elementor-widget-container\">\n\t\t\t\t\t\t\t\t\t<div class=\"elementor-button-wrapper\">\n\t\t\t\t\t<a class=\"elementor-button elementor-button-link elementor-size-sm\" href=\"#footer_contactos\">\n\t\t\t\t\t\t<span class=\"elementor-button-content-wrapper\">\n\t\t\t\t\t\t\t\t\t<span class=\"elementor-button-text\">Encontre o seu dentista<\/span>\n\t\t\t\t\t<\/span>\n\t\t\t\t\t<\/a>\n\t\t\t\t<\/div>\n\t\t\t\t\t\t\t\t<\/div>\n\t\t\t\t<\/div>\n\t\t\t\t<\/div>\n\t\t<div class=\"elementor-element elementor-element-8dc7026 e-con-full e-flex e-con e-child\" data-id=\"8dc7026\" data-element_type=\"container\">\n\t\t\t\t<div class=\"elementor-element elementor-element-5c416cc elementor-widget elementor-widget-image\" data-id=\"5c416cc\" data-element_type=\"widget\" data-widget_type=\"image.default\">\n\t\t\t\t<div class=\"elementor-widget-container\">\n\t\t\t\t\t\t\t\t\t\t\t\t\t\t\t<img loading=\"lazy\" decoding=\"async\" width=\"730\" height=\"914\" src=\"https:\/\/bouchedentalgroup.lu\/wp-content\/uploads\/2024\/09\/2-Teeth-Whitening.jpg\" class=\"attachment-large size-large wp-image-5420\" alt=\"\" srcset=\"https:\/\/bouchedentalgroup.lu\/wp-content\/uploads\/2024\/09\/2-Teeth-Whitening.jpg 730w, https:\/\/bouchedentalgroup.lu\/wp-content\/uploads\/2024\/09\/2-Teeth-Whitening-240x300.jpg 240w\" sizes=\"auto, (max-width: 730px) 100vw, 730px\" \/>\t\t\t\t\t\t\t\t\t\t\t\t\t\t\t<\/div>\n\t\t\t\t<\/div>\n\t\t\t\t<\/div>\n\t\t\t\t\t<\/div>\n\t\t\t\t<\/div>\n\t\t\t\t<\/div>\n\t\t","protected":false},"excerpt":{"rendered":"<p>Digital Smile Design O Digital Smile Design (DSD) consiste em desenhar o seu novo sorriso atrav\u00e9s de um computador, o utilizador e o profissional t\u00eam desta forma a possibilidade de escolher o tipo e a forma dos dentes de acordo com as carater\u00edsticas do rosto de cada pessoa, real\u00e7ando a sua harmonia e beleza. Desta [&hellip;]<\/p>\n","protected":false},"author":1,"featured_media":0,"parent":0,"menu_order":0,"comment_status":"closed","ping_status":"closed","template":"","meta":{"footnotes":""},"class_list":["post-5954","page","type-page","status-publish","hentry"],"_links":{"self":[{"href":"https:\/\/bouchedentalgroup.lu\/pt-pt\/wp-json\/wp\/v2\/pages\/5954","targetHints":{"allow":["GET"]}}],"collection":[{"href":"https:\/\/bouchedentalgroup.lu\/pt-pt\/wp-json\/wp\/v2\/pages"}],"about":[{"href":"https:\/\/bouchedentalgroup.lu\/pt-pt\/wp-json\/wp\/v2\/types\/page"}],"author":[{"embeddable":true,"href":"https:\/\/bouchedentalgroup.lu\/pt-pt\/wp-json\/wp\/v2\/users\/1"}],"replies":[{"embeddable":true,"href":"https:\/\/bouchedentalgroup.lu\/pt-pt\/wp-json\/wp\/v2\/comments?post=5954"}],"version-history":[{"count":5,"href":"https:\/\/bouchedentalgroup.lu\/pt-pt\/wp-json\/wp\/v2\/pages\/5954\/revisions"}],"predecessor-version":[{"id":12115,"href":"https:\/\/bouchedentalgroup.lu\/pt-pt\/wp-json\/wp\/v2\/pages\/5954\/revisions\/12115"}],"wp:attachment":[{"href":"https:\/\/bouchedentalgroup.lu\/pt-pt\/wp-json\/wp\/v2\/media?parent=5954"}],"curies":[{"name":"wp","href":"https:\/\/api.w.org\/{rel}","templated":true}]}}