{"id":5976,"date":"2024-08-07T20:51:33","date_gmt":"2024-08-07T18:51:33","guid":{"rendered":"https:\/\/staging.pt\/bouchedev\/cirurgia-plastica-periodontal\/"},"modified":"2025-06-13T09:08:49","modified_gmt":"2025-06-13T09:08:49","slug":"cirurgia-plastica-periodontal","status":"publish","type":"page","link":"https:\/\/bouchedentalgroup.lu\/pt-pt\/cirurgia-plastica-periodontal\/","title":{"rendered":"Cirurgia Pl\u00e1stica Periodontal"},"content":{"rendered":"\t\t<div data-elementor-type=\"wp-page\" data-elementor-id=\"5976\" class=\"elementor elementor-5976 elementor-2525\" data-elementor-post-type=\"page\">\n\t\t\t\t<div class=\"elementor-element elementor-element-9665555 e-flex e-con-boxed e-con e-parent\" data-id=\"9665555\" data-element_type=\"container\" data-settings=\"{&quot;background_background&quot;:&quot;classic&quot;}\">\n\t\t\t\t\t<div class=\"e-con-inner\">\n\t\t\t\t\t<\/div>\n\t\t\t\t<\/div>\n\t\t<div class=\"elementor-element elementor-element-6935d6e e-flex e-con-boxed e-con e-parent\" data-id=\"6935d6e\" data-element_type=\"container\">\n\t\t\t\t\t<div class=\"e-con-inner\">\n\t\t\t\t<div class=\"elementor-element elementor-element-00af58a elementor-widget elementor-widget-heading\" data-id=\"00af58a\" data-element_type=\"widget\" data-widget_type=\"heading.default\">\n\t\t\t\t<div class=\"elementor-widget-container\">\n\t\t\t\t\t<h2 class=\"elementor-heading-title elementor-size-default\">Cirurgia Pl\u00e1stica Periodontal<\/h2>\t\t\t\t<\/div>\n\t\t\t\t<\/div>\n\t\t\t\t<div class=\"elementor-element elementor-element-5657007 elementor-widget__width-initial elementor-widget-divider--view-line elementor-widget elementor-widget-divider\" data-id=\"5657007\" data-element_type=\"widget\" data-widget_type=\"divider.default\">\n\t\t\t\t<div class=\"elementor-widget-container\">\n\t\t\t\t\t\t\t<div class=\"elementor-divider\">\n\t\t\t<span class=\"elementor-divider-separator\">\n\t\t\t\t\t\t<\/span>\n\t\t<\/div>\n\t\t\t\t\t\t<\/div>\n\t\t\t\t<\/div>\n\t\t\t\t<div class=\"elementor-element elementor-element-ca15b13 elementor-widget__width-initial elementor-widget elementor-widget-text-editor\" data-id=\"ca15b13\" data-element_type=\"widget\" data-widget_type=\"text-editor.default\">\n\t\t\t\t<div class=\"elementor-widget-container\">\n\t\t\t\t\t\t\t\t\t<p>Muitas pessoas sentem que a apar\u00eancia dos dentes superiores est\u00e1 demasiado coberta por excesso de tecido gengival. Quando sorri, pode ter a sensa\u00e7\u00e3o de que os dentes superiores parecem demasiado curtos em compara\u00e7\u00e3o com a quantidade de gengiva que aparece. Neste caso, pode ter uma condi\u00e7\u00e3o vulgarmente conhecida como \u201csorriso gengival\u201d ou exposi\u00e7\u00e3o gengival excessiva.<\/p><p>Um sorriso gengival pode ter um impacto negativo na est\u00e9tica do seu sorriso. A boa not\u00edcia \u00e9 que este sorriso gengival pode ser corrigido atrav\u00e9s de v\u00e1rias op\u00e7\u00f5es de tratamento.<\/p>\t\t\t\t\t\t\t\t<\/div>\n\t\t\t\t<\/div>\n\t\t\t\t\t<\/div>\n\t\t\t\t<\/div>\n\t\t<div class=\"elementor-element elementor-element-8a982dd e-flex e-con-boxed e-con e-parent\" data-id=\"8a982dd\" data-element_type=\"container\">\n\t\t\t\t\t<div class=\"e-con-inner\">\n\t\t<div class=\"elementor-element elementor-element-544962e e-con-full e-flex e-con e-child\" data-id=\"544962e\" data-element_type=\"container\">\n\t\t\t\t<div class=\"elementor-element elementor-element-a85ced8 elementor-widget__width-initial elementor-widget elementor-widget-text-editor\" data-id=\"a85ced8\" data-element_type=\"widget\" data-widget_type=\"text-editor.default\">\n\t\t\t\t<div class=\"elementor-widget-container\">\n\t\t\t\t\t\t\t\t\t<p>Como as causas podem ser diferentes, o diagn\u00f3stico pode e deve ser feito em conjunto por um especialista em cirurgia maxilofacial, um m\u00e9dico dentista e um cirurgi\u00e3o pl\u00e1stico. Esta \u00e9 a melhor forma de abordar o diagn\u00f3stico, analisando todas as causas e as poss\u00edveis altera\u00e7\u00f5es a serem realizadas. Existem v\u00e1rios fatores que podem provocar um &#8221;desequil\u00edbrio est\u00e9tico gengival&#8221; e o agravamento da sa\u00fade oral, por isso, \u00e9 importante estar atento aos seguintes sintomas:<\/p><ul><li>Changes in gum colour or signs of inflammation.<\/li><li>Placa bacteriana (t\u00e1rtaro)<\/li><li>Gengivas a sangrar;<\/li><li>Patologias orais;<\/li><li>Altera\u00e7\u00f5es no posicionamento \u00f3sseo (casos gen\u00e9ticos que requerem avalia\u00e7\u00e3o cl\u00ednica).<\/li><\/ul><p><br>Os fatores mencionados acima podem levar a um aumento excessivo do tecido gengival sobre os dentes ou \u00e0 sua retra\u00e7\u00e3o, com perda parcial desse tecido. A avalia\u00e7\u00e3o profissional verificar\u00e1 se h\u00e1 alguma deformidade est\u00e9tica que precise de ser corrigida atrav\u00e9s da cirurgia pl\u00e1stica periodontal.<\/p>\t\t\t\t\t\t\t\t<\/div>\n\t\t\t\t<\/div>\n\t\t\t\t<div class=\"elementor-element elementor-element-66a9ee5 elementor-widget elementor-widget-button\" data-id=\"66a9ee5\" data-element_type=\"widget\" data-widget_type=\"button.default\">\n\t\t\t\t<div class=\"elementor-widget-container\">\n\t\t\t\t\t\t\t\t\t<div class=\"elementor-button-wrapper\">\n\t\t\t\t\t<a class=\"elementor-button elementor-button-link elementor-size-sm\" href=\"#footer_contactos\">\n\t\t\t\t\t\t<span class=\"elementor-button-content-wrapper\">\n\t\t\t\t\t\t\t\t\t<span class=\"elementor-button-text\">Marcar Consulta<\/span>\n\t\t\t\t\t<\/span>\n\t\t\t\t\t<\/a>\n\t\t\t\t<\/div>\n\t\t\t\t\t\t\t\t<\/div>\n\t\t\t\t<\/div>\n\t\t\t\t<\/div>\n\t\t<div class=\"elementor-element elementor-element-4ca71ee e-con-full e-flex e-con e-child\" data-id=\"4ca71ee\" data-element_type=\"container\">\n\t\t\t\t<div class=\"elementor-element elementor-element-34e9d6f elementor-widget elementor-widget-image\" data-id=\"34e9d6f\" data-element_type=\"widget\" data-widget_type=\"image.default\">\n\t\t\t\t<div class=\"elementor-widget-container\">\n\t\t\t\t\t\t\t\t\t\t\t\t\t\t\t<img loading=\"lazy\" decoding=\"async\" width=\"409\" height=\"507\" src=\"https:\/\/bouchedentalgroup.lu\/wp-content\/uploads\/2024\/09\/traitement-de-la-parodontite-plus-tard.jpg\" class=\"attachment-full size-full wp-image-5484\" alt=\"\" srcset=\"https:\/\/bouchedentalgroup.lu\/wp-content\/uploads\/2024\/09\/traitement-de-la-parodontite-plus-tard.jpg 409w, https:\/\/bouchedentalgroup.lu\/wp-content\/uploads\/2024\/09\/traitement-de-la-parodontite-plus-tard-242x300.jpg 242w\" sizes=\"auto, (max-width: 409px) 100vw, 409px\" \/>\t\t\t\t\t\t\t\t\t\t\t\t\t\t\t<\/div>\n\t\t\t\t<\/div>\n\t\t\t\t<\/div>\n\t\t\t\t\t<\/div>\n\t\t\t\t<\/div>\n\t\t<div class=\"elementor-element elementor-element-7d60586 e-flex e-con-boxed e-con e-parent\" data-id=\"7d60586\" data-element_type=\"container\">\n\t\t\t\t\t<div class=\"e-con-inner\">\n\t\t<div class=\"elementor-element elementor-element-bf8b250 e-con-full e-flex e-con e-child\" data-id=\"bf8b250\" data-element_type=\"container\">\n\t\t\t\t<div class=\"elementor-element elementor-element-04a1039 elementor-widget__width-initial elementor-widget elementor-widget-text-editor\" data-id=\"04a1039\" data-element_type=\"widget\" data-widget_type=\"text-editor.default\">\n\t\t\t\t<div class=\"elementor-widget-container\">\n\t\t\t\t\t\t\t\t\t<p>A cirurgia pl\u00e1stica periodontal \u00e9 um procedimento cir\u00fargico cujo o objetivo \u00e9 corrigir defeitos nas gengivas que o incomodam esteticamente e que tiram a sua vontade genu\u00edna de sorrir no dia a dia.<\/p><p>Ap\u00f3s a cirurgia, a harmoniza\u00e7\u00e3o do sorriso apresenta uma melhoria significativa. No entanto, a realiza\u00e7\u00e3o da Cirurgia Pl\u00e1stica Periodontal est\u00e1 condicionada \u00e0 boa sa\u00fade oral do indiv\u00edduo. Por esse motivo, qualquer problema de sa\u00fade oral deve ser tratado antes deste procedimento.<\/p><p>Em geral, as principais queixas que levam as pessoas a procurar a Cirurgia Pl\u00e1stica Periodontal s\u00e3o a retra\u00e7\u00e3o gengival ou o seu excesso (conhecido como sorriso gengival), sejam elas naturais ou consequ\u00eancia de trauma mec\u00e2nico ou sequelas de algum tratamento anterior.<\/p><p>Nos casos em que h\u00e1 retra\u00e7\u00e3o gengival, \u00e9 realizado um enxerto gengival no indiv\u00edduo. Nos casos em que o problema \u00e9 o sorriso gengival, os resultados desejados s\u00e3o alcan\u00e7ados atrav\u00e9s de t\u00e9cnicas de remo\u00e7\u00e3o (subtrativas).<\/p><p>Tal como os dentes, as gengivas s\u00e3o extremamente importantes para a harmonia da est\u00e9tica dent\u00e1ria. Uma gengiva saud\u00e1vel deve ter uma apar\u00eancia rosada, sem vermelhid\u00e3o, incha\u00e7o, recess\u00e3o ou crescimento exagerado sobre os dentes. Quando existir algum destes aspetos, \u00e9 necess\u00e1rio procurar um profissional para avalia\u00e7\u00e3o.<\/p>\t\t\t\t\t\t\t\t<\/div>\n\t\t\t\t<\/div>\n\t\t\t\t<\/div>\n\t\t\t\t\t<\/div>\n\t\t\t\t<\/div>\n\t\t<div class=\"elementor-element elementor-element-fd1e9c7 e-flex e-con-boxed e-con e-parent\" data-id=\"fd1e9c7\" data-element_type=\"container\" data-settings=\"{&quot;background_background&quot;:&quot;classic&quot;}\">\n\t\t\t\t\t<div class=\"e-con-inner\">\n\t\t\t\t\t<\/div>\n\t\t\t\t<\/div>\n\t\t<div class=\"elementor-element elementor-element-c255cfb e-flex e-con-boxed e-con e-parent\" data-id=\"c255cfb\" data-element_type=\"container\">\n\t\t\t\t\t<div class=\"e-con-inner\">\n\t\t<div class=\"elementor-element elementor-element-4ad65f5 e-con-full e-flex e-con e-child\" data-id=\"4ad65f5\" data-element_type=\"container\">\n\t\t\t\t<div class=\"elementor-element elementor-element-9bd1ae2 elementor-widget elementor-widget-heading\" data-id=\"9bd1ae2\" data-element_type=\"widget\" data-widget_type=\"heading.default\">\n\t\t\t\t<div class=\"elementor-widget-container\">\n\t\t\t\t\t<h2 class=\"elementor-heading-title elementor-size-default\">O que \u00e9 a cirurgia pl\u00e1stica periodontal?<\/h2>\t\t\t\t<\/div>\n\t\t\t\t<\/div>\n\t\t\t\t<div class=\"elementor-element elementor-element-cbfc983 elementor-widget__width-initial elementor-widget elementor-widget-text-editor\" data-id=\"cbfc983\" data-element_type=\"widget\" data-widget_type=\"text-editor.default\">\n\t\t\t\t<div class=\"elementor-widget-container\">\n\t\t\t\t\t\t\t\t\t<p>A cirurgia periodontal, tamb\u00e9m conhecida como gengivoplastia, \u00e9 um procedimento para a corre\u00e7\u00e3o de defeitos nas gengivas. A realiza\u00e7\u00e3o do procedimento garante um sorriso mais harmonioso e natural, al\u00e9m de excelentes resultados est\u00e9ticos.<\/p><p>O procedimento atua de duas formas para melhorar a est\u00e9tica gengival: removendo o tecido em excesso e promovendo a sua recupera\u00e7\u00e3o.<\/p><p>Aumento gengival: crescimento desordenado das gengivas sobre os dentes, conhecido como hiperplasia gengival.<br> <br> <br> A cirurgia periodontal atua na remo\u00e7\u00e3o com o objetivo de corrigir e aumentar a exposi\u00e7\u00e3o dos dentes.<\/p><p>Recess\u00e3o gengival: retra\u00e7\u00e3o e perda do tecido gengival. A cirurgia periodontal atua no preenchimento das \u00e1reas que necessitam de recupera\u00e7\u00e3o.<br> <br> <br> <br><\/p><p>A cirurgia pl\u00e1stica periodontal \u00e9 recomendada para pessoas que t\u00eam um sorriso com muita exposi\u00e7\u00e3o gengival ou que apresentam um espa\u00e7o entre as gengivas e os dentes.<\/p>\t\t\t\t\t\t\t\t<\/div>\n\t\t\t\t<\/div>\n\t\t\t\t<div class=\"elementor-element elementor-element-83538fe elementor-widget elementor-widget-button\" data-id=\"83538fe\" data-element_type=\"widget\" data-widget_type=\"button.default\">\n\t\t\t\t<div class=\"elementor-widget-container\">\n\t\t\t\t\t\t\t\t\t<div class=\"elementor-button-wrapper\">\n\t\t\t\t\t<a class=\"elementor-button elementor-button-link elementor-size-sm\" href=\"#footer_contactos\">\n\t\t\t\t\t\t<span class=\"elementor-button-content-wrapper\">\n\t\t\t\t\t\t\t\t\t<span class=\"elementor-button-text\">Marcar Consulta<\/span>\n\t\t\t\t\t<\/span>\n\t\t\t\t\t<\/a>\n\t\t\t\t<\/div>\n\t\t\t\t\t\t\t\t<\/div>\n\t\t\t\t<\/div>\n\t\t\t\t<\/div>\n\t\t\t\t\t<\/div>\n\t\t\t\t<\/div>\n\t\t<div class=\"elementor-element elementor-element-0696b6b e-flex e-con-boxed e-con e-parent\" data-id=\"0696b6b\" data-element_type=\"container\">\n\t\t\t\t\t<div class=\"e-con-inner\">\n\t\t<div class=\"elementor-element elementor-element-18b5bb9 e-con-full e-flex e-con e-child\" data-id=\"18b5bb9\" data-element_type=\"container\">\n\t\t\t\t<div class=\"elementor-element elementor-element-1ab0014 elementor-widget elementor-widget-heading\" data-id=\"1ab0014\" data-element_type=\"widget\" data-widget_type=\"heading.default\">\n\t\t\t\t<div class=\"elementor-widget-container\">\n\t\t\t\t\t<h2 class=\"elementor-heading-title elementor-size-default\">Cirurgia pl\u00e1stica periodontal para enxerto gengival<\/h2>\t\t\t\t<\/div>\n\t\t\t\t<\/div>\n\t\t\t\t<div class=\"elementor-element elementor-element-d402bcb elementor-widget__width-initial elementor-widget elementor-widget-text-editor\" data-id=\"d402bcb\" data-element_type=\"widget\" data-widget_type=\"text-editor.default\">\n\t\t\t\t<div class=\"elementor-widget-container\">\n\t\t\t\t\t\t\t\t\t<p>A cirurgia pl\u00e1stica periodontal (enxertos gengivais) tem como objetivo restaurar a \u00e1rea da boca que perdeu tecido. O procedimento \u00e9 realizado removendo por\u00e7\u00f5es de tecido gengival de \u00e1reas saud\u00e1veis e colocando-as nas \u00e1reas onde h\u00e1 falta de tecido. The procedure is indicated for people who have lost gum tissue, either through trauma or retraction, which can occur due to genetic conditions or oral diseases.<\/p>\t\t\t\t\t\t\t\t<\/div>\n\t\t\t\t<\/div>\n\t\t\t\t<\/div>\n\t\t<div class=\"elementor-element elementor-element-411729a e-con-full e-flex e-con e-child\" data-id=\"411729a\" data-element_type=\"container\">\n\t\t\t\t<div class=\"elementor-element elementor-element-94aebfa elementor-widget elementor-widget-image\" data-id=\"94aebfa\" data-element_type=\"widget\" data-widget_type=\"image.default\">\n\t\t\t\t<div class=\"elementor-widget-container\">\n\t\t\t\t\t\t\t\t\t\t\t\t\t\t\t<img loading=\"lazy\" decoding=\"async\" width=\"492\" height=\"210\" src=\"https:\/\/bouchedentalgroup.lu\/wp-content\/uploads\/2024\/09\/parodontologie-1.jpg\" class=\"attachment-large size-large wp-image-5488\" alt=\"\" srcset=\"https:\/\/bouchedentalgroup.lu\/wp-content\/uploads\/2024\/09\/parodontologie-1.jpg 492w, https:\/\/bouchedentalgroup.lu\/wp-content\/uploads\/2024\/09\/parodontologie-1-300x128.jpg 300w\" sizes=\"auto, (max-width: 492px) 100vw, 492px\" \/>\t\t\t\t\t\t\t\t\t\t\t\t\t\t\t<\/div>\n\t\t\t\t<\/div>\n\t\t\t\t<\/div>\n\t\t\t\t\t<\/div>\n\t\t\t\t<\/div>\n\t\t<div class=\"elementor-element elementor-element-e52fc6b e-flex e-con-boxed e-con e-parent\" data-id=\"e52fc6b\" data-element_type=\"container\">\n\t\t\t\t\t<div class=\"e-con-inner\">\n\t\t<div class=\"elementor-element elementor-element-4542086 e-con-full e-flex e-con e-child\" data-id=\"4542086\" data-element_type=\"container\">\n\t\t\t\t<div class=\"elementor-element elementor-element-8511384 elementor-widget elementor-widget-heading\" data-id=\"8511384\" data-element_type=\"widget\" data-widget_type=\"heading.default\">\n\t\t\t\t<div class=\"elementor-widget-container\">\n\t\t\t\t\t<h2 class=\"elementor-heading-title elementor-size-default\">Como se realiza este tipo de cirurgia?<\/h2>\t\t\t\t<\/div>\n\t\t\t\t<\/div>\n\t\t\t\t<div class=\"elementor-element elementor-element-c93b0e1 elementor-widget__width-initial elementor-widget elementor-widget-text-editor\" data-id=\"c93b0e1\" data-element_type=\"widget\" data-widget_type=\"text-editor.default\">\n\t\t\t\t<div class=\"elementor-widget-container\">\n\t\t\t\t\t\t\t\t\t<p>Embora seja uma cirurgia simples, \u00e9 recomend\u00e1vel que seja realizado um planeamento pr\u00e9-operat\u00f3rio, pois trata-se de um procedimento irrevers\u00edvel e, se n\u00e3o for realizado corretamente, pode causar algum desconforto est\u00e9tico. Recomenda-se que os profissionais realizem uma simula\u00e7\u00e3o virtual, permitindo visualizar o resultado final.<\/p>\t\t\t\t\t\t\t\t<\/div>\n\t\t\t\t<\/div>\n\t\t\t\t<\/div>\n\t\t\t\t\t<\/div>\n\t\t\t\t<\/div>\n\t\t\t\t<\/div>\n\t\t","protected":false},"excerpt":{"rendered":"<p>Cirurgia Pl\u00e1stica Periodontal Muitas pessoas sentem que a apar\u00eancia dos dentes superiores est\u00e1 demasiado coberta por excesso de tecido gengival. Quando sorri, pode ter a sensa\u00e7\u00e3o de que os dentes superiores parecem demasiado curtos em compara\u00e7\u00e3o com a quantidade de gengiva que aparece. Neste caso, pode ter uma condi\u00e7\u00e3o vulgarmente conhecida como \u201csorriso gengival\u201d ou [&hellip;]<\/p>\n","protected":false},"author":1,"featured_media":0,"parent":0,"menu_order":0,"comment_status":"closed","ping_status":"closed","template":"","meta":{"footnotes":""},"class_list":["post-5976","page","type-page","status-publish","hentry"],"_links":{"self":[{"href":"https:\/\/bouchedentalgroup.lu\/pt-pt\/wp-json\/wp\/v2\/pages\/5976","targetHints":{"allow":["GET"]}}],"collection":[{"href":"https:\/\/bouchedentalgroup.lu\/pt-pt\/wp-json\/wp\/v2\/pages"}],"about":[{"href":"https:\/\/bouchedentalgroup.lu\/pt-pt\/wp-json\/wp\/v2\/types\/page"}],"author":[{"embeddable":true,"href":"https:\/\/bouchedentalgroup.lu\/pt-pt\/wp-json\/wp\/v2\/users\/1"}],"replies":[{"embeddable":true,"href":"https:\/\/bouchedentalgroup.lu\/pt-pt\/wp-json\/wp\/v2\/comments?post=5976"}],"version-history":[{"count":5,"href":"https:\/\/bouchedentalgroup.lu\/pt-pt\/wp-json\/wp\/v2\/pages\/5976\/revisions"}],"predecessor-version":[{"id":12139,"href":"https:\/\/bouchedentalgroup.lu\/pt-pt\/wp-json\/wp\/v2\/pages\/5976\/revisions\/12139"}],"wp:attachment":[{"href":"https:\/\/bouchedentalgroup.lu\/pt-pt\/wp-json\/wp\/v2\/media?parent=5976"}],"curies":[{"name":"wp","href":"https:\/\/api.w.org\/{rel}","templated":true}]}}