{"id":5988,"date":"2024-08-07T20:52:31","date_gmt":"2024-08-07T18:52:31","guid":{"rendered":"https:\/\/staging.pt\/bouchedev\/oclusao\/"},"modified":"2025-06-13T08:57:39","modified_gmt":"2025-06-13T08:57:39","slug":"oclusao-bouche-dental-group","status":"publish","type":"page","link":"https:\/\/bouchedentalgroup.lu\/pt-pt\/oclusao-bouche-dental-group\/","title":{"rendered":"Oclus\u00e3o"},"content":{"rendered":"\t\t<div data-elementor-type=\"wp-page\" data-elementor-id=\"5988\" class=\"elementor elementor-5988 elementor-2539\" data-elementor-post-type=\"page\">\n\t\t\t\t<div class=\"elementor-element elementor-element-ffc24f7 e-flex e-con-boxed e-con e-parent\" data-id=\"ffc24f7\" data-element_type=\"container\" data-settings=\"{&quot;background_background&quot;:&quot;classic&quot;}\">\n\t\t\t\t\t<div class=\"e-con-inner\">\n\t\t\t\t\t<\/div>\n\t\t\t\t<\/div>\n\t\t<div class=\"elementor-element elementor-element-8e411aa e-flex e-con-boxed e-con e-parent\" data-id=\"8e411aa\" data-element_type=\"container\">\n\t\t\t\t\t<div class=\"e-con-inner\">\n\t\t\t\t<div class=\"elementor-element elementor-element-f37ab5a elementor-widget elementor-widget-heading\" data-id=\"f37ab5a\" data-element_type=\"widget\" data-widget_type=\"heading.default\">\n\t\t\t\t<div class=\"elementor-widget-container\">\n\t\t\t\t\t<h2 class=\"elementor-heading-title elementor-size-default\">Oclus\u00e3o<\/h2>\t\t\t\t<\/div>\n\t\t\t\t<\/div>\n\t\t\t\t<div class=\"elementor-element elementor-element-45a4487 elementor-widget__width-initial elementor-widget-divider--view-line elementor-widget elementor-widget-divider\" data-id=\"45a4487\" data-element_type=\"widget\" data-widget_type=\"divider.default\">\n\t\t\t\t<div class=\"elementor-widget-container\">\n\t\t\t\t\t\t\t<div class=\"elementor-divider\">\n\t\t\t<span class=\"elementor-divider-separator\">\n\t\t\t\t\t\t<\/span>\n\t\t<\/div>\n\t\t\t\t\t\t<\/div>\n\t\t\t\t<\/div>\n\t\t\t\t<div class=\"elementor-element elementor-element-3860db1 elementor-widget__width-initial elementor-widget elementor-widget-text-editor\" data-id=\"3860db1\" data-element_type=\"widget\" data-widget_type=\"text-editor.default\">\n\t\t\t\t<div class=\"elementor-widget-container\">\n\t\t\t\t\t\t\t\t\t<p>A oclus\u00e3o dent\u00e1ria \u00e9 a forma como os seus dentes se relacionam uns com os outros. Para alcan\u00e7ar a oclus\u00e3o ideal \u00e9 necess\u00e1rio estabelecer uma rela\u00e7\u00e3o correta entre as mand\u00edbulas, e um posicionamento dent\u00e1rio que permita a manuten\u00e7\u00e3o de todas as fun\u00e7\u00f5es orais &#8211; mastiga\u00e7\u00e3o, fala, degluti\u00e7\u00e3o e est\u00e9tica.<\/p>\t\t\t\t\t\t\t\t<\/div>\n\t\t\t\t<\/div>\n\t\t\t\t\t<\/div>\n\t\t\t\t<\/div>\n\t\t<div class=\"elementor-element elementor-element-dde667b e-flex e-con-boxed e-con e-parent\" data-id=\"dde667b\" data-element_type=\"container\">\n\t\t\t\t\t<div class=\"e-con-inner\">\n\t\t<div class=\"elementor-element elementor-element-08d7246 e-con-full e-flex e-con e-child\" data-id=\"08d7246\" data-element_type=\"container\">\n\t\t\t\t<div class=\"elementor-element elementor-element-88adb9a elementor-widget elementor-widget-image\" data-id=\"88adb9a\" data-element_type=\"widget\" data-widget_type=\"image.default\">\n\t\t\t\t<div class=\"elementor-widget-container\">\n\t\t\t\t\t\t\t\t\t\t\t\t\t\t\t<img loading=\"lazy\" decoding=\"async\" width=\"753\" height=\"640\" src=\"https:\/\/bouchedentalgroup.lu\/wp-content\/uploads\/2024\/09\/oclusao-3.jpg\" class=\"attachment-large size-large wp-image-5522\" alt=\"\" srcset=\"https:\/\/bouchedentalgroup.lu\/wp-content\/uploads\/2024\/09\/oclusao-3.jpg 753w, https:\/\/bouchedentalgroup.lu\/wp-content\/uploads\/2024\/09\/oclusao-3-300x255.jpg 300w\" sizes=\"auto, (max-width: 753px) 100vw, 753px\" \/>\t\t\t\t\t\t\t\t\t\t\t\t\t\t\t<\/div>\n\t\t\t\t<\/div>\n\t\t\t\t<\/div>\n\t\t<div class=\"elementor-element elementor-element-39cb1fb e-con-full e-flex e-con e-child\" data-id=\"39cb1fb\" data-element_type=\"container\">\n\t\t\t\t<div class=\"elementor-element elementor-element-fb76ed1 elementor-widget__width-initial elementor-widget elementor-widget-text-editor\" data-id=\"fb76ed1\" data-element_type=\"widget\" data-widget_type=\"text-editor.default\">\n\t\t\t\t<div class=\"elementor-widget-container\">\n\t\t\t\t\t\t\t\t\t<p>A m\u00e1 oclus\u00e3o dent\u00e1ria pode levar \u00e0 altera\u00e7\u00e3o de uma ou de todas essas fun\u00e7\u00f5es, bem como, em alguns casos, \u00e0 disfun\u00e7\u00e3o da articula\u00e7\u00e3o temporomandibular.<\/p><p>A disfun\u00e7\u00e3o da articula\u00e7\u00e3o temporomandibular em sentido amplo resulta do funcionamento anormal dos m\u00fasculos mastigat\u00f3rios, da articula\u00e7\u00e3o temporomandibular (ATM), das estruturas associadas ou de ambas na regi\u00e3o bucofacial ou cervical.<\/p><p>Pode causar dores de cabe\u00e7a ou pesco\u00e7o, ru\u00eddos articulares (cliques), zumbido ou plenitude no ouvido, bloqueio ao abrir ou fechar a boca, abertura limitada da boca, desgaste nos dentes e dificuldades de mastiga\u00e7\u00e3o. Pode modificar as caracter\u00edsticas psicossom\u00e1ticas do indiv\u00edduo, reduzindo a sua qualidade de vida.<\/p>\t\t\t\t\t\t\t\t<\/div>\n\t\t\t\t<\/div>\n\t\t\t\t<div class=\"elementor-element elementor-element-58629b0 elementor-widget elementor-widget-button\" data-id=\"58629b0\" data-element_type=\"widget\" data-widget_type=\"button.default\">\n\t\t\t\t<div class=\"elementor-widget-container\">\n\t\t\t\t\t\t\t\t\t<div class=\"elementor-button-wrapper\">\n\t\t\t\t\t<a class=\"elementor-button elementor-button-link elementor-size-sm\" href=\"#footer_contactos\">\n\t\t\t\t\t\t<span class=\"elementor-button-content-wrapper\">\n\t\t\t\t\t\t\t\t\t<span class=\"elementor-button-text\">Marcar Consulta<\/span>\n\t\t\t\t\t<\/span>\n\t\t\t\t\t<\/a>\n\t\t\t\t<\/div>\n\t\t\t\t\t\t\t\t<\/div>\n\t\t\t\t<\/div>\n\t\t\t\t<\/div>\n\t\t\t\t\t<\/div>\n\t\t\t\t<\/div>\n\t\t<div class=\"elementor-element elementor-element-b3ee3d0 e-flex e-con-boxed e-con e-parent\" data-id=\"b3ee3d0\" data-element_type=\"container\">\n\t\t\t\t\t<div class=\"e-con-inner\">\n\t\t<div class=\"elementor-element elementor-element-781061f e-con-full e-flex e-con e-child\" data-id=\"781061f\" data-element_type=\"container\">\n\t\t\t\t<div class=\"elementor-element elementor-element-fb1b0c6 elementor-widget elementor-widget-heading\" data-id=\"fb1b0c6\" data-element_type=\"widget\" data-widget_type=\"heading.default\">\n\t\t\t\t<div class=\"elementor-widget-container\">\n\t\t\t\t\t<h2 class=\"elementor-heading-title elementor-size-default\">Tipos de Oclus\u00e3o Dent\u00e1ria e como trat\u00e1-los correctamente<\/h2>\t\t\t\t<\/div>\n\t\t\t\t<\/div>\n\t\t\t\t<div class=\"elementor-element elementor-element-9fee363 elementor-widget__width-initial elementor-widget elementor-widget-text-editor\" data-id=\"9fee363\" data-element_type=\"widget\" data-widget_type=\"text-editor.default\">\n\t\t\t\t<div class=\"elementor-widget-container\">\n\t\t\t\t\t\t\t\t\t<p>Oclus\u00e3o \u00e9 a rela\u00e7\u00e3o funcional entre os componentes do sistema mastigat\u00f3rio. Este sistema inclui os dentes, as gengivas, o sistema neuromuscular, as articula\u00e7\u00f5es temporomandibulares e o esqueleto craniofacial.<\/p><p>Por esta raz\u00e3o, a oclus\u00e3o \u00e9 uma especialidade essencial da medicina dent\u00e1ria, respons\u00e1vel pelo tratamento ou preven\u00e7\u00e3o do equil\u00edbrio do sistema estomatogn\u00e1tico, restaurando ou mantendo a sua sa\u00fade oral, bem como a sua sa\u00fade geral.<\/p>\t\t\t\t\t\t\t\t<\/div>\n\t\t\t\t<\/div>\n\t\t\t\t<\/div>\n\t\t\t\t\t<\/div>\n\t\t\t\t<\/div>\n\t\t<div class=\"elementor-element elementor-element-b2cac66 e-flex e-con-boxed e-con e-parent\" data-id=\"b2cac66\" data-element_type=\"container\">\n\t\t\t\t\t<div class=\"e-con-inner\">\n\t\t<div class=\"elementor-element elementor-element-53ba5ff e-con-full e-flex e-con e-child\" data-id=\"53ba5ff\" data-element_type=\"container\">\n\t\t\t\t<div class=\"elementor-element elementor-element-b82250b elementor-widget elementor-widget-heading\" data-id=\"b82250b\" data-element_type=\"widget\" data-widget_type=\"heading.default\">\n\t\t\t\t<div class=\"elementor-widget-container\">\n\t\t\t\t\t<h2 class=\"elementor-heading-title elementor-size-default\">Como \u00e9 que \u00e9 a Oclus\u00e3o ideal?<\/h2>\t\t\t\t<\/div>\n\t\t\t\t<\/div>\n\t\t\t\t<div class=\"elementor-element elementor-element-28b80d8 elementor-widget__width-initial elementor-widget elementor-widget-text-editor\" data-id=\"28b80d8\" data-element_type=\"widget\" data-widget_type=\"text-editor.default\">\n\t\t\t\t<div class=\"elementor-widget-container\">\n\t\t\t\t\t\t\t\t\t<p>Em qualquer indiv\u00edduo, ao longo do tempo, os componentes respons\u00e1veis pela oclus\u00e3o evoluem; os ossos craniofaciais, os pr\u00f3prios dentes e o tecido periodontal e gengival de suporte se adaptam de acordo com est\u00edmulos internos e fatores externos.<\/p><p>A oclus\u00e3o \u00e9, portanto, o resultado das rela\u00e7\u00f5es din\u00e2micas e mut\u00e1veis entre os diferentes elementos do sistema estomatogn\u00e1tico.<\/p><p>Os seguintes fatores est\u00e3o presentes numa oclus\u00e3o dent\u00e1ria ideal:<\/p><ul><li>\u00c9 uma oclus\u00e3o c\u00eantrica;<\/li><li>Mant\u00e9m uma dire\u00e7\u00e3o axial e uma distribui\u00e7\u00e3o proporcional das for\u00e7as;<\/li><li>Mostra um espa\u00e7o interdental adequado;<\/li><li>Mant\u00e9m o contato harmonioso e equilibrado entre os dentes caninos em movimentos laterais.<\/li><\/ul>\t\t\t\t\t\t\t\t<\/div>\n\t\t\t\t<\/div>\n\t\t\t\t<\/div>\n\t\t<div class=\"elementor-element elementor-element-8c8b44f e-con-full e-flex e-con e-child\" data-id=\"8c8b44f\" data-element_type=\"container\">\n\t\t\t\t<div class=\"elementor-element elementor-element-ab8ed3f elementor-widget elementor-widget-image\" data-id=\"ab8ed3f\" data-element_type=\"widget\" data-widget_type=\"image.default\">\n\t\t\t\t<div class=\"elementor-widget-container\">\n\t\t\t\t\t\t\t\t\t\t\t\t\t\t\t<img loading=\"lazy\" decoding=\"async\" width=\"753\" height=\"746\" src=\"https:\/\/bouchedentalgroup.lu\/wp-content\/uploads\/2024\/09\/3-5-oclusao.jpg\" class=\"attachment-large size-large wp-image-5524\" alt=\"\" \/>\t\t\t\t\t\t\t\t\t\t\t\t\t\t\t<\/div>\n\t\t\t\t<\/div>\n\t\t\t\t<\/div>\n\t\t\t\t\t<\/div>\n\t\t\t\t<\/div>\n\t\t<div class=\"elementor-element elementor-element-ddd1c55 e-flex e-con-boxed e-con e-parent\" data-id=\"ddd1c55\" data-element_type=\"container\">\n\t\t\t\t\t<div class=\"e-con-inner\">\n\t\t<div class=\"elementor-element elementor-element-66bdf56 e-con-full e-flex e-con e-child\" data-id=\"66bdf56\" data-element_type=\"container\">\n\t\t\t\t<div class=\"elementor-element elementor-element-d915cec elementor-widget elementor-widget-heading\" data-id=\"d915cec\" data-element_type=\"widget\" data-widget_type=\"heading.default\">\n\t\t\t\t<div class=\"elementor-widget-container\">\n\t\t\t\t\t<h2 class=\"elementor-heading-title elementor-size-default\">Qual \u00e9 a posi\u00e7\u00e3o dos dentes na oclus\u00e3o dent\u00e1ria ideal?<\/h2>\t\t\t\t<\/div>\n\t\t\t\t<\/div>\n\t\t\t\t<div class=\"elementor-element elementor-element-c25c72f elementor-widget__width-initial elementor-widget elementor-widget-text-editor\" data-id=\"c25c72f\" data-element_type=\"widget\" data-widget_type=\"text-editor.default\">\n\t\t\t\t<div class=\"elementor-widget-container\">\n\t\t\t\t\t\t\t\t\tNo correto tipo de oclus\u00e3o dent\u00e1ria observa-se que os dentes da arcada superior contactam com os dentes da arcada inferior.\t\t\t\t\t\t\t\t<\/div>\n\t\t\t\t<\/div>\n\t\t\t\t<\/div>\n\t\t\t\t\t<\/div>\n\t\t\t\t<\/div>\n\t\t<div class=\"elementor-element elementor-element-9909e1b e-flex e-con-boxed e-con e-parent\" data-id=\"9909e1b\" data-element_type=\"container\" data-settings=\"{&quot;background_background&quot;:&quot;classic&quot;}\">\n\t\t\t\t\t<div class=\"e-con-inner\">\n\t\t\t\t\t<\/div>\n\t\t\t\t<\/div>\n\t\t<div class=\"elementor-element elementor-element-ba788d2 e-flex e-con-boxed e-con e-parent\" data-id=\"ba788d2\" data-element_type=\"container\">\n\t\t\t\t\t<div class=\"e-con-inner\">\n\t\t<div class=\"elementor-element elementor-element-fd29412 e-con-full e-flex e-con e-child\" data-id=\"fd29412\" data-element_type=\"container\">\n\t\t\t\t<div class=\"elementor-element elementor-element-58d28c3 elementor-widget elementor-widget-heading\" data-id=\"58d28c3\" data-element_type=\"widget\" data-widget_type=\"heading.default\">\n\t\t\t\t<div class=\"elementor-widget-container\">\n\t\t\t\t\t<h2 class=\"elementor-heading-title elementor-size-default\">Incisivos<\/h2>\t\t\t\t<\/div>\n\t\t\t\t<\/div>\n\t\t\t\t<div class=\"elementor-element elementor-element-0ae91d5 elementor-widget__width-initial elementor-widget elementor-widget-text-editor\" data-id=\"0ae91d5\" data-element_type=\"widget\" data-widget_type=\"text-editor.default\">\n\t\t\t\t<div class=\"elementor-widget-container\">\n\t\t\t\t\t\t\t\t\t<p>The incisors of the upper arch are superimposed on the lower incisors;<\/p><p>Devem cobrir-se no m\u00e1ximo um ter\u00e7o da coroa cl\u00ednica dos dentes inferiores.<\/p>\t\t\t\t\t\t\t\t<\/div>\n\t\t\t\t<\/div>\n\t\t\t\t<\/div>\n\t\t<div class=\"elementor-element elementor-element-f5b2e54 e-con-full e-flex e-con e-child\" data-id=\"f5b2e54\" data-element_type=\"container\">\n\t\t\t\t<div class=\"elementor-element elementor-element-9718e4d elementor-widget elementor-widget-image\" data-id=\"9718e4d\" data-element_type=\"widget\" data-widget_type=\"image.default\">\n\t\t\t\t<div class=\"elementor-widget-container\">\n\t\t\t\t\t\t\t\t\t\t\t\t\t\t\t<img loading=\"lazy\" decoding=\"async\" width=\"800\" height=\"255\" src=\"https:\/\/bouchedentalgroup.lu\/wp-content\/uploads\/2024\/09\/4-5-oclusao-1024x327.jpg\" class=\"attachment-large size-large wp-image-5528\" alt=\"\" srcset=\"https:\/\/bouchedentalgroup.lu\/wp-content\/uploads\/2024\/09\/4-5-oclusao-1024x327.jpg 1024w, https:\/\/bouchedentalgroup.lu\/wp-content\/uploads\/2024\/09\/4-5-oclusao-300x96.jpg 300w, https:\/\/bouchedentalgroup.lu\/wp-content\/uploads\/2024\/09\/4-5-oclusao-768x245.jpg 768w, https:\/\/bouchedentalgroup.lu\/wp-content\/uploads\/2024\/09\/4-5-oclusao.jpg 1070w\" sizes=\"auto, (max-width: 800px) 100vw, 800px\" \/>\t\t\t\t\t\t\t\t\t\t\t\t\t\t\t<\/div>\n\t\t\t\t<\/div>\n\t\t\t\t<\/div>\n\t\t\t\t\t<\/div>\n\t\t\t\t<\/div>\n\t\t<div class=\"elementor-element elementor-element-77d7548 e-flex e-con-boxed e-con e-parent\" data-id=\"77d7548\" data-element_type=\"container\">\n\t\t\t\t\t<div class=\"e-con-inner\">\n\t\t<div class=\"elementor-element elementor-element-d894c0f e-con-full e-flex e-con e-child\" data-id=\"d894c0f\" data-element_type=\"container\">\n\t\t\t\t<div class=\"elementor-element elementor-element-a636aa0 elementor-widget elementor-widget-image\" data-id=\"a636aa0\" data-element_type=\"widget\" data-widget_type=\"image.default\">\n\t\t\t\t<div class=\"elementor-widget-container\">\n\t\t\t\t\t\t\t\t\t\t\t\t\t\t\t<img loading=\"lazy\" decoding=\"async\" width=\"800\" height=\"330\" src=\"https:\/\/bouchedentalgroup.lu\/wp-content\/uploads\/2024\/09\/5-5-oclusao-1024x423.jpg\" class=\"attachment-large size-large wp-image-5530\" alt=\"\" srcset=\"https:\/\/bouchedentalgroup.lu\/wp-content\/uploads\/2024\/09\/5-5-oclusao-1024x423.jpg 1024w, https:\/\/bouchedentalgroup.lu\/wp-content\/uploads\/2024\/09\/5-5-oclusao-300x124.jpg 300w, https:\/\/bouchedentalgroup.lu\/wp-content\/uploads\/2024\/09\/5-5-oclusao-768x317.jpg 768w, https:\/\/bouchedentalgroup.lu\/wp-content\/uploads\/2024\/09\/5-5-oclusao.jpg 1070w\" sizes=\"auto, (max-width: 800px) 100vw, 800px\" \/>\t\t\t\t\t\t\t\t\t\t\t\t\t\t\t<\/div>\n\t\t\t\t<\/div>\n\t\t\t\t<\/div>\n\t\t<div class=\"elementor-element elementor-element-fa9d56a e-con-full e-flex e-con e-child\" data-id=\"fa9d56a\" data-element_type=\"container\">\n\t\t\t\t<div class=\"elementor-element elementor-element-df155ea elementor-widget elementor-widget-heading\" data-id=\"df155ea\" data-element_type=\"widget\" data-widget_type=\"heading.default\">\n\t\t\t\t<div class=\"elementor-widget-container\">\n\t\t\t\t\t<h2 class=\"elementor-heading-title elementor-size-default\">Caninos e pr\u00e9-molares<\/h2>\t\t\t\t<\/div>\n\t\t\t\t<\/div>\n\t\t\t\t<div class=\"elementor-element elementor-element-7b6816b elementor-widget__width-initial elementor-widget elementor-widget-text-editor\" data-id=\"7b6816b\" data-element_type=\"widget\" data-widget_type=\"text-editor.default\">\n\t\t\t\t<div class=\"elementor-widget-container\">\n\t\t\t\t\t\t\t\t\tTal como com os incisivos, o bordo do canino superior tamb\u00e9m deve sobrepor-se em um ter\u00e7o entre o canino e pr\u00e9-molar inferior, tanto do lado direito como do lado esquerdo.\t\t\t\t\t\t\t\t<\/div>\n\t\t\t\t<\/div>\n\t\t\t\t<div class=\"elementor-element elementor-element-9d28ce0 elementor-widget elementor-widget-button\" data-id=\"9d28ce0\" data-element_type=\"widget\" data-widget_type=\"button.default\">\n\t\t\t\t<div class=\"elementor-widget-container\">\n\t\t\t\t\t\t\t\t\t<div class=\"elementor-button-wrapper\">\n\t\t\t\t\t<a class=\"elementor-button elementor-button-link elementor-size-sm\" href=\"#footer_contactos\">\n\t\t\t\t\t\t<span class=\"elementor-button-content-wrapper\">\n\t\t\t\t\t\t\t\t\t<span class=\"elementor-button-text\">Marcar Consulta<\/span>\n\t\t\t\t\t<\/span>\n\t\t\t\t\t<\/a>\n\t\t\t\t<\/div>\n\t\t\t\t\t\t\t\t<\/div>\n\t\t\t\t<\/div>\n\t\t\t\t<\/div>\n\t\t\t\t\t<\/div>\n\t\t\t\t<\/div>\n\t\t<div class=\"elementor-element elementor-element-fe0fd60 e-flex e-con-boxed e-con e-parent\" data-id=\"fe0fd60\" data-element_type=\"container\">\n\t\t\t\t\t<div class=\"e-con-inner\">\n\t\t<div class=\"elementor-element elementor-element-5a9e5c8 e-con-full e-flex e-con e-child\" data-id=\"5a9e5c8\" data-element_type=\"container\">\n\t\t\t\t<div class=\"elementor-element elementor-element-be687c3 elementor-widget elementor-widget-heading\" data-id=\"be687c3\" data-element_type=\"widget\" data-widget_type=\"heading.default\">\n\t\t\t\t<div class=\"elementor-widget-container\">\n\t\t\t\t\t<h2 class=\"elementor-heading-title elementor-size-default\">Molares<\/h2>\t\t\t\t<\/div>\n\t\t\t\t<\/div>\n\t\t\t\t<div class=\"elementor-element elementor-element-5706636 elementor-widget__width-initial elementor-widget elementor-widget-text-editor\" data-id=\"5706636\" data-element_type=\"widget\" data-widget_type=\"text-editor.default\">\n\t\t\t\t<div class=\"elementor-widget-container\">\n\t\t\t\t\t\t\t\t\t<p>Os molares superiores devem fazer contato com a metade distal do molar inferior e mesial da metade seguinte.<\/p><p>Os molares superiores devem sobrepor-se aos molares inferiores por uma c\u00faspide.<\/p><p>Para verificar se a oclus\u00e3o em movimento est\u00e1 correta, s\u00e3o verificados os contatos nos movimentos laterais de todos os dentes. Por outro lado, os dentes do arco superior e inferior devem estar bem alinhados, sem amontoar os dentes.<\/p>\t\t\t\t\t\t\t\t<\/div>\n\t\t\t\t<\/div>\n\t\t\t\t<\/div>\n\t\t<div class=\"elementor-element elementor-element-8a29cec e-con-full e-flex e-con e-child\" data-id=\"8a29cec\" data-element_type=\"container\">\n\t\t\t\t<div class=\"elementor-element elementor-element-642beb7 elementor-widget elementor-widget-image\" data-id=\"642beb7\" data-element_type=\"widget\" data-widget_type=\"image.default\">\n\t\t\t\t<div class=\"elementor-widget-container\">\n\t\t\t\t\t\t\t\t\t\t\t\t\t\t\t<img loading=\"lazy\" decoding=\"async\" width=\"800\" height=\"420\" src=\"https:\/\/bouchedentalgroup.lu\/wp-content\/uploads\/2024\/09\/6-4-oclusao-1024x538.jpg\" class=\"attachment-large size-large wp-image-5532\" alt=\"\" srcset=\"https:\/\/bouchedentalgroup.lu\/wp-content\/uploads\/2024\/09\/6-4-oclusao-1024x538.jpg 1024w, https:\/\/bouchedentalgroup.lu\/wp-content\/uploads\/2024\/09\/6-4-oclusao-300x158.jpg 300w, https:\/\/bouchedentalgroup.lu\/wp-content\/uploads\/2024\/09\/6-4-oclusao-768x403.jpg 768w, https:\/\/bouchedentalgroup.lu\/wp-content\/uploads\/2024\/09\/6-4-oclusao.jpg 1070w\" sizes=\"auto, (max-width: 800px) 100vw, 800px\" \/>\t\t\t\t\t\t\t\t\t\t\t\t\t\t\t<\/div>\n\t\t\t\t<\/div>\n\t\t\t\t<\/div>\n\t\t\t\t\t<\/div>\n\t\t\t\t<\/div>\n\t\t<div class=\"elementor-element elementor-element-411d6a4 e-flex e-con-boxed e-con e-parent\" data-id=\"411d6a4\" data-element_type=\"container\">\n\t\t\t\t\t<div class=\"e-con-inner\">\n\t\t<div class=\"elementor-element elementor-element-198c28b e-con-full e-flex e-con e-child\" data-id=\"198c28b\" data-element_type=\"container\">\n\t\t\t\t<div class=\"elementor-element elementor-element-37b5cda elementor-widget__width-initial elementor-widget elementor-widget-text-editor\" data-id=\"37b5cda\" data-element_type=\"widget\" data-widget_type=\"text-editor.default\">\n\t\t\t\t<div class=\"elementor-widget-container\">\n\t\t\t\t\t\t\t\t\tQualquer irregularidade que impe\u00e7a uma fun\u00e7\u00e3o oclusal adequada \u00e9 conhecida como m\u00e1 oclus\u00e3o e requer tratamento para corrigir a mordida.\t\t\t\t\t\t\t\t<\/div>\n\t\t\t\t<\/div>\n\t\t\t\t<\/div>\n\t\t\t\t\t<\/div>\n\t\t\t\t<\/div>\n\t\t<div class=\"elementor-element elementor-element-bb6969b e-flex e-con-boxed e-con e-parent\" data-id=\"bb6969b\" data-element_type=\"container\">\n\t\t\t\t\t<div class=\"e-con-inner\">\n\t\t\t\t<div class=\"elementor-element elementor-element-1e4529e elementor-widget elementor-widget-heading\" data-id=\"1e4529e\" data-element_type=\"widget\" data-widget_type=\"heading.default\">\n\t\t\t\t<div class=\"elementor-widget-container\">\n\t\t\t\t\t<h2 class=\"elementor-heading-title elementor-size-default\">Encontre o seu Dentista\n<\/h2>\t\t\t\t<\/div>\n\t\t\t\t<\/div>\n\t\t\t\t<div class=\"elementor-element elementor-element-18fb257 elementor-widget__width-initial elementor-widget-divider--view-line elementor-widget elementor-widget-divider\" data-id=\"18fb257\" data-element_type=\"widget\" data-widget_type=\"divider.default\">\n\t\t\t\t<div class=\"elementor-widget-container\">\n\t\t\t\t\t\t\t<div class=\"elementor-divider\">\n\t\t\t<span class=\"elementor-divider-separator\">\n\t\t\t\t\t\t<\/span>\n\t\t<\/div>\n\t\t\t\t\t\t<\/div>\n\t\t\t\t<\/div>\n\t\t\t\t<div class=\"elementor-element elementor-element-0ad1901 elementor-widget__width-initial elementor-widget elementor-widget-text-editor\" data-id=\"0ad1901\" data-element_type=\"widget\" data-widget_type=\"text-editor.default\">\n\t\t\t\t<div class=\"elementor-widget-container\">\n\t\t\t\t\t\t\t\t\t<div class=\"wpb_text_column wpb_content_element vc_custom_1724058542197\"><div class=\"wpb_wrapper\"><p class=\"p1\">Conhe\u00e7a a rede de m\u00e9dicos com quem colaboramos.<\/p><\/div><\/div>\t\t\t\t\t\t\t\t<\/div>\n\t\t\t\t<\/div>\n\t\t\t\t<div class=\"elementor-element elementor-element-8b98bb3 eael_liquid_glass-effect1 eael_liquid_glass_shadow-effect1 elementor-widget elementor-widget-jet-listing-grid\" data-id=\"8b98bb3\" data-element_type=\"widget\" data-settings=\"{&quot;columns&quot;:3,&quot;columns_mobile&quot;:&quot;1&quot;}\" data-widget_type=\"jet-listing-grid.default\">\n\t\t\t\t<div class=\"elementor-widget-container\">\n\t\t\t\t\t<div class=\"jet-listing-grid jet-listing\"><div class=\"jet-listing-not-found jet-listing-grid__items\" data-nav=\"{&quot;enabled&quot;:false,&quot;type&quot;:null,&quot;more_el&quot;:null,&quot;query&quot;:[],&quot;widget_settings&quot;:{&quot;lisitng_id&quot;:3104,&quot;posts_num&quot;:20,&quot;columns&quot;:3,&quot;columns_tablet&quot;:3,&quot;columns_mobile&quot;:1,&quot;column_min_width&quot;:240,&quot;column_min_width_tablet&quot;:240,&quot;column_min_width_mobile&quot;:240,&quot;inline_columns_css&quot;:false,&quot;is_archive_template&quot;:&quot;&quot;,&quot;post_status&quot;:[&quot;publish&quot;],&quot;use_random_posts_num&quot;:&quot;&quot;,&quot;max_posts_num&quot;:9,&quot;not_found_message&quot;:&quot;Nenhum dado foi encontrado&quot;,&quot;is_masonry&quot;:false,&quot;equal_columns_height&quot;:&quot;&quot;,&quot;use_load_more&quot;:&quot;&quot;,&quot;load_more_id&quot;:&quot;&quot;,&quot;load_more_type&quot;:&quot;click&quot;,&quot;load_more_offset&quot;:{&quot;unit&quot;:&quot;px&quot;,&quot;size&quot;:0,&quot;sizes&quot;:[]},&quot;use_custom_post_types&quot;:&quot;&quot;,&quot;custom_post_types&quot;:[],&quot;hide_widget_if&quot;:&quot;&quot;,&quot;carousel_enabled&quot;:&quot;&quot;,&quot;slides_to_scroll&quot;:&quot;1&quot;,&quot;arrows&quot;:&quot;true&quot;,&quot;arrow_icon&quot;:&quot;fa fa-angle-left&quot;,&quot;dots&quot;:&quot;&quot;,&quot;autoplay&quot;:&quot;true&quot;,&quot;pause_on_hover&quot;:&quot;true&quot;,&quot;autoplay_speed&quot;:5000,&quot;infinite&quot;:&quot;true&quot;,&quot;center_mode&quot;:&quot;&quot;,&quot;effect&quot;:&quot;slide&quot;,&quot;speed&quot;:500,&quot;inject_alternative_items&quot;:&quot;&quot;,&quot;injection_items&quot;:[],&quot;scroll_slider_enabled&quot;:&quot;&quot;,&quot;scroll_slider_on&quot;:[&quot;desktop&quot;,&quot;tablet&quot;,&quot;mobile&quot;],&quot;custom_query&quot;:false,&quot;custom_query_id&quot;:&quot;&quot;,&quot;_element_id&quot;:&quot;&quot;,&quot;collapse_first_last_gap&quot;:false,&quot;list_tag_selection&quot;:&quot;&quot;,&quot;list_items_wrapper_tag&quot;:&quot;div&quot;,&quot;list_item_tag&quot;:&quot;div&quot;,&quot;empty_items_wrapper_tag&quot;:&quot;div&quot;}}\" data-listing-source=\"posts\" data-listing-id=\"3104\" data-query-id=\"\" data-queried-id=\"5988|WP_Post\">Nenhum dado foi encontrado<\/div><\/div>\t\t\t\t<\/div>\n\t\t\t\t<\/div>\n\t\t\t\t\t<\/div>\n\t\t\t\t<\/div>\n\t\t\t\t<\/div>\n\t\t","protected":false},"excerpt":{"rendered":"<p>Oclus\u00e3o A oclus\u00e3o dent\u00e1ria \u00e9 a forma como os seus dentes se relacionam uns com os outros. Para alcan\u00e7ar a oclus\u00e3o ideal \u00e9 necess\u00e1rio estabelecer uma rela\u00e7\u00e3o correta entre as mand\u00edbulas, e um posicionamento dent\u00e1rio que permita a manuten\u00e7\u00e3o de todas as fun\u00e7\u00f5es orais &#8211; mastiga\u00e7\u00e3o, fala, degluti\u00e7\u00e3o e est\u00e9tica. A m\u00e1 oclus\u00e3o dent\u00e1ria pode [&hellip;]<\/p>\n","protected":false},"author":1,"featured_media":0,"parent":0,"menu_order":0,"comment_status":"closed","ping_status":"closed","template":"","meta":{"footnotes":""},"class_list":["post-5988","page","type-page","status-publish","hentry"],"_links":{"self":[{"href":"https:\/\/bouchedentalgroup.lu\/pt-pt\/wp-json\/wp\/v2\/pages\/5988","targetHints":{"allow":["GET"]}}],"collection":[{"href":"https:\/\/bouchedentalgroup.lu\/pt-pt\/wp-json\/wp\/v2\/pages"}],"about":[{"href":"https:\/\/bouchedentalgroup.lu\/pt-pt\/wp-json\/wp\/v2\/types\/page"}],"author":[{"embeddable":true,"href":"https:\/\/bouchedentalgroup.lu\/pt-pt\/wp-json\/wp\/v2\/users\/1"}],"replies":[{"embeddable":true,"href":"https:\/\/bouchedentalgroup.lu\/pt-pt\/wp-json\/wp\/v2\/comments?post=5988"}],"version-history":[{"count":5,"href":"https:\/\/bouchedentalgroup.lu\/pt-pt\/wp-json\/wp\/v2\/pages\/5988\/revisions"}],"predecessor-version":[{"id":12112,"href":"https:\/\/bouchedentalgroup.lu\/pt-pt\/wp-json\/wp\/v2\/pages\/5988\/revisions\/12112"}],"wp:attachment":[{"href":"https:\/\/bouchedentalgroup.lu\/pt-pt\/wp-json\/wp\/v2\/media?parent=5988"}],"curies":[{"name":"wp","href":"https:\/\/api.w.org\/{rel}","templated":true}]}}