{"id":6006,"date":"2024-08-07T20:55:52","date_gmt":"2024-08-07T20:55:52","guid":{"rendered":"https:\/\/staging.pt\/bouchedev\/urgencias-dentarias\/"},"modified":"2025-06-13T08:45:20","modified_gmt":"2025-06-13T08:45:20","slug":"urgencias-dentarias-bouche-dental-group","status":"publish","type":"page","link":"https:\/\/bouchedentalgroup.lu\/pt-pt\/urgencias-dentarias-bouche-dental-group\/","title":{"rendered":"Urg\u00eancias Dent\u00e1rias"},"content":{"rendered":"\t\t<div data-elementor-type=\"wp-page\" data-elementor-id=\"6006\" class=\"elementor elementor-6006 elementor-2559\" data-elementor-post-type=\"page\">\n\t\t\t\t<div class=\"elementor-element elementor-element-361efe4 e-flex e-con-boxed e-con e-parent\" data-id=\"361efe4\" data-element_type=\"container\" data-settings=\"{&quot;background_background&quot;:&quot;classic&quot;}\">\n\t\t\t\t\t<div class=\"e-con-inner\">\n\t\t\t\t\t<\/div>\n\t\t\t\t<\/div>\n\t\t<div class=\"elementor-element elementor-element-447d37f e-flex e-con-boxed e-con e-parent\" data-id=\"447d37f\" data-element_type=\"container\">\n\t\t\t\t\t<div class=\"e-con-inner\">\n\t\t\t\t<div class=\"elementor-element elementor-element-0410af9 elementor-widget elementor-widget-heading\" data-id=\"0410af9\" data-element_type=\"widget\" data-widget_type=\"heading.default\">\n\t\t\t\t<div class=\"elementor-widget-container\">\n\t\t\t\t\t<h2 class=\"elementor-heading-title elementor-size-default\">Urg\u00eancias Dent\u00e1rias<\/h2>\t\t\t\t<\/div>\n\t\t\t\t<\/div>\n\t\t\t\t<div class=\"elementor-element elementor-element-8312918 elementor-widget__width-initial elementor-widget-divider--view-line elementor-widget elementor-widget-divider\" data-id=\"8312918\" data-element_type=\"widget\" data-widget_type=\"divider.default\">\n\t\t\t\t<div class=\"elementor-widget-container\">\n\t\t\t\t\t\t\t<div class=\"elementor-divider\">\n\t\t\t<span class=\"elementor-divider-separator\">\n\t\t\t\t\t\t<\/span>\n\t\t<\/div>\n\t\t\t\t\t\t<\/div>\n\t\t\t\t<\/div>\n\t\t\t\t<div class=\"elementor-element elementor-element-3970537 elementor-widget__width-initial elementor-widget elementor-widget-text-editor\" data-id=\"3970537\" data-element_type=\"widget\" data-widget_type=\"text-editor.default\">\n\t\t\t\t<div class=\"elementor-widget-container\">\n\t\t\t\t\t\t\t\t\t<p>As urg\u00eancias dent\u00e1rias s\u00e3o situa\u00e7\u00f5es incomodas que afetam o dia a dia das pessoas. No entanto, h\u00e1 sempre servi\u00e7os de urg\u00eancia que tentam resolver o problema que levou a pessoa \u00e0 emerg\u00eancia e garantir que o seu dia n\u00e3o seja afetado.<\/p>\t\t\t\t\t\t\t\t<\/div>\n\t\t\t\t<\/div>\n\t\t\t\t\t<\/div>\n\t\t\t\t<\/div>\n\t\t<div class=\"elementor-element elementor-element-5c0cb04 e-flex e-con-boxed e-con e-parent\" data-id=\"5c0cb04\" data-element_type=\"container\">\n\t\t\t\t\t<div class=\"e-con-inner\">\n\t\t<div class=\"elementor-element elementor-element-97bc781 e-con-full e-flex e-con e-child\" data-id=\"97bc781\" data-element_type=\"container\">\n\t\t\t\t<div class=\"elementor-element elementor-element-2114c09 elementor-widget__width-initial elementor-widget elementor-widget-text-editor\" data-id=\"2114c09\" data-element_type=\"widget\" data-widget_type=\"text-editor.default\">\n\t\t\t\t<div class=\"elementor-widget-container\">\n\t\t\t\t\t\t\t\t\t<p><strong>Aqui est\u00e3o algumas das situa\u00e7\u00f5es de urg\u00eancia dent\u00e1ria que podem ocorrer:<br><\/strong><\/p><ul><li>Dor de dentes;<\/li><li>Traumatismo;<\/li><li>Infe\u00e7\u00e3o ou inflama\u00e7\u00e3o dent\u00e1ria;<\/li><li>Dor gengival;<\/li><li>Abcesso dent\u00e1rio;<\/li><\/ul><p><br>Desta forma, ao conhecer estes poss\u00edveis epis\u00f3dios de emerg\u00eancia, sabe que em qualquer uma destas situa\u00e7\u00f5es pode contactar-nos e solicitar uma consulta de urg\u00eancia dent\u00e1ria.<\/p>\t\t\t\t\t\t\t\t<\/div>\n\t\t\t\t<\/div>\n\t\t\t\t<div class=\"elementor-element elementor-element-25b6f9f elementor-widget elementor-widget-button\" data-id=\"25b6f9f\" data-element_type=\"widget\" data-widget_type=\"button.default\">\n\t\t\t\t<div class=\"elementor-widget-container\">\n\t\t\t\t\t\t\t\t\t<div class=\"elementor-button-wrapper\">\n\t\t\t\t\t<a class=\"elementor-button elementor-button-link elementor-size-sm\" href=\"#footer_contactos\">\n\t\t\t\t\t\t<span class=\"elementor-button-content-wrapper\">\n\t\t\t\t\t\t\t\t\t<span class=\"elementor-button-text\">Encontre o seu dentista<\/span>\n\t\t\t\t\t<\/span>\n\t\t\t\t\t<\/a>\n\t\t\t\t<\/div>\n\t\t\t\t\t\t\t\t<\/div>\n\t\t\t\t<\/div>\n\t\t\t\t<\/div>\n\t\t<div class=\"elementor-element elementor-element-78af6ac e-con-full e-flex e-con e-child\" data-id=\"78af6ac\" data-element_type=\"container\">\n\t\t\t\t<div class=\"elementor-element elementor-element-e6095d8 elementor-widget elementor-widget-image\" data-id=\"e6095d8\" data-element_type=\"widget\" data-widget_type=\"image.default\">\n\t\t\t\t<div class=\"elementor-widget-container\">\n\t\t\t\t\t\t\t\t\t\t\t\t\t\t\t<img loading=\"lazy\" decoding=\"async\" width=\"800\" height=\"827\" src=\"https:\/\/bouchedentalgroup.lu\/wp-content\/uploads\/2024\/12\/Dental-emergencies.jpg\" class=\"attachment-large size-large wp-image-9455\" alt=\"\" srcset=\"https:\/\/bouchedentalgroup.lu\/wp-content\/uploads\/2024\/12\/Dental-emergencies.jpg 800w, https:\/\/bouchedentalgroup.lu\/wp-content\/uploads\/2024\/12\/Dental-emergencies-290x300.jpg 290w, https:\/\/bouchedentalgroup.lu\/wp-content\/uploads\/2024\/12\/Dental-emergencies-768x794.jpg 768w\" sizes=\"auto, (max-width: 800px) 100vw, 800px\" \/>\t\t\t\t\t\t\t\t\t\t\t\t\t\t\t<\/div>\n\t\t\t\t<\/div>\n\t\t\t\t<\/div>\n\t\t\t\t\t<\/div>\n\t\t\t\t<\/div>\n\t\t<div class=\"elementor-element elementor-element-afe1f05 e-flex e-con-boxed e-con e-parent\" data-id=\"afe1f05\" data-element_type=\"container\">\n\t\t\t\t\t<div class=\"e-con-inner\">\n\t\t<div class=\"elementor-element elementor-element-a1d87c1 e-con-full e-flex e-con e-child\" data-id=\"a1d87c1\" data-element_type=\"container\">\n\t\t\t\t<div class=\"elementor-element elementor-element-f92237e elementor-widget elementor-widget-heading\" data-id=\"f92237e\" data-element_type=\"widget\" data-widget_type=\"heading.default\">\n\t\t\t\t<div class=\"elementor-widget-container\">\n\t\t\t\t\t<h2 class=\"elementor-heading-title elementor-size-default\">O que fazer em caso de Fraturas Dent\u00e1rias?<\/h2>\t\t\t\t<\/div>\n\t\t\t\t<\/div>\n\t\t\t\t<div class=\"elementor-element elementor-element-e216fb7 elementor-widget__width-initial elementor-widget elementor-widget-text-editor\" data-id=\"e216fb7\" data-element_type=\"widget\" data-widget_type=\"text-editor.default\">\n\t\t\t\t<div class=\"elementor-widget-container\">\n\t\t\t\t\t\t\t\t\t<p>Existem v\u00e1rias causas que podem levar \u00e0 fratura dos dentes, seja devido a c\u00e1ries n\u00e3o tratadas, restaura\u00e7\u00f5es antigas muito extensas, m\u00e1 posi\u00e7\u00e3o dent\u00e1ria que causa sobrecarga em certos dentes, ou mesmo devido a um trauma.<\/p><p>Seja qual for a causa, o conselho mais importante e o primeiro passo a tomar \u00e9 consultar um dentista o mais rapidamente poss\u00edvel. Quanto mais cedo o dentista puder avaliar clinicamente e radiograficamente o paciente, mais rapidamente poder\u00e1 determinar o diagn\u00f3stico ideal e o tratamento adequado para resolver o problema. <\/p><p>Nos casos de urg\u00eancia, o tempo \u00e9 um aliado essencial para resolver o problema de forma eficaz e evitar, em alguns casos, comprometer a vitalidade e a integridade do(s) dente(s)!<\/p><p>Avalia\u00e7\u00e3o e tratamento r\u00e1pidos aumentam a chancede preservar os dentes naturais, prevenir complica\u00e7\u00f5es e garantir uma recupera\u00e7\u00e3o mais r\u00e1pida. N\u00e3o ignore os sinais, a a\u00e7\u00e3o precoce \u00e9 fundamental para proteger sua sa\u00fade oral.<\/p>\t\t\t\t\t\t\t\t<\/div>\n\t\t\t\t<\/div>\n\t\t\t\t<\/div>\n\t\t\t\t\t<\/div>\n\t\t\t\t<\/div>\n\t\t<div class=\"elementor-element elementor-element-34eec5d e-flex e-con-boxed e-con e-parent\" data-id=\"34eec5d\" data-element_type=\"container\">\n\t\t\t\t\t<div class=\"e-con-inner\">\n\t\t<div class=\"elementor-element elementor-element-ff039c9 e-con-full e-flex e-con e-child\" data-id=\"ff039c9\" data-element_type=\"container\">\n\t\t\t\t<div class=\"elementor-element elementor-element-41971a1 elementor-widget elementor-widget-image\" data-id=\"41971a1\" data-element_type=\"widget\" data-widget_type=\"image.default\">\n\t\t\t\t<div class=\"elementor-widget-container\">\n\t\t\t\t\t\t\t\t\t\t\t\t\t\t\t<img loading=\"lazy\" decoding=\"async\" width=\"307\" height=\"263\" src=\"https:\/\/bouchedentalgroup.lu\/wp-content\/uploads\/2024\/09\/trauma-PSX_20210917_151126.jpg\" class=\"attachment-large size-large wp-image-5614\" alt=\"\" srcset=\"https:\/\/bouchedentalgroup.lu\/wp-content\/uploads\/2024\/09\/trauma-PSX_20210917_151126.jpg 307w, https:\/\/bouchedentalgroup.lu\/wp-content\/uploads\/2024\/09\/trauma-PSX_20210917_151126-300x257.jpg 300w\" sizes=\"auto, (max-width: 307px) 100vw, 307px\" \/>\t\t\t\t\t\t\t\t\t\t\t\t\t\t\t<\/div>\n\t\t\t\t<\/div>\n\t\t\t\t<\/div>\n\t\t<div class=\"elementor-element elementor-element-0ca7fc0 e-con-full e-flex e-con e-child\" data-id=\"0ca7fc0\" data-element_type=\"container\">\n\t\t\t\t<div class=\"elementor-element elementor-element-0e63eeb elementor-widget__width-initial elementor-widget elementor-widget-text-editor\" data-id=\"0e63eeb\" data-element_type=\"widget\" data-widget_type=\"text-editor.default\">\n\t\t\t\t<div class=\"elementor-widget-container\">\n\t\t\t\t\t\t\t\t\t<p><strong>Em caso de trauma dent\u00e1rio, uma das situa\u00e7\u00f5es que frequentemente levam as pessoas ao dentista, deve saber o que pode fazer:<\/strong><\/p><ul><li>Mantenha a calma e tente encontrar o fragmento do dente que se partiu. Em alguns casos, \u00e9 poss\u00edvel colar o fragmento ao dente se a fratura for localizada, tornando a transi\u00e7\u00e3o praticamente invis\u00edvel. <\/li><li>Se encontrar o fragmento, \u00e9 essencial mant\u00ea-lo numa solu\u00e7\u00e3o de pH neutro, leite ou soro fisiol\u00f3gico, para que permane\u00e7a hidratado. Este passo \u00e9 crucial para que o dentista obtenha o melhor resultado. <\/li><li>Posteriormente, mesmo que n\u00e3o encontre o fragmento, deve entrar em contacto com o seu dentista o mais rapidamente poss\u00edvel, para que ele possa avaliar, diagnosticar e definir o melhor tratamento a ser realizado.<\/li><\/ul><p><br>A recupera\u00e7\u00e3o do dente depende da extens\u00e3o da fratura. Sempre que poss\u00edvel, o dentista proceder\u00e1 \u00e0 colagem do fragmento. <\/p>\t\t\t\t\t\t\t\t<\/div>\n\t\t\t\t<\/div>\n\t\t\t\t<\/div>\n\t\t\t\t\t<\/div>\n\t\t\t\t<\/div>\n\t\t<div class=\"elementor-element elementor-element-2812873 e-flex e-con-boxed e-con e-parent\" data-id=\"2812873\" data-element_type=\"container\">\n\t\t\t\t\t<div class=\"e-con-inner\">\n\t\t<div class=\"elementor-element elementor-element-ecae829 e-con-full e-flex e-con e-child\" data-id=\"ecae829\" data-element_type=\"container\">\n\t\t\t\t<div class=\"elementor-element elementor-element-b179607 elementor-widget__width-initial elementor-widget elementor-widget-text-editor\" data-id=\"b179607\" data-element_type=\"widget\" data-widget_type=\"text-editor.default\">\n\t\t\t\t<div class=\"elementor-widget-container\">\n\t\t\t\t\t\t\t\t\t<p>Se n\u00e3o houver fragmento dispon\u00edvel, ou se a colagem n\u00e3o for vi\u00e1vel, o tratamento poder\u00e1 ser uma restaura\u00e7\u00e3o est\u00e9tica em resina composta, uma faceta de cer\u00e2mica ou, em casos de fraturas extensas, uma coroa ou inlay, dependendo da extens\u00e3o da superf\u00edcie dent\u00e1ria afetada.<\/p><p>Nos casos em que a fratura atinja a polpa dent\u00e1ria (nervo do dente), poder\u00e1 ser necess\u00e1rio realizar um tratamento de canal antes da reconstru\u00e7\u00e3o definitiva.<\/p><p>Em situa\u00e7\u00f5es extremas, em que a fratura atinge a raiz do dente de forma longitudinal (vertical), o dente pode tornar-se invi\u00e1vel, podendo ser necess\u00e1ria a sua extra\u00e7\u00e3o e posterior coloca\u00e7\u00e3o de um implante e uma coroa.<\/p><p>Em qualquer dos casos, \u00e9 sempre necess\u00e1ria uma avalia\u00e7\u00e3o cl\u00ednica e radiogr\u00e1fica para que o dentista possa estabelecer o melhor diagn\u00f3stico e, consequentemente, definir o plano de tratamento ideal.<\/p><p>Whenever you find yourself in one of these situations or have any questions, you can request an appointment to be seen by a professional who will provide you with the best care!<\/p>\t\t\t\t\t\t\t\t<\/div>\n\t\t\t\t<\/div>\n\t\t\t\t<\/div>\n\t\t\t\t\t<\/div>\n\t\t\t\t<\/div>\n\t\t\t\t<\/div>\n\t\t","protected":false},"excerpt":{"rendered":"<p>Urg\u00eancias Dent\u00e1rias As urg\u00eancias dent\u00e1rias s\u00e3o situa\u00e7\u00f5es incomodas que afetam o dia a dia das pessoas. No entanto, h\u00e1 sempre servi\u00e7os de urg\u00eancia que tentam resolver o problema que levou a pessoa \u00e0 emerg\u00eancia e garantir que o seu dia n\u00e3o seja afetado. Aqui est\u00e3o algumas das situa\u00e7\u00f5es de urg\u00eancia dent\u00e1ria que podem ocorrer: Dor [&hellip;]<\/p>\n","protected":false},"author":1,"featured_media":0,"parent":0,"menu_order":0,"comment_status":"closed","ping_status":"closed","template":"","meta":{"footnotes":""},"class_list":["post-6006","page","type-page","status-publish","hentry"],"_links":{"self":[{"href":"https:\/\/bouchedentalgroup.lu\/pt-pt\/wp-json\/wp\/v2\/pages\/6006","targetHints":{"allow":["GET"]}}],"collection":[{"href":"https:\/\/bouchedentalgroup.lu\/pt-pt\/wp-json\/wp\/v2\/pages"}],"about":[{"href":"https:\/\/bouchedentalgroup.lu\/pt-pt\/wp-json\/wp\/v2\/types\/page"}],"author":[{"embeddable":true,"href":"https:\/\/bouchedentalgroup.lu\/pt-pt\/wp-json\/wp\/v2\/users\/1"}],"replies":[{"embeddable":true,"href":"https:\/\/bouchedentalgroup.lu\/pt-pt\/wp-json\/wp\/v2\/comments?post=6006"}],"version-history":[{"count":5,"href":"https:\/\/bouchedentalgroup.lu\/pt-pt\/wp-json\/wp\/v2\/pages\/6006\/revisions"}],"predecessor-version":[{"id":12090,"href":"https:\/\/bouchedentalgroup.lu\/pt-pt\/wp-json\/wp\/v2\/pages\/6006\/revisions\/12090"}],"wp:attachment":[{"href":"https:\/\/bouchedentalgroup.lu\/pt-pt\/wp-json\/wp\/v2\/media?parent=6006"}],"curies":[{"name":"wp","href":"https:\/\/api.w.org\/{rel}","templated":true}]}}