{"id":6054,"date":"2024-08-07T19:00:49","date_gmt":"2024-08-07T17:00:49","guid":{"rendered":"https:\/\/staging.pt\/bouchedev\/about-us\/"},"modified":"2026-01-27T10:56:14","modified_gmt":"2026-01-27T08:56:14","slug":"sobre-nos-bouche-dental-group","status":"publish","type":"page","link":"https:\/\/bouchedentalgroup.lu\/pt-pt\/sobre-nos-bouche-dental-group\/","title":{"rendered":"Sobre N\u00f3s"},"content":{"rendered":"\t\t<div data-elementor-type=\"wp-page\" data-elementor-id=\"6054\" class=\"elementor elementor-6054 elementor-2439\" data-elementor-post-type=\"page\">\n\t\t\t\t<div class=\"elementor-element elementor-element-b51067d e-flex e-con-boxed e-con e-parent\" data-id=\"b51067d\" data-element_type=\"container\" data-settings=\"{&quot;background_background&quot;:&quot;classic&quot;}\">\n\t\t\t\t\t<div class=\"e-con-inner\">\n\t\t\t\t\t<\/div>\n\t\t\t\t<\/div>\n\t\t<div class=\"elementor-element elementor-element-dca8e52 e-flex e-con-boxed e-con e-parent\" data-id=\"dca8e52\" data-element_type=\"container\">\n\t\t\t\t\t<div class=\"e-con-inner\">\n\t\t<div class=\"elementor-element elementor-element-7511d7b e-con-full e-flex e-con e-child\" data-id=\"7511d7b\" data-element_type=\"container\">\n\t\t\t\t<div class=\"elementor-element elementor-element-8029905 elementor-widget elementor-widget-heading\" data-id=\"8029905\" data-element_type=\"widget\" data-widget_type=\"heading.default\">\n\t\t\t\t<div class=\"elementor-widget-container\">\n\t\t\t\t\t<h2 class=\"elementor-heading-title elementor-size-default\">Sobre N\u00f3s<\/h2>\t\t\t\t<\/div>\n\t\t\t\t<\/div>\n\t\t\t\t<div class=\"elementor-element elementor-element-96deccc elementor-widget__width-initial elementor-widget-divider--view-line elementor-widget elementor-widget-divider\" data-id=\"96deccc\" data-element_type=\"widget\" data-widget_type=\"divider.default\">\n\t\t\t\t<div class=\"elementor-widget-container\">\n\t\t\t\t\t\t\t<div class=\"elementor-divider\">\n\t\t\t<span class=\"elementor-divider-separator\">\n\t\t\t\t\t\t<\/span>\n\t\t<\/div>\n\t\t\t\t\t\t<\/div>\n\t\t\t\t<\/div>\n\t\t\t\t<div class=\"elementor-element elementor-element-c3d52d3 elementor-widget__width-initial elementor-widget elementor-widget-text-editor\" data-id=\"c3d52d3\" data-element_type=\"widget\" data-widget_type=\"text-editor.default\">\n\t\t\t\t<div class=\"elementor-widget-container\">\n\t\t\t\t\t\t\t\t\t<p>Bem-vindos \u00e0 Bouche Dental Group.<\/p><p>Na Bouche Dental Group colocamo-lo em contacto com profissionais que lhe podem fornecer servi\u00e7os dent\u00e1rios de alta qualidade e personalizados para cada indiv\u00edduo. Colaboramos com v\u00e1rios dentistas especializados nas diferentes \u00e1reas da Medicina Dent\u00e1ria, que t\u00eam acesso \u00e0s mais recentes tecnologias dispon\u00edveis. <\/p><p>Ao combinar o nosso conhecimento e experi\u00eancia com uma equipa de profissionais de alta qualidade, podemos atender \u00e0s suas mais variadas necessidades.<\/p><p>Gra\u00e7as a isto, a rede de dentistas com a qual colaboramos criou uma oferta diversificada de tratamentos nas \u00e1reas da Implantologia, Est\u00e9tica Dent\u00e1ria, Ortodontia, Periodontologia, Endodontia, Odontopediatria, Cirurgia Oral e Medicina Est\u00e9tica.<\/p><p>A Bouche Dental Group n\u00e3o atua como profissional de sa\u00fade ou estabelecimento de sa\u00fade, limitando-se, somente, a um papel de intermedi\u00e1rio e prestador t\u00e9cnico. <\/p><p>Em caso de emerg\u00eancia, a Bouche Dental Group recomenda ligar para o 112 ou dirigir-se a um servi\u00e7o de urg\u00eancia.<\/p>\t\t\t\t\t\t\t\t<\/div>\n\t\t\t\t<\/div>\n\t\t\t\t<div class=\"elementor-element elementor-element-39667e5 elementor-widget elementor-widget-heading\" data-id=\"39667e5\" data-element_type=\"widget\" data-widget_type=\"heading.default\">\n\t\t\t\t<div class=\"elementor-widget-container\">\n\t\t\t\t\t<h2 class=\"elementor-heading-title elementor-size-default\">A nossa miss\u00e3o<\/h2>\t\t\t\t<\/div>\n\t\t\t\t<\/div>\n\t\t\t\t<div class=\"elementor-element elementor-element-3151e6c elementor-widget__width-initial elementor-widget elementor-widget-text-editor\" data-id=\"3151e6c\" data-element_type=\"widget\" data-widget_type=\"text-editor.default\">\n\t\t\t\t<div class=\"elementor-widget-container\">\n\t\t\t\t\t\t\t\t\t<div class=\"wpb_text_column wpb_content_element vc_custom_1724058542197\"><div class=\"wpb_wrapper\"><p>Procuramos contribuir para a melhoria da sa\u00fade oral em todo o mundo atrav\u00e9s de servi\u00e7os dent\u00e1rios independentes, de alta qualidade e cientificamente rigorosos prestados por uma rede de dentistas especializados.<\/p><p>O resultado da nossa dedica\u00e7\u00e3o \u00e9 dar-lhe acesso a excelentes servi\u00e7os dent\u00e1rios baseados na confian\u00e7a, verdade e no seu bem-estar.<\/p><\/div><\/div>\t\t\t\t\t\t\t\t<\/div>\n\t\t\t\t<\/div>\n\t\t\t\t<div class=\"elementor-element elementor-element-1b9d0b4 elementor-widget elementor-widget-button\" data-id=\"1b9d0b4\" data-element_type=\"widget\" data-widget_type=\"button.default\">\n\t\t\t\t<div class=\"elementor-widget-container\">\n\t\t\t\t\t\t\t\t\t<div class=\"elementor-button-wrapper\">\n\t\t\t\t\t<a class=\"elementor-button elementor-button-link elementor-size-sm\" href=\"https:\/\/bouchedentalgroup.lu\/pt-pt\/encontre-o-seu-dentista\/\">\n\t\t\t\t\t\t<span class=\"elementor-button-content-wrapper\">\n\t\t\t\t\t\t\t\t\t<span class=\"elementor-button-text\">Encontre o seu dentista<\/span>\n\t\t\t\t\t<\/span>\n\t\t\t\t\t<\/a>\n\t\t\t\t<\/div>\n\t\t\t\t\t\t\t\t<\/div>\n\t\t\t\t<\/div>\n\t\t\t\t<\/div>\n\t\t<div class=\"elementor-element elementor-element-df8f2fc e-con-full e-flex e-con e-child\" data-id=\"df8f2fc\" data-element_type=\"container\" data-settings=\"{&quot;background_background&quot;:&quot;classic&quot;}\">\n\t\t\t\t<\/div>\n\t\t\t\t\t<\/div>\n\t\t\t\t<\/div>\n\t\t<div class=\"elementor-element elementor-element-379ff08 e-flex e-con-boxed e-con e-parent\" data-id=\"379ff08\" data-element_type=\"container\" data-settings=\"{&quot;background_background&quot;:&quot;classic&quot;}\">\n\t\t\t\t\t<div class=\"e-con-inner\">\n\t\t\t\t<div class=\"elementor-element elementor-element-bcc3676 elementor-testimonial--layout-image_stacked elementor-widget__width-initial elementor-testimonial--skin-default elementor-testimonial--align-center elementor-arrows-yes elementor-pagination-type-bullets elementor-widget elementor-widget-testimonial-carousel\" data-id=\"bcc3676\" data-element_type=\"widget\" data-settings=\"{&quot;show_arrows&quot;:&quot;yes&quot;,&quot;pagination&quot;:&quot;bullets&quot;,&quot;speed&quot;:500,&quot;autoplay&quot;:&quot;yes&quot;,&quot;autoplay_speed&quot;:5000,&quot;loop&quot;:&quot;yes&quot;,&quot;pause_on_hover&quot;:&quot;yes&quot;,&quot;pause_on_interaction&quot;:&quot;yes&quot;,&quot;space_between&quot;:{&quot;unit&quot;:&quot;px&quot;,&quot;size&quot;:10,&quot;sizes&quot;:[]},&quot;space_between_tablet&quot;:{&quot;unit&quot;:&quot;px&quot;,&quot;size&quot;:10,&quot;sizes&quot;:[]},&quot;space_between_mobile&quot;:{&quot;unit&quot;:&quot;px&quot;,&quot;size&quot;:10,&quot;sizes&quot;:[]}}\" data-widget_type=\"testimonial-carousel.default\">\n\t\t\t\t<div class=\"elementor-widget-container\">\n\t\t\t\t\t\t\t\t\t<div class=\"elementor-swiper\">\n\t\t\t\t\t<div class=\"elementor-main-swiper swiper\" role=\"region\" aria-roledescription=\"carousel\" aria-label=\"Slides\">\n\t\t\t\t<div class=\"swiper-wrapper\">\n\t\t\t\t\t\t\t\t\t\t\t<div class=\"swiper-slide\" role=\"group\" aria-roledescription=\"slide\">\n\t\t\t\t\t\t\t\t\t<div class=\"elementor-testimonial\">\n\t\t\t\t\t\t\t<div class=\"elementor-testimonial__content\">\n\t\t\t\t\t<div class=\"elementor-testimonial__text\">\n\t\t\t\t\t\t<p>\"Uma experi\u00eancia fant\u00e1stica, senti que cuidaram de mim a cada passo do processo. Desde a primeira consulta, o Dr. Jo\u00e3o Pires manteve-me informada de tudo o que ia acontecer e como ia acontecer. Muito obrigado pelo meu novo sorriso\".<\/p>\n\t\t\t\t\t<\/div>\n\t\t\t\t\t\t\t\t\t<\/div>\n\t\t\t\t\t\t<div class=\"elementor-testimonial__footer\">\n\t\t\t\t\t\t\t\t\t<div class=\"elementor-testimonial__image\">\n\t\t\t\t\t\t<img decoding=\"async\" src=\"https:\/\/bouchedentalgroup.lu\/wp-content\/uploads\/2024\/08\/3.webp\" alt=\"Louis Moulin\">\n\t\t\t\t\t\t\t\t\t\t\t<\/div>\n\t\t\t\t\t\t\t\t<cite class=\"elementor-testimonial__cite\"><span class=\"elementor-testimonial__name\">Louis Moulin<\/span><\/cite>\t\t\t<\/div>\n\t\t<\/div>\n\t\t\t\t\t\t\t\t<\/div>\n\t\t\t\t\t\t\t\t\t\t\t<div class=\"swiper-slide\" role=\"group\" aria-roledescription=\"slide\">\n\t\t\t\t\t\t\t\t\t<div class=\"elementor-testimonial\">\n\t\t\t\t\t\t\t<div class=\"elementor-testimonial__content\">\n\t\t\t\t\t<div class=\"elementor-testimonial__text\">\n\t\t\t\t\t\t<p>\"Quando fui, tinha muitos problemas dent\u00e1rios. Precisava de uma solu\u00e7\u00e3o r\u00e1pida e definitiva e foi-me sugerida a t\u00e9cnica All-on-4\u00ae. Foi fant\u00e1stico, em apenas 24 horas o meu problema ficou resolvido. Hoje estou muito mais confort\u00e1vel. Posso rir e comer como quando era jovem\"!<\/p>\n\t\t\t\t\t<\/div>\n\t\t\t\t\t\t\t\t\t<\/div>\n\t\t\t\t\t\t<div class=\"elementor-testimonial__footer\">\n\t\t\t\t\t\t\t\t\t<div class=\"elementor-testimonial__image\">\n\t\t\t\t\t\t<img decoding=\"async\" src=\"https:\/\/bouchedentalgroup.lu\/wp-content\/uploads\/2024\/09\/2.webp\" alt=\"Francisco S\u00e1\">\n\t\t\t\t\t\t\t\t\t\t\t<\/div>\n\t\t\t\t\t\t\t\t<cite class=\"elementor-testimonial__cite\"><span class=\"elementor-testimonial__name\">Francisco S\u00e1<\/span><\/cite>\t\t\t<\/div>\n\t\t<\/div>\n\t\t\t\t\t\t\t\t<\/div>\n\t\t\t\t\t\t\t\t\t\t\t<div class=\"swiper-slide\" role=\"group\" aria-roledescription=\"slide\">\n\t\t\t\t\t\t\t\t\t<div class=\"elementor-testimonial\">\n\t\t\t\t\t\t\t<div class=\"elementor-testimonial__content\">\n\t\t\t\t\t<div class=\"elementor-testimonial__text\">\n\t\t\t\t\t\t<p>\"Uma experi\u00eancia que mudou a minha vida. Toda a equipa foi fant\u00e1stica - trataram-me como se me conhecessem h\u00e1 anos! Quando l\u00e1 fui, sofria muito de um dente. Agora estou sem dor e a minha boca est\u00e1 muito mais fresca. Recomendo vivamente\"!<\/p>\n\t\t\t\t\t<\/div>\n\t\t\t\t\t\t\t\t\t<\/div>\n\t\t\t\t\t\t<div class=\"elementor-testimonial__footer\">\n\t\t\t\t\t\t\t\t\t<div class=\"elementor-testimonial__image\">\n\t\t\t\t\t\t<img decoding=\"async\" src=\"https:\/\/bouchedentalgroup.lu\/wp-content\/uploads\/2024\/09\/1.webp\" alt=\"Tom Evans\">\n\t\t\t\t\t\t\t\t\t\t\t<\/div>\n\t\t\t\t\t\t\t\t<cite class=\"elementor-testimonial__cite\"><span class=\"elementor-testimonial__name\">Tom Evans<\/span><\/cite>\t\t\t<\/div>\n\t\t<\/div>\n\t\t\t\t\t\t\t\t<\/div>\n\t\t\t\t\t\t\t\t\t<\/div>\n\t\t\t\t\t\t\t\t\t\t\t\t\t\t\t<div class=\"elementor-swiper-button elementor-swiper-button-prev\" role=\"button\" tabindex=\"0\" aria-label=\"Anterior\">\n\t\t\t\t\t\t\t<svg aria-hidden=\"true\" class=\"e-font-icon-svg e-eicon-chevron-left\" viewBox=\"0 0 1000 1000\" xmlns=\"http:\/\/www.w3.org\/2000\/svg\"><path d=\"M646 125C629 125 613 133 604 142L308 442C296 454 292 471 292 487 292 504 296 521 308 533L604 854C617 867 629 875 646 875 663 875 679 871 692 858 704 846 713 829 713 812 713 796 708 779 692 767L438 487 692 225C700 217 708 204 708 187 708 171 704 154 692 142 675 129 663 125 646 125Z\"><\/path><\/svg>\t\t\t\t\t\t<\/div>\n\t\t\t\t\t\t<div class=\"elementor-swiper-button elementor-swiper-button-next\" role=\"button\" tabindex=\"0\" aria-label=\"Next\">\n\t\t\t\t\t\t\t<svg aria-hidden=\"true\" class=\"e-font-icon-svg e-eicon-chevron-right\" viewBox=\"0 0 1000 1000\" xmlns=\"http:\/\/www.w3.org\/2000\/svg\"><path d=\"M696 533C708 521 713 504 713 487 713 471 708 454 696 446L400 146C388 133 375 125 354 125 338 125 325 129 313 142 300 154 292 171 292 187 292 204 296 221 308 233L563 492 304 771C292 783 288 800 288 817 288 833 296 850 308 863 321 871 338 875 354 875 371 875 388 867 400 854L696 533Z\"><\/path><\/svg>\t\t\t\t\t\t<\/div>\n\t\t\t\t\t\t\t\t\t\t\t\t\t\t\t\t<div class=\"swiper-pagination\"><\/div>\n\t\t\t\t\t\t\t\t\t\t\t\t<\/div>\n\t\t\t\t<\/div>\n\t\t\t\t\t\t\t\t<\/div>\n\t\t\t\t<\/div>\n\t\t\t\t\t<\/div>\n\t\t\t\t<\/div>\n\t\t<div class=\"elementor-element elementor-element-b862cc7 e-flex e-con-boxed e-con e-parent\" data-id=\"b862cc7\" data-element_type=\"container\">\n\t\t\t\t\t<div class=\"e-con-inner\">\n\t\t\t\t<div class=\"elementor-element elementor-element-a49e007 elementor-widget elementor-widget-heading\" data-id=\"a49e007\" data-element_type=\"widget\" data-widget_type=\"heading.default\">\n\t\t\t\t<div class=\"elementor-widget-container\">\n\t\t\t\t\t<h2 class=\"elementor-heading-title elementor-size-default\">Os nossos Valores\n<\/h2>\t\t\t\t<\/div>\n\t\t\t\t<\/div>\n\t\t\t\t<div class=\"elementor-element elementor-element-583f147 elementor-widget__width-initial elementor-widget-divider--view-line elementor-widget elementor-widget-divider\" data-id=\"583f147\" data-element_type=\"widget\" data-widget_type=\"divider.default\">\n\t\t\t\t<div class=\"elementor-widget-container\">\n\t\t\t\t\t\t\t<div class=\"elementor-divider\">\n\t\t\t<span class=\"elementor-divider-separator\">\n\t\t\t\t\t\t<\/span>\n\t\t<\/div>\n\t\t\t\t\t\t<\/div>\n\t\t\t\t<\/div>\n\t\t\t\t<div class=\"elementor-element elementor-element-4059cbb elementor-widget__width-inherit elementor-widget elementor-widget-text-editor\" data-id=\"4059cbb\" data-element_type=\"widget\" data-widget_type=\"text-editor.default\">\n\t\t\t\t<div class=\"elementor-widget-container\">\n\t\t\t\t\t\t\t\t\t<div class=\"wpb_text_column wpb_content_element vc_custom_1724058542197\"><div class=\"wpb_wrapper\"><p class=\"p1\">Vemos a Medicina Dent\u00e1ria como um mundo onde m\u00e9dicos, pacientes e tecnologia se re\u00fanem para melhorar a qualidade de vida atrav\u00e9s de m\u00e9todos rigorosos, detalhados e tecnologicamente avan\u00e7ados para a sa\u00fade oral.<\/p><p class=\"p1\">O nosso principal objetivo \u00e9 o bem-estar da popula\u00e7\u00e3o e a constante evolu\u00e7\u00e3o da Medicina Dent\u00e1ria.<\/p><p class=\"p1\">Colocamos as pessoas no centro da tecnologia para facilitar abordagens personalizadas e hol\u00edsticas \u00e0s preocupa\u00e7\u00f5es dos pacientes.<\/p><\/div><\/div>\t\t\t\t\t\t\t\t<\/div>\n\t\t\t\t<\/div>\n\t\t<div class=\"elementor-element elementor-element-6edba55 e-con-full e-flex e-con e-child\" data-id=\"6edba55\" data-element_type=\"container\">\n\t\t<div class=\"elementor-element elementor-element-1c735ff e-con-full e-flex e-con e-child\" data-id=\"1c735ff\" data-element_type=\"container\">\n\t\t\t\t<div class=\"elementor-element elementor-element-5ff04c3 elementor-widget elementor-widget-image\" data-id=\"5ff04c3\" data-element_type=\"widget\" data-widget_type=\"image.default\">\n\t\t\t\t<div class=\"elementor-widget-container\">\n\t\t\t\t\t\t\t\t\t\t\t\t\t\t\t<img loading=\"lazy\" decoding=\"async\" width=\"100\" height=\"100\" src=\"https:\/\/bouchedentalgroup.lu\/wp-content\/uploads\/2024\/08\/book2-100x100-1.webp\" class=\"attachment-large size-large wp-image-5290\" alt=\"\" \/>\t\t\t\t\t\t\t\t\t\t\t\t\t\t\t<\/div>\n\t\t\t\t<\/div>\n\t\t\t\t<div class=\"elementor-element elementor-element-a54aa74 elementor-widget elementor-widget-heading\" data-id=\"a54aa74\" data-element_type=\"widget\" data-widget_type=\"heading.default\">\n\t\t\t\t<div class=\"elementor-widget-container\">\n\t\t\t\t\t<h2 class=\"elementor-heading-title elementor-size-default\">Seguran\u00e7a\n\n<\/h2>\t\t\t\t<\/div>\n\t\t\t\t<\/div>\n\t\t\t\t<\/div>\n\t\t<div class=\"elementor-element elementor-element-9582812 e-con-full e-flex e-con e-child\" data-id=\"9582812\" data-element_type=\"container\">\n\t\t\t\t<div class=\"elementor-element elementor-element-acecb16 elementor-widget elementor-widget-image\" data-id=\"acecb16\" data-element_type=\"widget\" data-widget_type=\"image.default\">\n\t\t\t\t<div class=\"elementor-widget-container\">\n\t\t\t\t\t\t\t\t\t\t\t\t\t\t\t<img loading=\"lazy\" decoding=\"async\" width=\"100\" height=\"100\" src=\"https:\/\/bouchedentalgroup.lu\/wp-content\/uploads\/2024\/08\/medical-assistance-100x100-1.webp\" class=\"attachment-large size-large wp-image-5288\" alt=\"\" \/>\t\t\t\t\t\t\t\t\t\t\t\t\t\t\t<\/div>\n\t\t\t\t<\/div>\n\t\t\t\t<div class=\"elementor-element elementor-element-bec3630 elementor-widget elementor-widget-heading\" data-id=\"bec3630\" data-element_type=\"widget\" data-widget_type=\"heading.default\">\n\t\t\t\t<div class=\"elementor-widget-container\">\n\t\t\t\t\t<h2 class=\"elementor-heading-title elementor-size-default\">Foco em si<\/h2>\t\t\t\t<\/div>\n\t\t\t\t<\/div>\n\t\t\t\t<\/div>\n\t\t<div class=\"elementor-element elementor-element-75685cc e-con-full e-flex e-con e-child\" data-id=\"75685cc\" data-element_type=\"container\">\n\t\t\t\t<div class=\"elementor-element elementor-element-af8de50 elementor-widget elementor-widget-image\" data-id=\"af8de50\" data-element_type=\"widget\" data-widget_type=\"image.default\">\n\t\t\t\t<div class=\"elementor-widget-container\">\n\t\t\t\t\t\t\t\t\t\t\t\t\t\t\t<img loading=\"lazy\" decoding=\"async\" width=\"100\" height=\"100\" src=\"https:\/\/bouchedentalgroup.lu\/wp-content\/uploads\/2024\/08\/tooth-100x100-1.webp\" class=\"attachment-large size-large wp-image-5286\" alt=\"\" \/>\t\t\t\t\t\t\t\t\t\t\t\t\t\t\t<\/div>\n\t\t\t\t<\/div>\n\t\t\t\t<div class=\"elementor-element elementor-element-39f70dc elementor-widget elementor-widget-heading\" data-id=\"39f70dc\" data-element_type=\"widget\" data-widget_type=\"heading.default\">\n\t\t\t\t<div class=\"elementor-widget-container\">\n\t\t\t\t\t<h2 class=\"elementor-heading-title elementor-size-default\">Distin\u00e7\u00e3o<\/h2>\t\t\t\t<\/div>\n\t\t\t\t<\/div>\n\t\t\t\t<\/div>\n\t\t<div class=\"elementor-element elementor-element-e2d089b e-con-full e-flex e-con e-child\" data-id=\"e2d089b\" data-element_type=\"container\">\n\t\t\t\t<div class=\"elementor-element elementor-element-be27aab elementor-widget elementor-widget-image\" data-id=\"be27aab\" data-element_type=\"widget\" data-widget_type=\"image.default\">\n\t\t\t\t<div class=\"elementor-widget-container\">\n\t\t\t\t\t\t\t\t\t\t\t\t\t\t\t<img loading=\"lazy\" decoding=\"async\" width=\"100\" height=\"100\" src=\"https:\/\/bouchedentalgroup.lu\/wp-content\/uploads\/2024\/08\/dental-100x100-1.webp\" class=\"attachment-large size-large wp-image-5284\" alt=\"\" \/>\t\t\t\t\t\t\t\t\t\t\t\t\t\t\t<\/div>\n\t\t\t\t<\/div>\n\t\t\t\t<div class=\"elementor-element elementor-element-434e643 elementor-widget elementor-widget-heading\" data-id=\"434e643\" data-element_type=\"widget\" data-widget_type=\"heading.default\">\n\t\t\t\t<div class=\"elementor-widget-container\">\n\t\t\t\t\t<h2 class=\"elementor-heading-title elementor-size-default\">Excel\u00eancia<\/h2>\t\t\t\t<\/div>\n\t\t\t\t<\/div>\n\t\t\t\t<\/div>\n\t\t<div class=\"elementor-element elementor-element-888e907 e-con-full e-flex e-con e-child\" data-id=\"888e907\" data-element_type=\"container\">\n\t\t\t\t<div class=\"elementor-element elementor-element-318aac9 elementor-widget elementor-widget-image\" data-id=\"318aac9\" data-element_type=\"widget\" data-widget_type=\"image.default\">\n\t\t\t\t<div class=\"elementor-widget-container\">\n\t\t\t\t\t\t\t\t\t\t\t\t\t\t\t<img loading=\"lazy\" decoding=\"async\" width=\"100\" height=\"100\" src=\"https:\/\/bouchedentalgroup.lu\/wp-content\/uploads\/2024\/08\/dentist-chair-100x100-1.webp\" class=\"attachment-large size-large wp-image-5282\" alt=\"\" \/>\t\t\t\t\t\t\t\t\t\t\t\t\t\t\t<\/div>\n\t\t\t\t<\/div>\n\t\t\t\t<div class=\"elementor-element elementor-element-92d2425 elementor-widget elementor-widget-heading\" data-id=\"92d2425\" data-element_type=\"widget\" data-widget_type=\"heading.default\">\n\t\t\t\t<div class=\"elementor-widget-container\">\n\t\t\t\t\t<h2 class=\"elementor-heading-title elementor-size-default\">Inova\u00e7\u00e3o<\/h2>\t\t\t\t<\/div>\n\t\t\t\t<\/div>\n\t\t\t\t<\/div>\n\t\t<div class=\"elementor-element elementor-element-f4c2a7d e-con-full e-flex e-con e-child\" data-id=\"f4c2a7d\" data-element_type=\"container\">\n\t\t\t\t<div class=\"elementor-element elementor-element-dd99e71 elementor-widget elementor-widget-image\" data-id=\"dd99e71\" data-element_type=\"widget\" data-widget_type=\"image.default\">\n\t\t\t\t<div class=\"elementor-widget-container\">\n\t\t\t\t\t\t\t\t\t\t\t\t\t\t\t<img loading=\"lazy\" decoding=\"async\" width=\"100\" height=\"100\" src=\"https:\/\/bouchedentalgroup.lu\/wp-content\/uploads\/2024\/08\/deal-100x100-1.webp\" class=\"attachment-large size-large wp-image-5280\" alt=\"\" \/>\t\t\t\t\t\t\t\t\t\t\t\t\t\t\t<\/div>\n\t\t\t\t<\/div>\n\t\t\t\t<div class=\"elementor-element elementor-element-7ddc1ea elementor-widget elementor-widget-heading\" data-id=\"7ddc1ea\" data-element_type=\"widget\" data-widget_type=\"heading.default\">\n\t\t\t\t<div class=\"elementor-widget-container\">\n\t\t\t\t\t<h2 class=\"elementor-heading-title elementor-size-default\">Coopera\u00e7\u00e3o<\/h2>\t\t\t\t<\/div>\n\t\t\t\t<\/div>\n\t\t\t\t<\/div>\n\t\t\t\t<\/div>\n\t\t\t\t\t<\/div>\n\t\t\t\t<\/div>\n\t\t\t\t<\/div>\n\t\t","protected":false},"excerpt":{"rendered":"<p>Sobre N\u00f3s Bem-vindos \u00e0 Bouche Dental Group. Na Bouche Dental Group colocamo-lo em contacto com profissionais que lhe podem fornecer servi\u00e7os dent\u00e1rios de alta qualidade e personalizados para cada indiv\u00edduo. Colaboramos com v\u00e1rios dentistas especializados nas diferentes \u00e1reas da Medicina Dent\u00e1ria, que t\u00eam acesso \u00e0s mais recentes tecnologias dispon\u00edveis. Ao combinar o nosso conhecimento e [&hellip;]<\/p>\n","protected":false},"author":1,"featured_media":0,"parent":0,"menu_order":0,"comment_status":"closed","ping_status":"closed","template":"elementor_header_footer","meta":{"footnotes":""},"class_list":["post-6054","page","type-page","status-publish","hentry"],"_links":{"self":[{"href":"https:\/\/bouchedentalgroup.lu\/pt-pt\/wp-json\/wp\/v2\/pages\/6054","targetHints":{"allow":["GET"]}}],"collection":[{"href":"https:\/\/bouchedentalgroup.lu\/pt-pt\/wp-json\/wp\/v2\/pages"}],"about":[{"href":"https:\/\/bouchedentalgroup.lu\/pt-pt\/wp-json\/wp\/v2\/types\/page"}],"author":[{"embeddable":true,"href":"https:\/\/bouchedentalgroup.lu\/pt-pt\/wp-json\/wp\/v2\/users\/1"}],"replies":[{"embeddable":true,"href":"https:\/\/bouchedentalgroup.lu\/pt-pt\/wp-json\/wp\/v2\/comments?post=6054"}],"version-history":[{"count":5,"href":"https:\/\/bouchedentalgroup.lu\/pt-pt\/wp-json\/wp\/v2\/pages\/6054\/revisions"}],"predecessor-version":[{"id":13922,"href":"https:\/\/bouchedentalgroup.lu\/pt-pt\/wp-json\/wp\/v2\/pages\/6054\/revisions\/13922"}],"wp:attachment":[{"href":"https:\/\/bouchedentalgroup.lu\/pt-pt\/wp-json\/wp\/v2\/media?parent=6054"}],"curies":[{"name":"wp","href":"https:\/\/api.w.org\/{rel}","templated":true}]}}