{"id":6402,"date":"2024-08-06T18:08:35","date_gmt":"2024-08-06T18:08:35","guid":{"rendered":"https:\/\/staging.pt\/bouchedev\/politica-de-privacidade\/"},"modified":"2025-06-13T08:09:15","modified_gmt":"2025-06-13T08:09:15","slug":"politica-de-privacidade-bouche-dental-group","status":"publish","type":"page","link":"https:\/\/bouchedentalgroup.lu\/pt-pt\/politica-de-privacidade-bouche-dental-group\/","title":{"rendered":"Pol\u00edtica de Privacidade"},"content":{"rendered":"\t\t<div data-elementor-type=\"wp-page\" data-elementor-id=\"6402\" class=\"elementor elementor-6402 elementor-3\" data-elementor-post-type=\"page\">\n\t\t\t\t<div class=\"elementor-element elementor-element-3ac46f74 e-flex e-con-boxed e-con e-parent\" data-id=\"3ac46f74\" data-element_type=\"container\">\n\t\t\t\t\t<div class=\"e-con-inner\">\n\t\t<div class=\"elementor-element elementor-element-dd0f9bb e-con-full e-flex e-con e-child\" data-id=\"dd0f9bb\" data-element_type=\"container\">\n\t\t<div class=\"elementor-element elementor-element-8acea49 e-con-full e-flex e-con e-child\" data-id=\"8acea49\" data-element_type=\"container\">\n\t\t\t\t<div class=\"elementor-element elementor-element-800053f elementor-widget elementor-widget-heading\" data-id=\"800053f\" data-element_type=\"widget\" data-widget_type=\"heading.default\">\n\t\t\t\t<div class=\"elementor-widget-container\">\n\t\t\t\t\t<h2 class=\"elementor-heading-title elementor-size-default\">Pol\u00edtica de Privacidade<\/h2>\t\t\t\t<\/div>\n\t\t\t\t<\/div>\n\t\t\t\t<div class=\"elementor-element elementor-element-1fd6422 elementor-widget__width-initial elementor-widget-divider--view-line elementor-widget elementor-widget-divider\" data-id=\"1fd6422\" data-element_type=\"widget\" data-widget_type=\"divider.default\">\n\t\t\t\t<div class=\"elementor-widget-container\">\n\t\t\t\t\t\t\t<div class=\"elementor-divider\">\n\t\t\t<span class=\"elementor-divider-separator\">\n\t\t\t\t\t\t<\/span>\n\t\t<\/div>\n\t\t\t\t\t\t<\/div>\n\t\t\t\t<\/div>\n\t\t\t\t<\/div>\n\t\t<div class=\"elementor-element elementor-element-5a65cfb e-con-full e-flex e-con e-child\" data-id=\"5a65cfb\" data-element_type=\"container\">\n\t\t\t\t<div class=\"elementor-element elementor-element-f905acb elementor-widget elementor-widget-heading\" data-id=\"f905acb\" data-element_type=\"widget\" data-widget_type=\"heading.default\">\n\t\t\t\t<div class=\"elementor-widget-container\">\n\t\t\t\t\t<h5 class=\"elementor-heading-title elementor-size-default\">Esta prote\u00e7\u00e3o de dados e declara\u00e7\u00e3o de cookies aplicam-se ao Grupo Bouche Dental e suas entidades afiliadas.<\/h5>\t\t\t\t<\/div>\n\t\t\t\t<\/div>\n\t\t\t\t<div class=\"elementor-element elementor-element-2a9f221 elementor-widget elementor-widget-text-editor\" data-id=\"2a9f221\" data-element_type=\"widget\" data-widget_type=\"text-editor.default\">\n\t\t\t\t<div class=\"elementor-widget-container\">\n\t\t\t\t\t\t\t\t\tBouche Dental Group Sarl, uma sociedade de responsabilidade limitada com sede em Luxemburgo registada e organizada sob a lei de Luxemburgo com o n\u00famero RCS B244700 com escrit\u00f3rios registados em 85 Route d\u2019Arlon L-8009 Strassen e todas as entidades afiliadas processam dados pessoais em rela\u00e7\u00e3o ao Regulamento da UE 2016\/679 , Regulamento de Prote\u00e7\u00e3o de Dados (\u00a8GDPR\u00a8), portanto, informamos sobre os seus direitos, bem como sobre a forma como processamos os seus dados pessoais.<br>Para as defini\u00e7\u00f5es aplic\u00e1veis, consulte as defini\u00e7\u00f5es do GDPR. \t\t\t\t\t\t\t\t<\/div>\n\t\t\t\t<\/div>\n\t\t\t\t<\/div>\n\t\t<div class=\"elementor-element elementor-element-8459078 e-con-full e-flex e-con e-child\" data-id=\"8459078\" data-element_type=\"container\">\n\t\t\t\t<div class=\"elementor-element elementor-element-901d218 elementor-widget elementor-widget-heading\" data-id=\"901d218\" data-element_type=\"widget\" data-widget_type=\"heading.default\">\n\t\t\t\t<div class=\"elementor-widget-container\">\n\t\t\t\t\t<h3 class=\"elementor-heading-title elementor-size-default\">Os Seus direitos: <\/h3>\t\t\t\t<\/div>\n\t\t\t\t<\/div>\n\t\t\t\t<div class=\"elementor-element elementor-element-41dda97 elementor-widget elementor-widget-text-editor\" data-id=\"41dda97\" data-element_type=\"widget\" data-widget_type=\"text-editor.default\">\n\t\t\t\t<div class=\"elementor-widget-container\">\n\t\t\t\t\t\t\t\t\t<ol>\n<li>Acesso<\/li>\n<li>Para obter rectifica\u00e7\u00e3o<\/li>\n<li>Apagamento (\u00a8direito a ser esquecido\u00a8)<\/li>\n<li>Restri\u00e7\u00e3o de tratamento<\/li>\n<li>Portabilidade<\/li>\n<li>Para objectar<\/li>\n<li>Opor-se \u00e0 tomada de decis\u00e3o e defini\u00e7\u00e3o de perfis automatizados\n<\/li>\n<\/ol>\n<p>Para obter mais detalhes sobre esses direitos, consulte as regras do GDPR neste link <a href=\"https:\/\/eur-lex.europa.eu\/eli\/reg\/2016\/679\/oj\" target=\"_blank\" rel=\"noopener\">https:\/\/eur-lex.europa.eu\/eli\/reg\/2016\/679\/oj<\/a><\/p>\n\t\t\t\t\t\t\t\t<\/div>\n\t\t\t\t<\/div>\n\t\t\t\t<\/div>\n\t\t<div class=\"elementor-element elementor-element-1342dbf e-con-full e-flex e-con e-child\" data-id=\"1342dbf\" data-element_type=\"container\">\n\t\t\t\t<div class=\"elementor-element elementor-element-d72edd8 elementor-widget elementor-widget-heading\" data-id=\"d72edd8\" data-element_type=\"widget\" data-widget_type=\"heading.default\">\n\t\t\t\t<div class=\"elementor-widget-container\">\n\t\t\t\t\t<h3 class=\"elementor-heading-title elementor-size-default\">Transpar\u00eancia <\/h3>\t\t\t\t<\/div>\n\t\t\t\t<\/div>\n\t\t\t\t<div class=\"elementor-element elementor-element-c523382 elementor-widget elementor-widget-text-editor\" data-id=\"c523382\" data-element_type=\"widget\" data-widget_type=\"text-editor.default\">\n\t\t\t\t<div class=\"elementor-widget-container\">\n\t\t\t\t\t\t\t\t\t<p>O nosso site \u00e9 administrado pelo <a href=\"https:\/\/nucleodigital.io\" target=\"_blank\" rel=\"noopener\">N\u00facleo Digital Web Agency<\/a>.<br><span style=\"color: var( --e-global-color-text ); font-family: var( --e-global-typography-text-font-family ), Sans-serif; font-weight: var( --e-global-typography-text-font-weight ); text-align: var(--text-align);\"><br>Os nossos servidores est\u00e3o localizados em Portugal.<br><\/span><span style=\"color: var( --e-global-color-text ); font-family: var( --e-global-typography-text-font-family ), Sans-serif; font-weight: var( --e-global-typography-text-font-weight ); text-align: var(--text-align);\"><br>Temos 2 motivos diferentes para tratar os seus dados:<\/span><\/p>\n<ol>\n<li>Para lhe fornecer o servi\u00e7o deste site, caso seja feita a recolha do seu nome completo, n\u00famero de telefone e endere\u00e7o de email. O per\u00edodo de reten\u00e7\u00e3o desses dados \u00e9 de 10 anos ap\u00f3s deixar de ser uma pessoa de contato; <\/li>\n<li>Tamb\u00e9m realizamos an\u00e1lises de desempenho anal\u00edticas e estat\u00edsticas com base na tecnologia do Google Analytics. Para isso, n\u00e3o recolhemos os seus dados pessoais, mas sim utilizamos valores agregados de estat\u00edsticas sobre p\u00e1ginas favoritas, dispositivos, resolu\u00e7\u00e3o, localiza\u00e7\u00e3o, tempo gasto e outras m\u00e9tricas que n\u00e3o est\u00e3o vinculadas a si como visitante. <br><br><\/li>\n<\/ol>\n<p><b>Para recolher os seus dados usamos cookies ou arquivos no caso de solicita\u00e7\u00e3o de contato.<br><\/b><span style=\"color: var( --e-global-color-text ); font-family: var( --e-global-typography-text-font-family ), Sans-serif; text-align: var(--text-align);\"><b><br><\/b><span style=\"font-weight: var( --e-global-typography-text-font-weight );\">Todas as solicita\u00e7\u00f5es de contato cobrem as informa\u00e7\u00f5es descritas no ponto 1 acima, e s\u00e3o mantidas por 10 anos ap\u00f3s nos informar que n\u00e3o deseja mais ser considerado um contato.<br><\/span><\/span><span style=\"color: var( --e-global-color-text ); font-family: var( --e-global-typography-text-font-family ), Sans-serif; font-weight: var( --e-global-typography-text-font-weight ); text-align: var(--text-align);\"><br>Para isso, utilizamos uma folha de c\u00e1lculo do Google e os seus dados de contato ser\u00e3o transferidos para o seu arquivo num dos nossos afiliados, caso se torne um paciente.<br><\/span><span style=\"color: var( --e-global-color-text ); font-family: var( --e-global-typography-text-font-family ), Sans-serif; font-weight: var( --e-global-typography-text-font-weight ); text-align: var(--text-align);\"><br>Para isso, envie-nos um e-mail e a nossa equipa ir\u00e1 apag\u00e1-lo do arquivo.<\/span><\/p>\t\t\t\t\t\t\t\t<\/div>\n\t\t\t\t<\/div>\n\t\t\t\t<\/div>\n\t\t<div class=\"elementor-element elementor-element-21eb3c4 e-con-full e-flex e-con e-child\" data-id=\"21eb3c4\" data-element_type=\"container\">\n\t\t\t\t<div class=\"elementor-element elementor-element-9248bd1 elementor-widget elementor-widget-heading\" data-id=\"9248bd1\" data-element_type=\"widget\" data-widget_type=\"heading.default\">\n\t\t\t\t<div class=\"elementor-widget-container\">\n\t\t\t\t\t<h3 class=\"elementor-heading-title elementor-size-default\">Em Rela\u00e7\u00e3o aos Cookies <\/h3>\t\t\t\t<\/div>\n\t\t\t\t<\/div>\n\t\t\t\t<div class=\"elementor-element elementor-element-f7fcbd5 elementor-widget elementor-widget-text-editor\" data-id=\"f7fcbd5\" data-element_type=\"widget\" data-widget_type=\"text-editor.default\">\n\t\t\t\t<div class=\"elementor-widget-container\">\n\t\t\t\t\t\t\t\t\t<p><b>O que \u00e9 um cookie?<br \/><\/b><span style=\"color: var( --e-global-color-text ); font-family: var( --e-global-typography-text-font-family ), Sans-serif; text-align: var(--text-align);\"><b><br \/><\/b><span style=\"font-weight: var( --e-global-typography-text-font-weight );\">Um pequeno arquivo que fica armazenado no seu dispositivo permitindo o acesso aos dados e permitindo que seja lembrado (incluindo prefer\u00eancias como nome, telefone, email e configura\u00e7\u00f5es).<\/span><br \/><\/span><span style=\"color: var( --e-global-color-text ); font-family: var( --e-global-typography-text-font-family ), Sans-serif; text-align: var(--text-align);\"><br \/><b>Que tipo de cookies utilizamos?<br \/><\/b><\/span><span style=\"color: var( --e-global-color-text ); font-family: var( --e-global-typography-text-font-family ), Sans-serif; text-align: var(--text-align);\"><b><br \/><\/b><span style=\"font-weight: var( --e-global-typography-text-font-weight );\">Usamos cookies funcionais que se limitam \u00e0 sess\u00e3o.<br \/><\/span><\/span><span style=\"color: var( --e-global-color-text ); font-family: var( --e-global-typography-text-font-family ), Sans-serif; font-weight: var( --e-global-typography-text-font-weight ); text-align: var(--text-align);\"><br \/>Usamos cookies estat\u00edsticos para recolher as informa\u00e7\u00f5es indicadas no ponto 2 acima.<br \/><\/span><span style=\"color: var( --e-global-color-text ); font-family: var( --e-global-typography-text-font-family ), Sans-serif; text-align: var(--text-align);\"><br \/><span style=\"font-weight: var( --e-global-typography-text-font-weight );\">Tamb\u00e9m usamos cookies de experi\u00eancia, para registar suas prefer\u00eancias e configura\u00e7\u00f5es garantindo que, ao visitar-nos, ainda tenha acesso \u00e0s mesmas prefer\u00eancias definidas na sua visita anterior, se utilizar o mesmo dispositivo.<\/span><br \/><\/span><span style=\"color: var( --e-global-color-text ); font-family: var( --e-global-typography-text-font-family ), Sans-serif; text-align: var(--text-align);\"><br \/><b>Cookies de terceiros<br \/><\/b><\/span><span style=\"color: var( --e-global-color-text ); font-family: var( --e-global-typography-text-font-family ), Sans-serif; text-align: var(--text-align);\"><b><br \/><\/b><span style=\"font-weight: var( --e-global-typography-text-font-weight );\">Usamos o Google Analytics com dados n\u00e3o pessoais, mas apenas limitados \u00e0s estat\u00edsticas mencionadas aqui.<br \/><\/span><\/span><span style=\"color: var( --e-global-color-text ); font-family: var( --e-global-typography-text-font-family ), Sans-serif; font-weight: var( --e-global-typography-text-font-weight ); text-align: var(--text-align);\"><br \/>Al\u00e9m disso, o seu navegador pode desenvolver e usar cookies espec\u00edficos.<br \/><\/span><span style=\"color: var( --e-global-color-text ); font-family: var( --e-global-typography-text-font-family ), Sans-serif; text-align: var(--text-align);\"><br \/><span style=\"font-weight: var( --e-global-typography-text-font-weight );\">Se aceder redes sociais como Facebook, Instagram ou outros links externos, a sua navega\u00e7\u00e3o, recolha de dados e uso de dados ser\u00e3o anexados \u00e0s suas pol\u00edticas e procedimentos e, portanto, fora do controlo do Bouche Dental Group ou de qualquer afiliado.<\/span><br \/><\/span><span style=\"color: var( --e-global-color-text ); font-family: var( --e-global-typography-text-font-family ), Sans-serif; text-align: var(--text-align);\"><br \/><b>Transfer\u00eancia de dados<br \/><\/b><\/span><span style=\"color: var( --e-global-color-text ); font-family: var( --e-global-typography-text-font-family ), Sans-serif; text-align: var(--text-align);\"><b><br \/><\/b><span style=\"font-weight: var( --e-global-typography-text-font-weight );\">Em geral, n\u00e3o transferimos dados recebidos atrav\u00e9s do site, no entanto, os pacientes dos nossos afiliados ver\u00e3o alguns dados transferidos para os afiliados, previdenci\u00e1rias, equipes cont\u00e1beis que prestam servi\u00e7os \u00e0s afiliadas e as seguradoras de utilizadores solicitando reembolso por servi\u00e7os prestados por qualquer afiliado.<br \/><\/span><\/span><span style=\"color: var( --e-global-color-text ); font-family: var( --e-global-typography-text-font-family ), Sans-serif; text-align: var(--text-align);\"><br \/><span style=\"font-weight: var( --e-global-typography-text-font-weight );\">Em todos os casos, os dados permanecem no Espa\u00e7o Econ\u00f3mico Europeu, com exce\u00e7\u00e3o das instru\u00e7\u00f5es para um utilizador ou paciente que envolvem a Bouche Dental Group dos seuss afiliados.<\/span><br \/><\/span><span style=\"color: var( --e-global-color-text ); font-family: var( --e-global-typography-text-font-family ), Sans-serif; text-align: var(--text-align);\"><br \/><b>Categorias espec\u00edficas de dados<br \/><\/b><\/span><span style=\"color: var( --e-global-color-text ); font-family: var( --e-global-typography-text-font-family ), Sans-serif; text-align: var(--text-align);\"><b><br \/><\/b><span style=\"font-weight: var( --e-global-typography-text-font-weight );\">A Bouche Dental Group n\u00e3o recolhe nem processa este tipo de dados, principalmente no seu website. No entanto, entidades afiliadas, como m\u00e9dicos, podem processar os seus dados pessoais ap\u00f3s uma consulta organizada peloaBouche Dental Group e, em seguida, entrar na categoria de paciente. Em caso de d\u00favida, entre em contato com  &nbsp;<\/span><\/span><a href=\"mailto:info@bouchedentalgroup.lu\" style=\"font-family: var( --e-global-typography-text-font-family ), Sans-serif; font-weight: var( --e-global-typography-text-font-weight ); text-align: var(--text-align); background-color: rgb(255, 255, 255);\">info@bouchedentalgroup.lu<\/a><\/p>\n\t\t\t\t\t\t\t\t<\/div>\n\t\t\t\t<\/div>\n\t\t\t\t<\/div>\n\t\t\t\t<\/div>\n\t\t\t\t\t<\/div>\n\t\t\t\t<\/div>\n\t\t\t\t<\/div>\n\t\t","protected":false},"excerpt":{"rendered":"<p>Pol\u00edtica de Privacidade Esta prote\u00e7\u00e3o de dados e declara\u00e7\u00e3o de cookies aplicam-se ao Grupo Bouche Dental e suas entidades afiliadas. Bouche Dental Group Sarl, uma sociedade de responsabilidade limitada com sede em Luxemburgo registada e organizada sob a lei de Luxemburgo com o n\u00famero RCS B244700 com escrit\u00f3rios registados em 85 Route d\u2019Arlon L-8009 Strassen [&hellip;]<\/p>\n","protected":false},"author":1,"featured_media":0,"parent":0,"menu_order":0,"comment_status":"closed","ping_status":"open","template":"elementor_header_footer","meta":{"footnotes":""},"class_list":["post-6402","page","type-page","status-publish","hentry"],"_links":{"self":[{"href":"https:\/\/bouchedentalgroup.lu\/pt-pt\/wp-json\/wp\/v2\/pages\/6402","targetHints":{"allow":["GET"]}}],"collection":[{"href":"https:\/\/bouchedentalgroup.lu\/pt-pt\/wp-json\/wp\/v2\/pages"}],"about":[{"href":"https:\/\/bouchedentalgroup.lu\/pt-pt\/wp-json\/wp\/v2\/types\/page"}],"author":[{"embeddable":true,"href":"https:\/\/bouchedentalgroup.lu\/pt-pt\/wp-json\/wp\/v2\/users\/1"}],"replies":[{"embeddable":true,"href":"https:\/\/bouchedentalgroup.lu\/pt-pt\/wp-json\/wp\/v2\/comments?post=6402"}],"version-history":[{"count":5,"href":"https:\/\/bouchedentalgroup.lu\/pt-pt\/wp-json\/wp\/v2\/pages\/6402\/revisions"}],"predecessor-version":[{"id":12176,"href":"https:\/\/bouchedentalgroup.lu\/pt-pt\/wp-json\/wp\/v2\/pages\/6402\/revisions\/12176"}],"wp:attachment":[{"href":"https:\/\/bouchedentalgroup.lu\/pt-pt\/wp-json\/wp\/v2\/media?parent=6402"}],"curies":[{"name":"wp","href":"https:\/\/api.w.org\/{rel}","templated":true}]}}