{"id":7438,"date":"2024-10-14T19:45:41","date_gmt":"2024-10-14T19:45:41","guid":{"rendered":"https:\/\/bouchedentalgroup.lu\/politica-de-cookies\/"},"modified":"2025-06-13T08:34:37","modified_gmt":"2025-06-13T08:34:37","slug":"politica-de-cookies-bouche-dental-group","status":"publish","type":"page","link":"https:\/\/bouchedentalgroup.lu\/pt-pt\/politica-de-cookies-bouche-dental-group\/","title":{"rendered":"Pol\u00edtica de Cookies"},"content":{"rendered":"\t\t<div data-elementor-type=\"wp-page\" data-elementor-id=\"7438\" class=\"elementor elementor-7438 elementor-7435\" data-elementor-post-type=\"page\">\n\t\t\t\t<div class=\"elementor-element elementor-element-3534eff e-flex e-con-boxed e-con e-parent\" data-id=\"3534eff\" data-element_type=\"container\">\n\t\t\t\t\t<div class=\"e-con-inner\">\n\t\t\t\t<div class=\"elementor-element elementor-element-7a93c00 elementor-widget elementor-widget-heading\" data-id=\"7a93c00\" data-element_type=\"widget\" data-widget_type=\"heading.default\">\n\t\t\t\t<div class=\"elementor-widget-container\">\n\t\t\t\t\t<h2 class=\"elementor-heading-title elementor-size-default\">Pol\u00edtica de Cookies<\/h2>\t\t\t\t<\/div>\n\t\t\t\t<\/div>\n\t\t\t\t<div class=\"elementor-element elementor-element-d913033 elementor-widget__width-initial elementor-widget-divider--view-line elementor-widget elementor-widget-divider\" data-id=\"d913033\" data-element_type=\"widget\" data-widget_type=\"divider.default\">\n\t\t\t\t<div class=\"elementor-widget-container\">\n\t\t\t\t\t\t\t<div class=\"elementor-divider\">\n\t\t\t<span class=\"elementor-divider-separator\">\n\t\t\t\t\t\t<\/span>\n\t\t<\/div>\n\t\t\t\t\t\t<\/div>\n\t\t\t\t<\/div>\n\t\t\t\t\t<\/div>\n\t\t\t\t<\/div>\n\t\t<div class=\"elementor-element elementor-element-774cadc8 e-flex e-con-boxed e-con e-parent\" data-id=\"774cadc8\" data-element_type=\"container\">\n\t\t\t\t\t<div class=\"e-con-inner\">\n\t\t\t\t<div class=\"elementor-element elementor-element-5da48d59 elementor-widget elementor-widget-text-editor\" data-id=\"5da48d59\" data-element_type=\"widget\" data-widget_type=\"text-editor.default\">\n\t\t\t\t<div class=\"elementor-widget-container\">\n\t\t\t\t\t\t\t\t\t\n<p><strong>Bouche Dental Group <\/strong>utiliza cookies e tecnologias semelhantes em seu website para melhorar a experi\u00eancia do usu\u00e1rio, analisar o tr\u00e1fego e personalizar o conte\u00fado oferecido. Esta Pol\u00edtica de Cookies explica o que s\u00e3o cookies, como os utilizamos, e como voc\u00ea pode gerenci\u00e1-los. <\/p>\n\n\n\n<h4 class=\"wp-block-heading\"><strong>O que s\u00e3o cookies?<\/strong><\/h4>\n\n\n\n<p>Cookies s\u00e3o pequenos arquivos de texto armazenados no seu dispositivo (computador, tablet, smartphone) quando voc\u00ea visita um site. Eles ajudam a melhorar a experi\u00eancia do usu\u00e1rio, facilitando a navega\u00e7\u00e3o e fornecendo informa\u00e7\u00f5es ao propriet\u00e1rio do site. <\/p>\n\n\n\n<h4 class=\"wp-block-heading\"><strong>Tipos de cookies que utilizamos<\/strong><\/h4>\n\n\n\n<ol class=\"wp-block-list\">\n<li><strong>Cookies estritamente necess\u00e1rios:<\/strong> Esses cookies s\u00e3o essenciais para que o site funcione corretamente. Eles permitem funcionalidades como login seguro, adi\u00e7\u00e3o de itens ao carrinho de compras e prote\u00e7\u00e3o contra amea\u00e7as \u00e0 seguran\u00e7a. <\/li>\n\n\n\n<li><strong>Cookies de desempenho: <\/strong>Esses cookies coletam informa\u00e7\u00f5es sobre como os visitantes usam nosso site, como p\u00e1ginas visitadas com mais frequ\u00eancia e mensagens de erro. Essas informa\u00e7\u00f5es s\u00e3o an\u00f4nimas e ajudam a melhorar o funcionamento do site. <\/li>\n\n\n\n<li><strong>Cookies de funcionalidade:<\/strong> Esses cookies permitem que o site lembre escolhas que voc\u00ea faz (como seu idioma preferido ou a regi\u00e3o em que est\u00e1) e forne\u00e7a funcionalidades mais personalizadas.<\/li>\n\n\n\n<li><strong>Cookies de marketing e publicidade: <\/strong>Utilizamos esses cookies para exibir an\u00fancios que sejam mais relevantes para voc\u00ea. Eles tamb\u00e9m ajudam a limitar o n\u00famero de vezes que voc\u00ea v\u00ea um an\u00fancio e medir a efic\u00e1cia das campanhas publicit\u00e1rias. <\/li>\n<\/ol>\n\n\n\n<h4 class=\"wp-block-heading\"><strong>Como gerenciar cookies?<\/strong><\/h4>\n\n\n\n<p>A maioria dos navegadores permite que voc\u00ea controle os cookies por meio das configura\u00e7\u00f5es. No entanto, desativar os cookies pode afetar sua experi\u00eancia de navega\u00e7\u00e3o, impedindo o uso de certas funcionalidades do site. <\/p>\n\n\n\n<ul class=\"wp-block-list\">\n<li><strong>Google Chrome<\/strong>: <a href=\"https:\/\/chatgpt.com\/c\/670d70bf-9a68-800e-b531-71e321a6e562#:~:text=Manage%20cookies%20in%20Chrome\" target=\"_blank\" rel=\"noopener\">Gerenciar cookies no Chrome<\/a><\/li>\n\n\n\n<li><strong>Mozilla Firefox<\/strong>:<a href=\"https:\/\/support.mozilla.org\/en-US\/kb\/enable-and-disable-cookies-website-preferences\" target=\"_blank\" rel=\"noopener\"> Manage cookies in Firefox<\/a><\/li>\n\n\n\n<li><strong>Microsoft Edge<\/strong>: <a href=\"https:\/\/support.microsoft.com\/en-us\/help\/4027947\/microsoft-edge-delete-cookies\" target=\"_blank\" rel=\"noopener\">Gerenciar cookies no Edge<\/a><\/li>\n<\/ul>\n\n\n\n<h4 class=\"wp-block-heading\"><strong>Altera\u00e7\u00f5es nesta Pol\u00edtica de Cookies<\/strong><\/h4>\n\n\n\n<p>Podemos atualizar esta Pol\u00edtica de Cookies periodicamente. Qualquer altera\u00e7\u00e3o ser\u00e1 publicada nesta p\u00e1gina com a data de revis\u00e3o atualizada. <\/p>\n\n\n\n<h4 class=\"wp-block-heading\"><strong>Contato<\/strong><\/h4>\n\n\n\n<p>Se tiver alguma d\u00favida sobre a nossa Pol\u00edtica de Cookies, entre em contato conosco atrav\u00e9s do seguinte endere\u00e7o:<br><strong>Email:<\/strong> info@bouchedentalgroup.lu<br><strong>Phone:<\/strong> +352 24 51 32 25<\/p>\n\t\t\t\t\t\t\t\t<\/div>\n\t\t\t\t<\/div>\n\t\t\t\t\t<\/div>\n\t\t\t\t<\/div>\n\t\t\t\t<\/div>\n\t\t","protected":false},"excerpt":{"rendered":"<p>Bouche Dental Group utiliza cookies e tecnologias semelhantes em seu website para melhorar a experi\u00eancia do usu\u00e1rio, analisar o tr\u00e1fego e personalizar o conte\u00fado oferecido. Esta Pol\u00edtica de Cookies explica o que s\u00e3o cookies, como os utilizamos, e como voc\u00ea pode gerenci\u00e1-los. O que s\u00e3o cookies? Cookies s\u00e3o pequenos arquivos de texto armazenados no seu [&hellip;]<\/p>\n","protected":false},"author":1,"featured_media":0,"parent":0,"menu_order":0,"comment_status":"closed","ping_status":"closed","template":"elementor_header_footer","meta":{"footnotes":""},"class_list":["post-7438","page","type-page","status-publish","hentry"],"_links":{"self":[{"href":"https:\/\/bouchedentalgroup.lu\/pt-pt\/wp-json\/wp\/v2\/pages\/7438","targetHints":{"allow":["GET"]}}],"collection":[{"href":"https:\/\/bouchedentalgroup.lu\/pt-pt\/wp-json\/wp\/v2\/pages"}],"about":[{"href":"https:\/\/bouchedentalgroup.lu\/pt-pt\/wp-json\/wp\/v2\/types\/page"}],"author":[{"embeddable":true,"href":"https:\/\/bouchedentalgroup.lu\/pt-pt\/wp-json\/wp\/v2\/users\/1"}],"replies":[{"embeddable":true,"href":"https:\/\/bouchedentalgroup.lu\/pt-pt\/wp-json\/wp\/v2\/comments?post=7438"}],"version-history":[{"count":5,"href":"https:\/\/bouchedentalgroup.lu\/pt-pt\/wp-json\/wp\/v2\/pages\/7438\/revisions"}],"predecessor-version":[{"id":12084,"href":"https:\/\/bouchedentalgroup.lu\/pt-pt\/wp-json\/wp\/v2\/pages\/7438\/revisions\/12084"}],"wp:attachment":[{"href":"https:\/\/bouchedentalgroup.lu\/pt-pt\/wp-json\/wp\/v2\/media?parent=7438"}],"curies":[{"name":"wp","href":"https:\/\/api.w.org\/{rel}","templated":true}]}}